{"id":1004,"date":"2023-08-14T13:01:15","date_gmt":"2023-08-14T18:01:15","guid":{"rendered":"https:\/\/dev.encuentrometalurgia.com\/?page_id=1004"},"modified":"2024-06-06T13:27:41","modified_gmt":"2024-06-06T18:27:41","slug":"curso-previo-conminucion-2024","status":"publish","type":"page","link":"https:\/\/encuentrometalurgia.com\/en\/conminucion-2024\/curso-previo-conminucion-2024\/","title":{"rendered":"Curso Previo CONMINUCION 2024"},"content":{"rendered":"<div data-elementor-type=\"wp-page\" data-elementor-id=\"1004\" class=\"elementor elementor-1004\" data-elementor-post-type=\"page\">\n\t\t\t\t\t\t<section class=\"has_eae_slider elementor-section elementor-top-section elementor-element elementor-element-8947c35 elementor-section-boxed elementor-section-height-default elementor-section-height-default\" data-eae-slider=\"20280\" data-id=\"8947c35\" data-element_type=\"section\" data-e-type=\"section\" data-settings=\"{&quot;background_background&quot;:&quot;classic&quot;}\">\n\t\t\t\t\t\t<div class=\"elementor-container elementor-column-gap-default\">\n\t\t\t\t\t<div class=\"has_eae_slider elementor-column elementor-col-100 elementor-top-column elementor-element elementor-element-4d52c63\" data-eae-slider=\"23614\" data-id=\"4d52c63\" data-element_type=\"column\" data-e-type=\"column\">\n\t\t\t<div class=\"elementor-widget-wrap elementor-element-populated\">\n\t\t\t\t\t\t<div class=\"elementor-element elementor-element-c7c0ec0 elementor-widget elementor-widget-heading\" data-id=\"c7c0ec0\" data-element_type=\"widget\" data-e-type=\"widget\" data-widget_type=\"heading.default\">\n\t\t\t\t\t<h2 class=\"elementor-heading-title elementor-size-default\">PRE-COURSE : MINE TO MILL 2022 : ADVANCED OPTIMIZATION WORKSHOP<\/h2>\t\t\t\t<\/div>\n\t\t\t\t<div class=\"elementor-element elementor-element-8de8a80 elementor-widget elementor-widget-text-editor\" data-id=\"8de8a80\" data-element_type=\"widget\" data-e-type=\"widget\" data-widget_type=\"text-editor.default\">\n\t\t\t\t\t\t\t\t\tHome \/ <span style=\"color: #e7ff61;\">Previous Course : MINE TO MILL 2022 : Advanced Optimization Workshop<\/span>\t\t\t\t\t\t\t\t<\/div>\n\t\t\t\t\t<\/div>\n\t\t<\/div>\n\t\t\t\t\t<\/div>\n\t\t<\/section>\n\t\t\t\t<section class=\"has_eae_slider elementor-section elementor-top-section elementor-element elementor-element-e05093c elementor-section-boxed elementor-section-height-default elementor-section-height-default\" data-eae-slider=\"70133\" data-id=\"e05093c\" data-element_type=\"section\" data-e-type=\"section\">\n\t\t\t\t\t\t<div class=\"elementor-container elementor-column-gap-default\">\n\t\t\t\t\t<div class=\"has_eae_slider elementor-column elementor-col-50 elementor-top-column elementor-element elementor-element-fe0c3b2\" data-eae-slider=\"89819\" data-id=\"fe0c3b2\" data-element_type=\"column\" data-e-type=\"column\">\n\t\t\t<div class=\"elementor-widget-wrap elementor-element-populated\">\n\t\t\t\t\t\t<div class=\"elementor-element elementor-element-75d9220 elementor-widget elementor-widget-image\" data-id=\"75d9220\" data-element_type=\"widget\" data-e-type=\"widget\" data-widget_type=\"image.default\">\n\t\t\t\t\t\t\t\t\t\t\t\t\t\t\t<img fetchpriority=\"high\" decoding=\"async\" width=\"800\" height=\"369\" src=\"https:\/\/encuentrometalurgia.com\/wp-content\/uploads\/2023\/08\/MineToMill-1024x472.jpg\" class=\"attachment-large size-large wp-image-1007\" alt=\"MineToMill\" srcset=\"https:\/\/encuentrometalurgia.com\/wp-content\/uploads\/2023\/08\/MineToMill-1024x472.jpg 1024w, https:\/\/encuentrometalurgia.com\/wp-content\/uploads\/2023\/08\/MineToMill-300x138.jpg 300w, https:\/\/encuentrometalurgia.com\/wp-content\/uploads\/2023\/08\/MineToMill-768x354.jpg 768w, https:\/\/encuentrometalurgia.com\/wp-content\/uploads\/2023\/08\/MineToMill-1536x707.jpg 1536w, https:\/\/encuentrometalurgia.com\/wp-content\/uploads\/2023\/08\/MineToMill.jpg 2000w\" sizes=\"(max-width: 800px) 100vw, 800px\" \/>\t\t\t\t\t\t\t\t\t\t\t\t\t\t\t<\/div>\n\t\t\t\t<div class=\"elementor-element elementor-element-5678f3d inscripciones-text elementor-widget elementor-widget-text-editor\" data-id=\"5678f3d\" data-element_type=\"widget\" data-e-type=\"widget\" data-widget_type=\"text-editor.default\">\n\t\t\t\t\t\t\t\t\t<p>In most metal mining operations, the in-situ ore is separated from the waste rock and undergoes a series of fracturing and separation processes in order to recover the valuable material from the tailings. Profitability in this industry depends on how efficiently the in-situ rock is transformed into the final valuable product.<\/p><p>\u00a0<\/p><p>Although the fracturing and separation processes carried out at the mine and plant are interdependent, traditionally, the mining and milling processes are managed and optimized as separate cost centers without much consideration of the impact of one process on the other. In the late 1990s, a group of researchers at the University of Queensland proposed a concept commonly known as \"Mine to Mill Optimization\" and demonstrated that all processes in the Mine to Mill value chain are interdependent and that blast fragmentation (or granulometry) plays a critical role in downstream processes, especially in downstream AG\/SAG mills. During the initial stages, the main focus was on obtaining finer fragmentation from blasting, so that fine particles can increase SAG\/AG mill throughput where there is sufficient capacity in the ball mills. However, the first generation Mine to Mill strategy has the following limitations:<\/p>\t\t\t\t\t\t\t\t<\/div>\n\t\t\t\t\t<\/div>\n\t\t<\/div>\n\t\t\t\t<div class=\"has_eae_slider elementor-column elementor-col-50 elementor-top-column elementor-element elementor-element-e7b5556\" data-eae-slider=\"58225\" data-id=\"e7b5556\" data-element_type=\"column\" data-e-type=\"column\">\n\t\t\t<div class=\"elementor-widget-wrap elementor-element-populated\">\n\t\t\t\t\t\t<section class=\"has_eae_slider elementor-section elementor-inner-section elementor-element elementor-element-34617ba elementor-section-boxed elementor-section-height-default elementor-section-height-default\" data-eae-slider=\"86340\" data-id=\"34617ba\" data-element_type=\"section\" data-e-type=\"section\">\n\t\t\t\t\t\t<div class=\"elementor-container elementor-column-gap-default\">\n\t\t\t\t\t<div class=\"has_eae_slider elementor-column elementor-col-100 elementor-inner-column elementor-element elementor-element-2bb59ff\" data-eae-slider=\"23897\" data-id=\"2bb59ff\" data-element_type=\"column\" data-e-type=\"column\">\n\t\t\t<div class=\"elementor-widget-wrap elementor-element-populated\">\n\t\t\t\t\t\t<div class=\"elementor-element elementor-element-e37900a elementor-widget elementor-widget-heading\" data-id=\"e37900a\" data-element_type=\"widget\" data-e-type=\"widget\" data-widget_type=\"heading.default\">\n\t\t\t\t\t<h2 class=\"elementor-heading-title elementor-size-default\">INVESTMENT : <span style=\"font-size: 24px\"> USD <span>\n<\/span><\/span><\/h2>\t\t\t\t<\/div>\n\t\t\t\t<div class=\"elementor-element elementor-element-7f8abcc elementor-align-justify elementor-widget elementor-widget-button\" data-id=\"7f8abcc\" data-element_type=\"widget\" data-e-type=\"widget\" data-widget_type=\"button.default\">\n\t\t\t\t\t\t\t\t\t\t<a class=\"elementor-button elementor-button-link elementor-size-sm\" href=\"#\">\n\t\t\t\t\t\t<span class=\"elementor-button-content-wrapper\">\n\t\t\t\t\t\t\t\t\t<span class=\"elementor-button-text\">PAY NOW !<\/span>\n\t\t\t\t\t<\/span>\n\t\t\t\t\t<\/a>\n\t\t\t\t\t\t\t\t<\/div>\n\t\t\t\t<div class=\"elementor-element elementor-element-b46ea9f elementor-widget-divider--view-line elementor-widget elementor-widget-divider\" data-id=\"b46ea9f\" data-element_type=\"widget\" data-e-type=\"widget\" data-widget_type=\"divider.default\">\n\t\t\t\t\t\t\t<div class=\"elementor-divider\">\n\t\t\t<span class=\"elementor-divider-separator\">\n\t\t\t\t\t\t<\/span>\n\t\t<\/div>\n\t\t\t\t\t\t<\/div>\n\t\t\t\t<div class=\"elementor-element elementor-element-7237591 elementor-align-justify elementor-widget elementor-widget-button\" data-id=\"7237591\" data-element_type=\"widget\" data-e-type=\"widget\" data-widget_type=\"button.default\">\n\t\t\t\t\t\t\t\t\t\t<a class=\"elementor-button elementor-button-link elementor-size-sm\" href=\"#\">\n\t\t\t\t\t\t<span class=\"elementor-button-content-wrapper\">\n\t\t\t\t\t\t\t\t\t<span class=\"elementor-button-text\">ONLINE REGISTRATION<\/span>\n\t\t\t\t\t<\/span>\n\t\t\t\t\t<\/a>\n\t\t\t\t\t\t\t\t<\/div>\n\t\t\t\t<div class=\"elementor-element elementor-element-7a6c031 elementor-align-justify elementor-widget elementor-widget-button\" data-id=\"7a6c031\" data-element_type=\"widget\" data-e-type=\"widget\" data-widget_type=\"button.default\">\n\t\t\t\t\t\t\t\t\t\t<a class=\"elementor-button elementor-button-link elementor-size-sm\" href=\"#\">\n\t\t\t\t\t\t<span class=\"elementor-button-content-wrapper\">\n\t\t\t\t\t\t\t\t\t<span class=\"elementor-button-text\">DOWNLOAD REGISTRATION FORM<\/span>\n\t\t\t\t\t<\/span>\n\t\t\t\t\t<\/a>\n\t\t\t\t\t\t\t\t<\/div>\n\t\t\t\t\t<\/div>\n\t\t<\/div>\n\t\t\t\t\t<\/div>\n\t\t<\/section>\n\t\t\t\t\t<\/div>\n\t\t<\/div>\n\t\t\t\t\t<\/div>\n\t\t<\/section>\n\t\t\t\t<\/div>","protected":false},"excerpt":{"rendered":"<p>CURSO PREVIO : MINE TO MILL 2022 : TALLER DE OPTIMIZACI\u00d3N AVANZADA Inico \/ Curso Previo : MINE TO MILL 2022 : Taller de Optimizaci\u00f3n Avanzada En la mayor\u00eda de las operaciones mineras de metales, el mineral in situ se separa de la roca est\u00e9ril y es sometido a una serie de procesos de fracturaci\u00f3n [&hellip;]<\/p>\n","protected":false},"author":2,"featured_media":0,"parent":965,"menu_order":0,"comment_status":"closed","ping_status":"closed","template":"","meta":{"footnotes":""},"class_list":["post-1004","page","type-page","status-publish","hentry"],"yoast_head":"<!-- This site is optimized with the Yoast SEO plugin v27.6 - https:\/\/yoast.com\/product\/yoast-seo-wordpress\/ -->\n<title>Curso Previo CONMINUCION 2024 - EncuentroMetalurgia<\/title>\n<meta name=\"robots\" content=\"index, follow, max-snippet:-1, max-image-preview:large, max-video-preview:-1\" \/>\n<link rel=\"canonical\" href=\"https:\/\/encuentrometalurgia.com\/en\/conminucion-2024\/curso-previo-conminucion-2024\/\" \/>\n<meta property=\"og:locale\" content=\"en_US\" \/>\n<meta property=\"og:type\" content=\"article\" \/>\n<meta property=\"og:title\" content=\"Curso Previo CONMINUCION 2024 - EncuentroMetalurgia\" \/>\n<meta property=\"og:description\" content=\"CURSO PREVIO : MINE TO MILL 2022 : TALLER DE OPTIMIZACI\u00d3N AVANZADA Inico \/ Curso Previo : MINE TO MILL 2022 : Taller de Optimizaci\u00f3n Avanzada En la mayor\u00eda de las operaciones mineras de metales, el mineral in situ se separa de la roca est\u00e9ril y es sometido a una serie de procesos de fracturaci\u00f3n [&hellip;]\" \/>\n<meta property=\"og:url\" content=\"https:\/\/encuentrometalurgia.com\/en\/conminucion-2024\/curso-previo-conminucion-2024\/\" \/>\n<meta property=\"og:site_name\" content=\"EncuentroMetalurgia\" \/>\n<meta property=\"article:publisher\" content=\"https:\/\/www.facebook.com\/InterMetPeru\/\" \/>\n<meta property=\"article:modified_time\" content=\"2024-06-06T18:27:41+00:00\" \/>\n<meta property=\"og:image\" content=\"https:\/\/dev.encuentrometalurgia.com\/wp-content\/uploads\/2023\/08\/MineToMill-1024x472.jpg\" \/>\n<meta name=\"twitter:card\" content=\"summary_large_image\" \/>\n<meta name=\"twitter:label1\" content=\"Est. reading time\" \/>\n\t<meta name=\"twitter:data1\" content=\"1 minute\" \/>\n<script type=\"application\/ld+json\" class=\"yoast-schema-graph\">{\"@context\":\"https:\\\/\\\/schema.org\",\"@graph\":[{\"@type\":\"WebPage\",\"@id\":\"https:\\\/\\\/encuentrometalurgia.com\\\/conminucion-2024\\\/curso-previo-conminucion-2024\\\/\",\"url\":\"https:\\\/\\\/encuentrometalurgia.com\\\/conminucion-2024\\\/curso-previo-conminucion-2024\\\/\",\"name\":\"Curso Previo CONMINUCION 2024 - EncuentroMetalurgia\",\"isPartOf\":{\"@id\":\"https:\\\/\\\/encuentrometalurgia.com\\\/#website\"},\"primaryImageOfPage\":{\"@id\":\"https:\\\/\\\/encuentrometalurgia.com\\\/conminucion-2024\\\/curso-previo-conminucion-2024\\\/#primaryimage\"},\"image\":{\"@id\":\"https:\\\/\\\/encuentrometalurgia.com\\\/conminucion-2024\\\/curso-previo-conminucion-2024\\\/#primaryimage\"},\"thumbnailUrl\":\"https:\\\/\\\/dev.encuentrometalurgia.com\\\/wp-content\\\/uploads\\\/2023\\\/08\\\/MineToMill-1024x472.jpg\",\"datePublished\":\"2023-08-14T18:01:15+00:00\",\"dateModified\":\"2024-06-06T18:27:41+00:00\",\"breadcrumb\":{\"@id\":\"https:\\\/\\\/encuentrometalurgia.com\\\/conminucion-2024\\\/curso-previo-conminucion-2024\\\/#breadcrumb\"},\"inLanguage\":\"en-US\",\"potentialAction\":[{\"@type\":\"ReadAction\",\"target\":[\"https:\\\/\\\/encuentrometalurgia.com\\\/conminucion-2024\\\/curso-previo-conminucion-2024\\\/\"]}]},{\"@type\":\"ImageObject\",\"inLanguage\":\"en-US\",\"@id\":\"https:\\\/\\\/encuentrometalurgia.com\\\/conminucion-2024\\\/curso-previo-conminucion-2024\\\/#primaryimage\",\"url\":\"https:\\\/\\\/dev.encuentrometalurgia.com\\\/wp-content\\\/uploads\\\/2023\\\/08\\\/MineToMill-1024x472.jpg\",\"contentUrl\":\"https:\\\/\\\/dev.encuentrometalurgia.com\\\/wp-content\\\/uploads\\\/2023\\\/08\\\/MineToMill-1024x472.jpg\"},{\"@type\":\"BreadcrumbList\",\"@id\":\"https:\\\/\\\/encuentrometalurgia.com\\\/conminucion-2024\\\/curso-previo-conminucion-2024\\\/#breadcrumb\",\"itemListElement\":[{\"@type\":\"ListItem\",\"position\":1,\"name\":\"Portada\",\"item\":\"https:\\\/\\\/encuentrometalurgia.com\\\/\"},{\"@type\":\"ListItem\",\"position\":2,\"name\":\"Conminucion 2024\",\"item\":\"https:\\\/\\\/encuentrometalurgia.com\\\/conminucion-2024\\\/\"},{\"@type\":\"ListItem\",\"position\":3,\"name\":\"Curso Previo CONMINUCION 2024\"}]},{\"@type\":\"WebSite\",\"@id\":\"https:\\\/\\\/encuentrometalurgia.com\\\/#website\",\"url\":\"https:\\\/\\\/encuentrometalurgia.com\\\/\",\"name\":\"EncuentroMetalurgia\",\"description\":\"\",\"publisher\":{\"@id\":\"https:\\\/\\\/encuentrometalurgia.com\\\/#organization\"},\"potentialAction\":[{\"@type\":\"SearchAction\",\"target\":{\"@type\":\"EntryPoint\",\"urlTemplate\":\"https:\\\/\\\/encuentrometalurgia.com\\\/?s={search_term_string}\"},\"query-input\":{\"@type\":\"PropertyValueSpecification\",\"valueRequired\":true,\"valueName\":\"search_term_string\"}}],\"inLanguage\":\"en-US\"},{\"@type\":\"Organization\",\"@id\":\"https:\\\/\\\/encuentrometalurgia.com\\\/#organization\",\"name\":\"InterMet\",\"url\":\"https:\\\/\\\/encuentrometalurgia.com\\\/\",\"logo\":{\"@type\":\"ImageObject\",\"inLanguage\":\"en-US\",\"@id\":\"https:\\\/\\\/encuentrometalurgia.com\\\/#\\\/schema\\\/logo\\\/image\\\/\",\"url\":\"https:\\\/\\\/encuentrometalurgia.com\\\/wp-content\\\/uploads\\\/2023\\\/07\\\/INTERMET-LOGO-BLANCO.png\",\"contentUrl\":\"https:\\\/\\\/encuentrometalurgia.com\\\/wp-content\\\/uploads\\\/2023\\\/07\\\/INTERMET-LOGO-BLANCO.png\",\"width\":3508,\"height\":1188,\"caption\":\"InterMet\"},\"image\":{\"@id\":\"https:\\\/\\\/encuentrometalurgia.com\\\/#\\\/schema\\\/logo\\\/image\\\/\"},\"sameAs\":[\"https:\\\/\\\/www.facebook.com\\\/InterMetPeru\\\/\",\"https:\\\/\\\/www.youtube.com\\\/@intermetconsultoresmetalur7705\",\"https:\\\/\\\/www.linkedin.com\\\/in\\\/miningconferences\\\/?originalSubdomain=pe\"]}]}<\/script>\n<!-- \/ Yoast SEO plugin. -->","yoast_head_json":{"title":"Curso Previo CONMINUCION 2024 - EncuentroMetalurgia","robots":{"index":"index","follow":"follow","max-snippet":"max-snippet:-1","max-image-preview":"max-image-preview:large","max-video-preview":"max-video-preview:-1"},"canonical":"https:\/\/encuentrometalurgia.com\/en\/conminucion-2024\/curso-previo-conminucion-2024\/","og_locale":"en_US","og_type":"article","og_title":"Curso Previo CONMINUCION 2024 - EncuentroMetalurgia","og_description":"CURSO PREVIO : MINE TO MILL 2022 : TALLER DE OPTIMIZACI\u00d3N AVANZADA Inico \/ Curso Previo : MINE TO MILL 2022 : Taller de Optimizaci\u00f3n Avanzada En la mayor\u00eda de las operaciones mineras de metales, el mineral in situ se separa de la roca est\u00e9ril y es sometido a una serie de procesos de fracturaci\u00f3n [&hellip;]","og_url":"https:\/\/encuentrometalurgia.com\/en\/conminucion-2024\/curso-previo-conminucion-2024\/","og_site_name":"EncuentroMetalurgia","article_publisher":"https:\/\/www.facebook.com\/InterMetPeru\/","article_modified_time":"2024-06-06T18:27:41+00:00","og_image":[{"url":"https:\/\/dev.encuentrometalurgia.com\/wp-content\/uploads\/2023\/08\/MineToMill-1024x472.jpg","type":"","width":"","height":""}],"twitter_card":"summary_large_image","twitter_misc":{"Est. reading time":"1 minute"},"schema":{"@context":"https:\/\/schema.org","@graph":[{"@type":"WebPage","@id":"https:\/\/encuentrometalurgia.com\/conminucion-2024\/curso-previo-conminucion-2024\/","url":"https:\/\/encuentrometalurgia.com\/conminucion-2024\/curso-previo-conminucion-2024\/","name":"Curso Previo CONMINUCION 2024 - EncuentroMetalurgia","isPartOf":{"@id":"https:\/\/encuentrometalurgia.com\/#website"},"primaryImageOfPage":{"@id":"https:\/\/encuentrometalurgia.com\/conminucion-2024\/curso-previo-conminucion-2024\/#primaryimage"},"image":{"@id":"https:\/\/encuentrometalurgia.com\/conminucion-2024\/curso-previo-conminucion-2024\/#primaryimage"},"thumbnailUrl":"https:\/\/dev.encuentrometalurgia.com\/wp-content\/uploads\/2023\/08\/MineToMill-1024x472.jpg","datePublished":"2023-08-14T18:01:15+00:00","dateModified":"2024-06-06T18:27:41+00:00","breadcrumb":{"@id":"https:\/\/encuentrometalurgia.com\/conminucion-2024\/curso-previo-conminucion-2024\/#breadcrumb"},"inLanguage":"en-US","potentialAction":[{"@type":"ReadAction","target":["https:\/\/encuentrometalurgia.com\/conminucion-2024\/curso-previo-conminucion-2024\/"]}]},{"@type":"ImageObject","inLanguage":"en-US","@id":"https:\/\/encuentrometalurgia.com\/conminucion-2024\/curso-previo-conminucion-2024\/#primaryimage","url":"https:\/\/dev.encuentrometalurgia.com\/wp-content\/uploads\/2023\/08\/MineToMill-1024x472.jpg","contentUrl":"https:\/\/dev.encuentrometalurgia.com\/wp-content\/uploads\/2023\/08\/MineToMill-1024x472.jpg"},{"@type":"BreadcrumbList","@id":"https:\/\/encuentrometalurgia.com\/conminucion-2024\/curso-previo-conminucion-2024\/#breadcrumb","itemListElement":[{"@type":"ListItem","position":1,"name":"Portada","item":"https:\/\/encuentrometalurgia.com\/"},{"@type":"ListItem","position":2,"name":"Conminucion 2024","item":"https:\/\/encuentrometalurgia.com\/conminucion-2024\/"},{"@type":"ListItem","position":3,"name":"Curso Previo CONMINUCION 2024"}]},{"@type":"WebSite","@id":"https:\/\/encuentrometalurgia.com\/#website","url":"https:\/\/encuentrometalurgia.com\/","name":"EncuentroMetalurgia","description":"","publisher":{"@id":"https:\/\/encuentrometalurgia.com\/#organization"},"potentialAction":[{"@type":"SearchAction","target":{"@type":"EntryPoint","urlTemplate":"https:\/\/encuentrometalurgia.com\/?s={search_term_string}"},"query-input":{"@type":"PropertyValueSpecification","valueRequired":true,"valueName":"search_term_string"}}],"inLanguage":"en-US"},{"@type":"Organization","@id":"https:\/\/encuentrometalurgia.com\/#organization","name":"InterMet","url":"https:\/\/encuentrometalurgia.com\/","logo":{"@type":"ImageObject","inLanguage":"en-US","@id":"https:\/\/encuentrometalurgia.com\/#\/schema\/logo\/image\/","url":"https:\/\/encuentrometalurgia.com\/wp-content\/uploads\/2023\/07\/INTERMET-LOGO-BLANCO.png","contentUrl":"https:\/\/encuentrometalurgia.com\/wp-content\/uploads\/2023\/07\/INTERMET-LOGO-BLANCO.png","width":3508,"height":1188,"caption":"InterMet"},"image":{"@id":"https:\/\/encuentrometalurgia.com\/#\/schema\/logo\/image\/"},"sameAs":["https:\/\/www.facebook.com\/InterMetPeru\/","https:\/\/www.youtube.com\/@intermetconsultoresmetalur7705","https:\/\/www.linkedin.com\/in\/miningconferences\/?originalSubdomain=pe"]}]}},"_links":{"self":[{"href":"https:\/\/encuentrometalurgia.com\/en\/wp-json\/wp\/v2\/pages\/1004","targetHints":{"allow":["GET"]}}],"collection":[{"href":"https:\/\/encuentrometalurgia.com\/en\/wp-json\/wp\/v2\/pages"}],"about":[{"href":"https:\/\/encuentrometalurgia.com\/en\/wp-json\/wp\/v2\/types\/page"}],"author":[{"embeddable":true,"href":"https:\/\/encuentrometalurgia.com\/en\/wp-json\/wp\/v2\/users\/2"}],"replies":[{"embeddable":true,"href":"https:\/\/encuentrometalurgia.com\/en\/wp-json\/wp\/v2\/comments?post=1004"}],"version-history":[{"count":6,"href":"https:\/\/encuentrometalurgia.com\/en\/wp-json\/wp\/v2\/pages\/1004\/revisions"}],"predecessor-version":[{"id":1012,"href":"https:\/\/encuentrometalurgia.com\/en\/wp-json\/wp\/v2\/pages\/1004\/revisions\/1012"}],"up":[{"embeddable":true,"href":"https:\/\/encuentrometalurgia.com\/en\/wp-json\/wp\/v2\/pages\/965"}],"wp:attachment":[{"href":"https:\/\/encuentrometalurgia.com\/en\/wp-json\/wp\/v2\/media?parent=1004"}],"curies":[{"name":"wp","href":"https:\/\/api.w.org\/{rel}","templated":true}]}}