{"id":10839,"date":"2024-12-26T15:22:23","date_gmt":"2024-12-26T20:22:23","guid":{"rendered":"https:\/\/encuentrometalurgia.com\/?page_id=10839"},"modified":"2025-03-05T12:50:15","modified_gmt":"2025-03-05T17:50:15","slug":"conferencias-magistrales-flotacion-2025","status":"publish","type":"page","link":"https:\/\/encuentrometalurgia.com\/en\/flotacion2025\/conferencias-magistrales-flotacion-2025\/","title":{"rendered":"CONFERENCIAS MAGISTRALES FLOTACION 2025"},"content":{"rendered":"<div data-elementor-type=\"wp-page\" data-elementor-id=\"10839\" class=\"elementor elementor-10839\" data-elementor-post-type=\"page\">\n\t\t\t\t<div class=\"has_eae_slider elementor-element elementor-element-7afed7a2 e-con-full e-flex e-con e-parent\" data-eae-slider=\"73767\" data-id=\"7afed7a2\" data-element_type=\"container\" data-e-type=\"container\" data-settings=\"{&quot;background_background&quot;:&quot;classic&quot;}\">\n\t\t<div class=\"has_eae_slider elementor-element elementor-element-4c3978e6 e-con-full e-flex e-con e-child\" data-eae-slider=\"78761\" data-id=\"4c3978e6\" data-element_type=\"container\" data-e-type=\"container\">\n\t\t\t\t<div class=\"elementor-element elementor-element-59f5adf6 elementor-widget__width-initial elementor-widget elementor-widget-heading\" data-id=\"59f5adf6\" data-element_type=\"widget\" data-e-type=\"widget\" data-widget_type=\"heading.default\">\n\t\t\t\t\t<h2 class=\"elementor-heading-title elementor-size-default\">PRELIMINARY PROGRAM<\/h2>\t\t\t\t<\/div>\n\t\t\t\t<\/div>\n\t\t\t\t<\/div>\n\t\t<div class=\"has_eae_slider elementor-element elementor-element-5ea2b5d e-flex e-con-boxed e-con e-parent\" data-eae-slider=\"79372\" data-id=\"5ea2b5d\" data-element_type=\"container\" data-e-type=\"container\">\n\t\t\t\t\t<div class=\"e-con-inner\">\n\t\t\t\t\t<\/div>\n\t\t\t\t<\/div>\n\t\t<div class=\"has_eae_slider elementor-element elementor-element-6b0bf5a e-con-full e-flex e-con e-parent\" data-eae-slider=\"49195\" data-id=\"6b0bf5a\" data-element_type=\"container\" data-e-type=\"container\">\n\t\t\t\t<div class=\"elementor-element elementor-element-1cba35b elementor-widget elementor-widget-image\" data-id=\"1cba35b\" data-element_type=\"widget\" data-e-type=\"widget\" data-widget_type=\"image.default\">\n\t\t\t\t\t\t\t\t\t\t\t\t\t\t\t<img fetchpriority=\"high\" decoding=\"async\" width=\"1414\" height=\"2000\" src=\"https:\/\/encuentrometalurgia.com\/wp-content\/uploads\/2025\/03\/PROGRAMA-PRELIMINAR-2.jpg\" class=\"attachment-full size-full wp-image-13057\" alt=\"\" srcset=\"https:\/\/encuentrometalurgia.com\/wp-content\/uploads\/2025\/03\/PROGRAMA-PRELIMINAR-2.jpg 1414w, https:\/\/encuentrometalurgia.com\/wp-content\/uploads\/2025\/03\/PROGRAMA-PRELIMINAR-2-212x300.jpg 212w, https:\/\/encuentrometalurgia.com\/wp-content\/uploads\/2025\/03\/PROGRAMA-PRELIMINAR-2-724x1024.jpg 724w, https:\/\/encuentrometalurgia.com\/wp-content\/uploads\/2025\/03\/PROGRAMA-PRELIMINAR-2-768x1086.jpg 768w, https:\/\/encuentrometalurgia.com\/wp-content\/uploads\/2025\/03\/PROGRAMA-PRELIMINAR-2-1086x1536.jpg 1086w, https:\/\/encuentrometalurgia.com\/wp-content\/uploads\/2025\/03\/PROGRAMA-PRELIMINAR-2-8x12.jpg 8w\" sizes=\"(max-width: 1414px) 100vw, 1414px\" \/>\t\t\t\t\t\t\t\t\t\t\t\t\t\t\t<\/div>\n\t\t\t\t<\/div>\n\t\t<div class=\"has_eae_slider elementor-element elementor-element-4229ebe e-flex e-con-boxed e-con e-parent\" data-eae-slider=\"43694\" data-id=\"4229ebe\" data-element_type=\"container\" data-e-type=\"container\">\n\t\t\t\t\t<div class=\"e-con-inner\">\n\t\t\t\t\t<\/div>\n\t\t\t\t<\/div>\n\t\t<div class=\"has_eae_slider elementor-element elementor-element-779488c e-flex e-con-boxed e-con e-parent\" data-eae-slider=\"46514\" data-id=\"779488c\" data-element_type=\"container\" data-e-type=\"container\">\n\t\t\t\t\t<div class=\"e-con-inner\">\n\t\t<div class=\"has_eae_slider elementor-element elementor-element-ef448bd e-con-full e-flex e-con e-child\" data-eae-slider=\"62876\" data-id=\"ef448bd\" data-element_type=\"container\" data-e-type=\"container\">\n\t\t\t\t<\/div>\n\t\t<div class=\"has_eae_slider elementor-element elementor-element-1a7080a e-con-full e-flex e-con e-child\" data-eae-slider=\"53382\" data-id=\"1a7080a\" data-element_type=\"container\" data-e-type=\"container\">\n\t\t\t\t<\/div>\n\t\t\t\t\t<\/div>\n\t\t\t\t<\/div>\n\t\t\t\t<\/div>","protected":false},"excerpt":{"rendered":"<p>PRELIMINARY PROGRAM<\/p>","protected":false},"author":2,"featured_media":0,"parent":5413,"menu_order":0,"comment_status":"closed","ping_status":"closed","template":"","meta":{"footnotes":""},"class_list":["post-10839","page","type-page","status-publish","hentry"],"yoast_head":"<!-- This site is optimized with the Yoast SEO plugin v27.2 - https:\/\/yoast.com\/product\/yoast-seo-wordpress\/ -->\n<title>CONFERENCIAS MAGISTRALES FLOTACION 2025 - EncuentroMetalurgia<\/title>\n<meta name=\"description\" content=\"&quot;Flotaci\u00f3n 2023 - Contamos con el Honor de Presentar Nuestros Auspicios en Este Destacado Congreso. Descubre las \u00daltimas Tendencias y Logros en el Mundo de la Flotaci\u00f3n de la Mano de Expertos de Renombre. Conoce c\u00f3mo Nuestros Auspiciadores Contribuyen al Avance y la Innovaci\u00f3n en este Vital Proceso Minero. \u00danete a Nosotros y S\u00e9 Parte de esta Experiencia en la Vanguardia de la Tecnolog\u00eda y el Conocimiento.&quot;\" \/>\n<meta name=\"robots\" content=\"index, follow, max-snippet:-1, max-image-preview:large, max-video-preview:-1\" \/>\n<link rel=\"canonical\" href=\"https:\/\/encuentrometalurgia.com\/en\/flotacion2025\/conferencias-magistrales-flotacion-2025\/\" \/>\n<meta property=\"og:locale\" content=\"en_US\" \/>\n<meta property=\"og:type\" content=\"article\" \/>\n<meta property=\"og:title\" content=\"CONFERENCIAS MAGISTRALES FLOTACION 2025 - EncuentroMetalurgia\" \/>\n<meta property=\"og:description\" content=\"&quot;Flotaci\u00f3n 2023 - Contamos con el Honor de Presentar Nuestros Auspicios en Este Destacado Congreso. Descubre las \u00daltimas Tendencias y Logros en el Mundo de la Flotaci\u00f3n de la Mano de Expertos de Renombre. Conoce c\u00f3mo Nuestros Auspiciadores Contribuyen al Avance y la Innovaci\u00f3n en este Vital Proceso Minero. \u00danete a Nosotros y S\u00e9 Parte de esta Experiencia en la Vanguardia de la Tecnolog\u00eda y el Conocimiento.&quot;\" \/>\n<meta property=\"og:url\" content=\"https:\/\/encuentrometalurgia.com\/en\/flotacion2025\/conferencias-magistrales-flotacion-2025\/\" \/>\n<meta property=\"og:site_name\" content=\"EncuentroMetalurgia\" \/>\n<meta property=\"article:publisher\" content=\"https:\/\/www.facebook.com\/InterMetPeru\/\" \/>\n<meta property=\"article:modified_time\" content=\"2025-03-05T17:50:15+00:00\" \/>\n<meta property=\"og:image\" content=\"https:\/\/encuentrometalurgia.com\/wp-content\/uploads\/2025\/03\/PROGRAMA-PRELIMINAR-2.jpg\" \/>\n<meta name=\"twitter:card\" content=\"summary_large_image\" \/>\n<meta name=\"twitter:label1\" content=\"Est. reading time\" \/>\n\t<meta name=\"twitter:data1\" content=\"1 minute\" \/>\n<script type=\"application\/ld+json\" class=\"yoast-schema-graph\">{\"@context\":\"https:\/\/schema.org\",\"@graph\":[{\"@type\":\"WebPage\",\"@id\":\"https:\/\/encuentrometalurgia.com\/flotacion2025\/conferencias-magistrales-flotacion-2025\/\",\"url\":\"https:\/\/encuentrometalurgia.com\/flotacion2025\/conferencias-magistrales-flotacion-2025\/\",\"name\":\"CONFERENCIAS MAGISTRALES FLOTACION 2025 - EncuentroMetalurgia\",\"isPartOf\":{\"@id\":\"https:\/\/encuentrometalurgia.com\/#website\"},\"primaryImageOfPage\":{\"@id\":\"https:\/\/encuentrometalurgia.com\/flotacion2025\/conferencias-magistrales-flotacion-2025\/#primaryimage\"},\"image\":{\"@id\":\"https:\/\/encuentrometalurgia.com\/flotacion2025\/conferencias-magistrales-flotacion-2025\/#primaryimage\"},\"thumbnailUrl\":\"https:\/\/encuentrometalurgia.com\/wp-content\/uploads\/2025\/03\/PROGRAMA-PRELIMINAR-2.jpg\",\"datePublished\":\"2024-12-26T20:22:23+00:00\",\"dateModified\":\"2025-03-05T17:50:15+00:00\",\"description\":\"\\\"Flotaci\u00f3n 2023 - Contamos con el Honor de Presentar Nuestros Auspicios en Este Destacado Congreso. Descubre las \u00daltimas Tendencias y Logros en el Mundo de la Flotaci\u00f3n de la Mano de Expertos de Renombre. Conoce c\u00f3mo Nuestros Auspiciadores Contribuyen al Avance y la Innovaci\u00f3n en este Vital Proceso Minero. \u00danete a Nosotros y S\u00e9 Parte de esta Experiencia en la Vanguardia de la Tecnolog\u00eda y el Conocimiento.\\\"\",\"breadcrumb\":{\"@id\":\"https:\/\/encuentrometalurgia.com\/flotacion2025\/conferencias-magistrales-flotacion-2025\/#breadcrumb\"},\"inLanguage\":\"en-US\",\"potentialAction\":[{\"@type\":\"ReadAction\",\"target\":[\"https:\/\/encuentrometalurgia.com\/flotacion2025\/conferencias-magistrales-flotacion-2025\/\"]}]},{\"@type\":\"ImageObject\",\"inLanguage\":\"en-US\",\"@id\":\"https:\/\/encuentrometalurgia.com\/flotacion2025\/conferencias-magistrales-flotacion-2025\/#primaryimage\",\"url\":\"https:\/\/encuentrometalurgia.com\/wp-content\/uploads\/2025\/03\/PROGRAMA-PRELIMINAR-2.jpg\",\"contentUrl\":\"https:\/\/encuentrometalurgia.com\/wp-content\/uploads\/2025\/03\/PROGRAMA-PRELIMINAR-2.jpg\"},{\"@type\":\"BreadcrumbList\",\"@id\":\"https:\/\/encuentrometalurgia.com\/flotacion2025\/conferencias-magistrales-flotacion-2025\/#breadcrumb\",\"itemListElement\":[{\"@type\":\"ListItem\",\"position\":1,\"name\":\"Portada\",\"item\":\"https:\/\/encuentrometalurgia.com\/\"},{\"@type\":\"ListItem\",\"position\":2,\"name\":\"Flotacion 2025\",\"item\":\"https:\/\/encuentrometalurgia.com\/flotacion2025\/\"},{\"@type\":\"ListItem\",\"position\":3,\"name\":\"CONFERENCIAS MAGISTRALES FLOTACION 2025\"}]},{\"@type\":\"WebSite\",\"@id\":\"https:\/\/encuentrometalurgia.com\/#website\",\"url\":\"https:\/\/encuentrometalurgia.com\/\",\"name\":\"EncuentroMetalurgia\",\"description\":\"\",\"publisher\":{\"@id\":\"https:\/\/encuentrometalurgia.com\/#organization\"},\"potentialAction\":[{\"@type\":\"SearchAction\",\"target\":{\"@type\":\"EntryPoint\",\"urlTemplate\":\"https:\/\/encuentrometalurgia.com\/?s={search_term_string}\"},\"query-input\":{\"@type\":\"PropertyValueSpecification\",\"valueRequired\":true,\"valueName\":\"search_term_string\"}}],\"inLanguage\":\"en-US\"},{\"@type\":\"Organization\",\"@id\":\"https:\/\/encuentrometalurgia.com\/#organization\",\"name\":\"InterMet\",\"url\":\"https:\/\/encuentrometalurgia.com\/\",\"logo\":{\"@type\":\"ImageObject\",\"inLanguage\":\"en-US\",\"@id\":\"https:\/\/encuentrometalurgia.com\/#\/schema\/logo\/image\/\",\"url\":\"https:\/\/encuentrometalurgia.com\/wp-content\/uploads\/2023\/07\/INTERMET-LOGO-BLANCO.png\",\"contentUrl\":\"https:\/\/encuentrometalurgia.com\/wp-content\/uploads\/2023\/07\/INTERMET-LOGO-BLANCO.png\",\"width\":3508,\"height\":1188,\"caption\":\"InterMet\"},\"image\":{\"@id\":\"https:\/\/encuentrometalurgia.com\/#\/schema\/logo\/image\/\"},\"sameAs\":[\"https:\/\/www.facebook.com\/InterMetPeru\/\",\"https:\/\/www.youtube.com\/@intermetconsultoresmetalur7705\",\"https:\/\/www.linkedin.com\/in\/miningconferences\/?originalSubdomain=pe\"]}]}<\/script>\n<!-- \/ Yoast SEO plugin. -->","yoast_head_json":{"title":"CONFERENCIAS MAGISTRALES FLOTACION 2025 - EncuentroMetalurgia","description":"\"Flotaci\\u00f3n 2023 - Contamos con el Honor de Presentar Nuestros Auspicios en Este Destacado Congreso. Descubre las \\u00daltimas Tendencias y Logros en el Mundo de la Flotaci\\u00f3n de la Mano de Expertos de Renombre. Conoce c\\u00f3mo Nuestros Auspiciadores Contribuyen al Avance y la Innovaci\\u00f3n en este Vital Proceso Minero. \\u00danete a Nosotros y S\\u00e9 Parte de esta Experiencia en la Vanguardia de la Tecnolog\\u00eda y el Conocimiento.\"","robots":{"index":"index","follow":"follow","max-snippet":"max-snippet:-1","max-image-preview":"max-image-preview:large","max-video-preview":"max-video-preview:-1"},"canonical":"https:\/\/encuentrometalurgia.com\/en\/flotacion2025\/conferencias-magistrales-flotacion-2025\/","og_locale":"en_US","og_type":"article","og_title":"CONFERENCIAS MAGISTRALES FLOTACION 2025 - EncuentroMetalurgia","og_description":"\"Flotaci\u00f3n 2023 - Contamos con el Honor de Presentar Nuestros Auspicios en Este Destacado Congreso. Descubre las \u00daltimas Tendencias y Logros en el Mundo de la Flotaci\u00f3n de la Mano de Expertos de Renombre. Conoce c\u00f3mo Nuestros Auspiciadores Contribuyen al Avance y la Innovaci\u00f3n en este Vital Proceso Minero. \u00danete a Nosotros y S\u00e9 Parte de esta Experiencia en la Vanguardia de la Tecnolog\u00eda y el Conocimiento.\"","og_url":"https:\/\/encuentrometalurgia.com\/en\/flotacion2025\/conferencias-magistrales-flotacion-2025\/","og_site_name":"EncuentroMetalurgia","article_publisher":"https:\/\/www.facebook.com\/InterMetPeru\/","article_modified_time":"2025-03-05T17:50:15+00:00","og_image":[{"url":"https:\/\/encuentrometalurgia.com\/wp-content\/uploads\/2025\/03\/PROGRAMA-PRELIMINAR-2.jpg","type":"","width":"","height":""}],"twitter_card":"summary_large_image","twitter_misc":{"Est. reading time":"1 minute"},"schema":{"@context":"https:\/\/schema.org","@graph":[{"@type":"WebPage","@id":"https:\/\/encuentrometalurgia.com\/flotacion2025\/conferencias-magistrales-flotacion-2025\/","url":"https:\/\/encuentrometalurgia.com\/flotacion2025\/conferencias-magistrales-flotacion-2025\/","name":"CONFERENCIAS MAGISTRALES FLOTACION 2025 - EncuentroMetalurgia","isPartOf":{"@id":"https:\/\/encuentrometalurgia.com\/#website"},"primaryImageOfPage":{"@id":"https:\/\/encuentrometalurgia.com\/flotacion2025\/conferencias-magistrales-flotacion-2025\/#primaryimage"},"image":{"@id":"https:\/\/encuentrometalurgia.com\/flotacion2025\/conferencias-magistrales-flotacion-2025\/#primaryimage"},"thumbnailUrl":"https:\/\/encuentrometalurgia.com\/wp-content\/uploads\/2025\/03\/PROGRAMA-PRELIMINAR-2.jpg","datePublished":"2024-12-26T20:22:23+00:00","dateModified":"2025-03-05T17:50:15+00:00","description":"\"Flotaci\\u00f3n 2023 - Contamos con el Honor de Presentar Nuestros Auspicios en Este Destacado Congreso. Descubre las \\u00daltimas Tendencias y Logros en el Mundo de la Flotaci\\u00f3n de la Mano de Expertos de Renombre. Conoce c\\u00f3mo Nuestros Auspiciadores Contribuyen al Avance y la Innovaci\\u00f3n en este Vital Proceso Minero. \\u00danete a Nosotros y S\\u00e9 Parte de esta Experiencia en la Vanguardia de la Tecnolog\\u00eda y el Conocimiento.\"","breadcrumb":{"@id":"https:\/\/encuentrometalurgia.com\/flotacion2025\/conferencias-magistrales-flotacion-2025\/#breadcrumb"},"inLanguage":"en-US","potentialAction":[{"@type":"ReadAction","target":["https:\/\/encuentrometalurgia.com\/flotacion2025\/conferencias-magistrales-flotacion-2025\/"]}]},{"@type":"ImageObject","inLanguage":"en-US","@id":"https:\/\/encuentrometalurgia.com\/flotacion2025\/conferencias-magistrales-flotacion-2025\/#primaryimage","url":"https:\/\/encuentrometalurgia.com\/wp-content\/uploads\/2025\/03\/PROGRAMA-PRELIMINAR-2.jpg","contentUrl":"https:\/\/encuentrometalurgia.com\/wp-content\/uploads\/2025\/03\/PROGRAMA-PRELIMINAR-2.jpg"},{"@type":"BreadcrumbList","@id":"https:\/\/encuentrometalurgia.com\/flotacion2025\/conferencias-magistrales-flotacion-2025\/#breadcrumb","itemListElement":[{"@type":"ListItem","position":1,"name":"Portada","item":"https:\/\/encuentrometalurgia.com\/"},{"@type":"ListItem","position":2,"name":"Flotacion 2025","item":"https:\/\/encuentrometalurgia.com\/flotacion2025\/"},{"@type":"ListItem","position":3,"name":"CONFERENCIAS MAGISTRALES FLOTACION 2025"}]},{"@type":"WebSite","@id":"https:\/\/encuentrometalurgia.com\/#website","url":"https:\/\/encuentrometalurgia.com\/","name":"EncuentroMetalurgia","description":"","publisher":{"@id":"https:\/\/encuentrometalurgia.com\/#organization"},"potentialAction":[{"@type":"SearchAction","target":{"@type":"EntryPoint","urlTemplate":"https:\/\/encuentrometalurgia.com\/?s={search_term_string}"},"query-input":{"@type":"PropertyValueSpecification","valueRequired":true,"valueName":"search_term_string"}}],"inLanguage":"en-US"},{"@type":"Organization","@id":"https:\/\/encuentrometalurgia.com\/#organization","name":"InterMet","url":"https:\/\/encuentrometalurgia.com\/","logo":{"@type":"ImageObject","inLanguage":"en-US","@id":"https:\/\/encuentrometalurgia.com\/#\/schema\/logo\/image\/","url":"https:\/\/encuentrometalurgia.com\/wp-content\/uploads\/2023\/07\/INTERMET-LOGO-BLANCO.png","contentUrl":"https:\/\/encuentrometalurgia.com\/wp-content\/uploads\/2023\/07\/INTERMET-LOGO-BLANCO.png","width":3508,"height":1188,"caption":"InterMet"},"image":{"@id":"https:\/\/encuentrometalurgia.com\/#\/schema\/logo\/image\/"},"sameAs":["https:\/\/www.facebook.com\/InterMetPeru\/","https:\/\/www.youtube.com\/@intermetconsultoresmetalur7705","https:\/\/www.linkedin.com\/in\/miningconferences\/?originalSubdomain=pe"]}]}},"_links":{"self":[{"href":"https:\/\/encuentrometalurgia.com\/en\/wp-json\/wp\/v2\/pages\/10839","targetHints":{"allow":["GET"]}}],"collection":[{"href":"https:\/\/encuentrometalurgia.com\/en\/wp-json\/wp\/v2\/pages"}],"about":[{"href":"https:\/\/encuentrometalurgia.com\/en\/wp-json\/wp\/v2\/types\/page"}],"author":[{"embeddable":true,"href":"https:\/\/encuentrometalurgia.com\/en\/wp-json\/wp\/v2\/users\/2"}],"replies":[{"embeddable":true,"href":"https:\/\/encuentrometalurgia.com\/en\/wp-json\/wp\/v2\/comments?post=10839"}],"version-history":[{"count":94,"href":"https:\/\/encuentrometalurgia.com\/en\/wp-json\/wp\/v2\/pages\/10839\/revisions"}],"predecessor-version":[{"id":13060,"href":"https:\/\/encuentrometalurgia.com\/en\/wp-json\/wp\/v2\/pages\/10839\/revisions\/13060"}],"up":[{"embeddable":true,"href":"https:\/\/encuentrometalurgia.com\/en\/wp-json\/wp\/v2\/pages\/5413"}],"wp:attachment":[{"href":"https:\/\/encuentrometalurgia.com\/en\/wp-json\/wp\/v2\/media?parent=10839"}],"curies":[{"name":"wp","href":"https:\/\/api.w.org\/{rel}","templated":true}]}}