{"id":12396,"date":"2025-02-11T12:16:55","date_gmt":"2025-02-11T17:16:55","guid":{"rendered":"https:\/\/encuentrometalurgia.com\/?page_id=12396"},"modified":"2025-10-10T10:50:41","modified_gmt":"2025-10-10T15:50:41","slug":"conferencias-magistrales-conminucion-2025","status":"publish","type":"page","link":"https:\/\/encuentrometalurgia.com\/en\/conminucion2025\/conferencias-magistrales-conminucion-2025\/","title":{"rendered":"CONFERENCIAS MAGISTRALES CONMINUCI\u00d3N 2025"},"content":{"rendered":"<div data-elementor-type=\"wp-page\" data-elementor-id=\"12396\" class=\"elementor elementor-12396\" data-elementor-post-type=\"page\">\n\t\t\t\t<div class=\"has_eae_slider elementor-element elementor-element-7afed7a2 e-con-full e-flex e-con e-parent\" data-eae-slider=\"3880\" data-id=\"7afed7a2\" data-element_type=\"container\" data-e-type=\"container\" data-settings=\"{&quot;background_background&quot;:&quot;classic&quot;}\">\n\t\t<div class=\"has_eae_slider elementor-element elementor-element-4c3978e6 e-con-full e-flex e-con e-child\" data-eae-slider=\"76263\" data-id=\"4c3978e6\" data-element_type=\"container\" data-e-type=\"container\">\n\t\t\t\t<div class=\"elementor-element elementor-element-59f5adf6 elementor-widget__width-initial elementor-widget elementor-widget-heading\" data-id=\"59f5adf6\" data-element_type=\"widget\" data-e-type=\"widget\" data-widget_type=\"heading.default\">\n\t\t\t\t\t<h2 class=\"elementor-heading-title elementor-size-default\">KEYNOTE LECTURES<\/h2>\t\t\t\t<\/div>\n\t\t\t\t<\/div>\n\t\t\t\t<\/div>\n\t\t<div class=\"has_eae_slider elementor-element elementor-element-5ea2b5d e-flex e-con-boxed e-con e-parent\" data-eae-slider=\"57154\" data-id=\"5ea2b5d\" data-element_type=\"container\" data-e-type=\"container\">\n\t\t\t\t\t<div class=\"e-con-inner\">\n\t\t\t\t<div class=\"elementor-element elementor-element-1840ad5 elementor-widget elementor-widget-spacer\" data-id=\"1840ad5\" data-element_type=\"widget\" data-e-type=\"widget\" data-widget_type=\"spacer.default\">\n\t\t\t\t\t\t\t<div class=\"elementor-spacer\">\n\t\t\t<div class=\"elementor-spacer-inner\"><\/div>\n\t\t<\/div>\n\t\t\t\t\t\t<\/div>\n\t\t\t\t<div class=\"elementor-element elementor-element-f8ab799 elementor-widget elementor-widget-heading\" data-id=\"f8ab799\" data-element_type=\"widget\" data-e-type=\"widget\" data-widget_type=\"heading.default\">\n\t\t\t\t\t<h2 class=\"elementor-heading-title elementor-size-default\">KEYNOTE LECTURES<\/h2>\t\t\t\t<\/div>\n\t\t\t\t<div class=\"elementor-element elementor-element-141bb7e elementor-widget elementor-widget-heading\" data-id=\"141bb7e\" data-element_type=\"widget\" data-e-type=\"widget\" data-widget_type=\"heading.default\">\n\t\t\t\t\t<h2 class=\"elementor-heading-title elementor-size-default\"><b>KEYNOTE LECTURES<\/b><\/h2>\t\t\t\t<\/div>\n\t\t\t\t\t<\/div>\n\t\t\t\t<\/div>\n\t\t<div class=\"has_eae_slider elementor-element elementor-element-9b48879 e-con-full e-flex e-con e-parent\" data-eae-slider=\"79835\" data-id=\"9b48879\" data-element_type=\"container\" data-e-type=\"container\">\n\t\t\t\t<div class=\"elementor-element elementor-element-aff2616 elementor-widget elementor-widget-spacer\" data-id=\"aff2616\" data-element_type=\"widget\" data-e-type=\"widget\" data-widget_type=\"spacer.default\">\n\t\t\t\t\t\t\t<div class=\"elementor-spacer\">\n\t\t\t<div class=\"elementor-spacer-inner\"><\/div>\n\t\t<\/div>\n\t\t\t\t\t\t<\/div>\n\t\t\t\t<div class=\"elementor-element elementor-element-38b2a6e elementor-widget elementor-widget-image\" data-id=\"38b2a6e\" data-element_type=\"widget\" data-e-type=\"widget\" data-widget_type=\"image.default\">\n\t\t\t\t\t\t\t\t\t\t\t\t\t\t\t<img fetchpriority=\"high\" decoding=\"async\" width=\"1366\" height=\"940\" src=\"https:\/\/encuentrometalurgia.com\/wp-content\/uploads\/2025\/10\/MAGISTRALES-CONK-2.png\" class=\"attachment-full size-full wp-image-17268\" alt=\"\" srcset=\"https:\/\/encuentrometalurgia.com\/wp-content\/uploads\/2025\/10\/MAGISTRALES-CONK-2.png 1366w, https:\/\/encuentrometalurgia.com\/wp-content\/uploads\/2025\/10\/MAGISTRALES-CONK-2-300x206.png 300w, https:\/\/encuentrometalurgia.com\/wp-content\/uploads\/2025\/10\/MAGISTRALES-CONK-2-1024x705.png 1024w, https:\/\/encuentrometalurgia.com\/wp-content\/uploads\/2025\/10\/MAGISTRALES-CONK-2-768x528.png 768w, https:\/\/encuentrometalurgia.com\/wp-content\/uploads\/2025\/10\/MAGISTRALES-CONK-2-18x12.png 18w\" sizes=\"(max-width: 1366px) 100vw, 1366px\" \/>\t\t\t\t\t\t\t\t\t\t\t\t\t\t\t<\/div>\n\t\t\t\t<\/div>\n\t\t\t\t<\/div>","protected":false},"excerpt":{"rendered":"<p>CONFERENCIAS MAGISTRALES CONFERENCIAS MAGISTRALES KEYNOTE LECTURES<\/p>","protected":false},"author":2,"featured_media":0,"parent":9725,"menu_order":0,"comment_status":"closed","ping_status":"closed","template":"","meta":{"footnotes":""},"class_list":["post-12396","page","type-page","status-publish","hentry"],"yoast_head":"<!-- This site is optimized with the Yoast SEO plugin v27.2 - https:\/\/yoast.com\/product\/yoast-seo-wordpress\/ -->\n<title>CONFERENCIAS MAGISTRALES CONMINUCI\u00d3N 2025 - EncuentroMetalurgia<\/title>\n<meta name=\"description\" content=\"&quot;Flotaci\u00f3n 2023 - Contamos con el Honor de Presentar Nuestros Auspicios en Este Destacado Congreso. Descubre las \u00daltimas Tendencias y Logros en el Mundo de la Flotaci\u00f3n de la Mano de Expertos de Renombre. Conoce c\u00f3mo Nuestros Auspiciadores Contribuyen al Avance y la Innovaci\u00f3n en este Vital Proceso Minero. \u00danete a Nosotros y S\u00e9 Parte de esta Experiencia en la Vanguardia de la Tecnolog\u00eda y el Conocimiento.&quot;\" \/>\n<meta name=\"robots\" content=\"index, follow, max-snippet:-1, max-image-preview:large, max-video-preview:-1\" \/>\n<link rel=\"canonical\" href=\"https:\/\/encuentrometalurgia.com\/en\/conminucion2025\/conferencias-magistrales-conminucion-2025\/\" \/>\n<meta property=\"og:locale\" content=\"en_US\" \/>\n<meta property=\"og:type\" content=\"article\" \/>\n<meta property=\"og:title\" content=\"CONFERENCIAS MAGISTRALES CONMINUCI\u00d3N 2025 - EncuentroMetalurgia\" \/>\n<meta property=\"og:description\" content=\"&quot;Flotaci\u00f3n 2023 - Contamos con el Honor de Presentar Nuestros Auspicios en Este Destacado Congreso. Descubre las \u00daltimas Tendencias y Logros en el Mundo de la Flotaci\u00f3n de la Mano de Expertos de Renombre. Conoce c\u00f3mo Nuestros Auspiciadores Contribuyen al Avance y la Innovaci\u00f3n en este Vital Proceso Minero. \u00danete a Nosotros y S\u00e9 Parte de esta Experiencia en la Vanguardia de la Tecnolog\u00eda y el Conocimiento.&quot;\" \/>\n<meta property=\"og:url\" content=\"https:\/\/encuentrometalurgia.com\/en\/conminucion2025\/conferencias-magistrales-conminucion-2025\/\" \/>\n<meta property=\"og:site_name\" content=\"EncuentroMetalurgia\" \/>\n<meta property=\"article:publisher\" content=\"https:\/\/www.facebook.com\/InterMetPeru\/\" \/>\n<meta property=\"article:modified_time\" content=\"2025-10-10T15:50:41+00:00\" \/>\n<meta property=\"og:image\" content=\"https:\/\/encuentrometalurgia.com\/wp-content\/uploads\/2025\/10\/MAGISTRALES-CONK-2.png\" \/>\n\t<meta property=\"og:image:width\" content=\"1366\" \/>\n\t<meta property=\"og:image:height\" content=\"940\" \/>\n\t<meta property=\"og:image:type\" content=\"image\/png\" \/>\n<meta name=\"twitter:card\" content=\"summary_large_image\" \/>\n<meta name=\"twitter:label1\" content=\"Est. reading time\" \/>\n\t<meta name=\"twitter:data1\" content=\"1 minute\" \/>\n<script type=\"application\/ld+json\" class=\"yoast-schema-graph\">{\"@context\":\"https:\/\/schema.org\",\"@graph\":[{\"@type\":\"WebPage\",\"@id\":\"https:\/\/encuentrometalurgia.com\/conminucion2025\/conferencias-magistrales-conminucion-2025\/\",\"url\":\"https:\/\/encuentrometalurgia.com\/conminucion2025\/conferencias-magistrales-conminucion-2025\/\",\"name\":\"CONFERENCIAS MAGISTRALES CONMINUCI\u00d3N 2025 - EncuentroMetalurgia\",\"isPartOf\":{\"@id\":\"https:\/\/encuentrometalurgia.com\/#website\"},\"primaryImageOfPage\":{\"@id\":\"https:\/\/encuentrometalurgia.com\/conminucion2025\/conferencias-magistrales-conminucion-2025\/#primaryimage\"},\"image\":{\"@id\":\"https:\/\/encuentrometalurgia.com\/conminucion2025\/conferencias-magistrales-conminucion-2025\/#primaryimage\"},\"thumbnailUrl\":\"https:\/\/encuentrometalurgia.com\/wp-content\/uploads\/2025\/10\/MAGISTRALES-CONK-2.png\",\"datePublished\":\"2025-02-11T17:16:55+00:00\",\"dateModified\":\"2025-10-10T15:50:41+00:00\",\"description\":\"\\\"Flotaci\u00f3n 2023 - Contamos con el Honor de Presentar Nuestros Auspicios en Este Destacado Congreso. Descubre las \u00daltimas Tendencias y Logros en el Mundo de la Flotaci\u00f3n de la Mano de Expertos de Renombre. Conoce c\u00f3mo Nuestros Auspiciadores Contribuyen al Avance y la Innovaci\u00f3n en este Vital Proceso Minero. \u00danete a Nosotros y S\u00e9 Parte de esta Experiencia en la Vanguardia de la Tecnolog\u00eda y el Conocimiento.\\\"\",\"breadcrumb\":{\"@id\":\"https:\/\/encuentrometalurgia.com\/conminucion2025\/conferencias-magistrales-conminucion-2025\/#breadcrumb\"},\"inLanguage\":\"en-US\",\"potentialAction\":[{\"@type\":\"ReadAction\",\"target\":[\"https:\/\/encuentrometalurgia.com\/conminucion2025\/conferencias-magistrales-conminucion-2025\/\"]}]},{\"@type\":\"ImageObject\",\"inLanguage\":\"en-US\",\"@id\":\"https:\/\/encuentrometalurgia.com\/conminucion2025\/conferencias-magistrales-conminucion-2025\/#primaryimage\",\"url\":\"https:\/\/encuentrometalurgia.com\/wp-content\/uploads\/2025\/10\/MAGISTRALES-CONK-2.png\",\"contentUrl\":\"https:\/\/encuentrometalurgia.com\/wp-content\/uploads\/2025\/10\/MAGISTRALES-CONK-2.png\"},{\"@type\":\"BreadcrumbList\",\"@id\":\"https:\/\/encuentrometalurgia.com\/conminucion2025\/conferencias-magistrales-conminucion-2025\/#breadcrumb\",\"itemListElement\":[{\"@type\":\"ListItem\",\"position\":1,\"name\":\"Portada\",\"item\":\"https:\/\/encuentrometalurgia.com\/\"},{\"@type\":\"ListItem\",\"position\":2,\"name\":\"CONMINUCION 2025\",\"item\":\"https:\/\/encuentrometalurgia.com\/conminucion2025\/\"},{\"@type\":\"ListItem\",\"position\":3,\"name\":\"CONFERENCIAS MAGISTRALES CONMINUCI\u00d3N 2025\"}]},{\"@type\":\"WebSite\",\"@id\":\"https:\/\/encuentrometalurgia.com\/#website\",\"url\":\"https:\/\/encuentrometalurgia.com\/\",\"name\":\"EncuentroMetalurgia\",\"description\":\"\",\"publisher\":{\"@id\":\"https:\/\/encuentrometalurgia.com\/#organization\"},\"potentialAction\":[{\"@type\":\"SearchAction\",\"target\":{\"@type\":\"EntryPoint\",\"urlTemplate\":\"https:\/\/encuentrometalurgia.com\/?s={search_term_string}\"},\"query-input\":{\"@type\":\"PropertyValueSpecification\",\"valueRequired\":true,\"valueName\":\"search_term_string\"}}],\"inLanguage\":\"en-US\"},{\"@type\":\"Organization\",\"@id\":\"https:\/\/encuentrometalurgia.com\/#organization\",\"name\":\"InterMet\",\"url\":\"https:\/\/encuentrometalurgia.com\/\",\"logo\":{\"@type\":\"ImageObject\",\"inLanguage\":\"en-US\",\"@id\":\"https:\/\/encuentrometalurgia.com\/#\/schema\/logo\/image\/\",\"url\":\"https:\/\/encuentrometalurgia.com\/wp-content\/uploads\/2023\/07\/INTERMET-LOGO-BLANCO.png\",\"contentUrl\":\"https:\/\/encuentrometalurgia.com\/wp-content\/uploads\/2023\/07\/INTERMET-LOGO-BLANCO.png\",\"width\":3508,\"height\":1188,\"caption\":\"InterMet\"},\"image\":{\"@id\":\"https:\/\/encuentrometalurgia.com\/#\/schema\/logo\/image\/\"},\"sameAs\":[\"https:\/\/www.facebook.com\/InterMetPeru\/\",\"https:\/\/www.youtube.com\/@intermetconsultoresmetalur7705\",\"https:\/\/www.linkedin.com\/in\/miningconferences\/?originalSubdomain=pe\"]}]}<\/script>\n<!-- \/ Yoast SEO plugin. -->","yoast_head_json":{"title":"CONFERENCIAS MAGISTRALES CONMINUCI\u00d3N 2025 - EncuentroMetalurgia","description":"\"Flotaci\\u00f3n 2023 - Contamos con el Honor de Presentar Nuestros Auspicios en Este Destacado Congreso. Descubre las \\u00daltimas Tendencias y Logros en el Mundo de la Flotaci\\u00f3n de la Mano de Expertos de Renombre. Conoce c\\u00f3mo Nuestros Auspiciadores Contribuyen al Avance y la Innovaci\\u00f3n en este Vital Proceso Minero. \\u00danete a Nosotros y S\\u00e9 Parte de esta Experiencia en la Vanguardia de la Tecnolog\\u00eda y el Conocimiento.\"","robots":{"index":"index","follow":"follow","max-snippet":"max-snippet:-1","max-image-preview":"max-image-preview:large","max-video-preview":"max-video-preview:-1"},"canonical":"https:\/\/encuentrometalurgia.com\/en\/conminucion2025\/conferencias-magistrales-conminucion-2025\/","og_locale":"en_US","og_type":"article","og_title":"CONFERENCIAS MAGISTRALES CONMINUCI\u00d3N 2025 - EncuentroMetalurgia","og_description":"\"Flotaci\u00f3n 2023 - Contamos con el Honor de Presentar Nuestros Auspicios en Este Destacado Congreso. Descubre las \u00daltimas Tendencias y Logros en el Mundo de la Flotaci\u00f3n de la Mano de Expertos de Renombre. Conoce c\u00f3mo Nuestros Auspiciadores Contribuyen al Avance y la Innovaci\u00f3n en este Vital Proceso Minero. \u00danete a Nosotros y S\u00e9 Parte de esta Experiencia en la Vanguardia de la Tecnolog\u00eda y el Conocimiento.\"","og_url":"https:\/\/encuentrometalurgia.com\/en\/conminucion2025\/conferencias-magistrales-conminucion-2025\/","og_site_name":"EncuentroMetalurgia","article_publisher":"https:\/\/www.facebook.com\/InterMetPeru\/","article_modified_time":"2025-10-10T15:50:41+00:00","og_image":[{"width":1366,"height":940,"url":"https:\/\/encuentrometalurgia.com\/wp-content\/uploads\/2025\/10\/MAGISTRALES-CONK-2.png","type":"image\/png"}],"twitter_card":"summary_large_image","twitter_misc":{"Est. reading time":"1 minute"},"schema":{"@context":"https:\/\/schema.org","@graph":[{"@type":"WebPage","@id":"https:\/\/encuentrometalurgia.com\/conminucion2025\/conferencias-magistrales-conminucion-2025\/","url":"https:\/\/encuentrometalurgia.com\/conminucion2025\/conferencias-magistrales-conminucion-2025\/","name":"CONFERENCIAS MAGISTRALES CONMINUCI\u00d3N 2025 - EncuentroMetalurgia","isPartOf":{"@id":"https:\/\/encuentrometalurgia.com\/#website"},"primaryImageOfPage":{"@id":"https:\/\/encuentrometalurgia.com\/conminucion2025\/conferencias-magistrales-conminucion-2025\/#primaryimage"},"image":{"@id":"https:\/\/encuentrometalurgia.com\/conminucion2025\/conferencias-magistrales-conminucion-2025\/#primaryimage"},"thumbnailUrl":"https:\/\/encuentrometalurgia.com\/wp-content\/uploads\/2025\/10\/MAGISTRALES-CONK-2.png","datePublished":"2025-02-11T17:16:55+00:00","dateModified":"2025-10-10T15:50:41+00:00","description":"\"Flotaci\\u00f3n 2023 - Contamos con el Honor de Presentar Nuestros Auspicios en Este Destacado Congreso. Descubre las \\u00daltimas Tendencias y Logros en el Mundo de la Flotaci\\u00f3n de la Mano de Expertos de Renombre. Conoce c\\u00f3mo Nuestros Auspiciadores Contribuyen al Avance y la Innovaci\\u00f3n en este Vital Proceso Minero. \\u00danete a Nosotros y S\\u00e9 Parte de esta Experiencia en la Vanguardia de la Tecnolog\\u00eda y el Conocimiento.\"","breadcrumb":{"@id":"https:\/\/encuentrometalurgia.com\/conminucion2025\/conferencias-magistrales-conminucion-2025\/#breadcrumb"},"inLanguage":"en-US","potentialAction":[{"@type":"ReadAction","target":["https:\/\/encuentrometalurgia.com\/conminucion2025\/conferencias-magistrales-conminucion-2025\/"]}]},{"@type":"ImageObject","inLanguage":"en-US","@id":"https:\/\/encuentrometalurgia.com\/conminucion2025\/conferencias-magistrales-conminucion-2025\/#primaryimage","url":"https:\/\/encuentrometalurgia.com\/wp-content\/uploads\/2025\/10\/MAGISTRALES-CONK-2.png","contentUrl":"https:\/\/encuentrometalurgia.com\/wp-content\/uploads\/2025\/10\/MAGISTRALES-CONK-2.png"},{"@type":"BreadcrumbList","@id":"https:\/\/encuentrometalurgia.com\/conminucion2025\/conferencias-magistrales-conminucion-2025\/#breadcrumb","itemListElement":[{"@type":"ListItem","position":1,"name":"Portada","item":"https:\/\/encuentrometalurgia.com\/"},{"@type":"ListItem","position":2,"name":"CONMINUCION 2025","item":"https:\/\/encuentrometalurgia.com\/conminucion2025\/"},{"@type":"ListItem","position":3,"name":"CONFERENCIAS MAGISTRALES CONMINUCI\u00d3N 2025"}]},{"@type":"WebSite","@id":"https:\/\/encuentrometalurgia.com\/#website","url":"https:\/\/encuentrometalurgia.com\/","name":"EncuentroMetalurgia","description":"","publisher":{"@id":"https:\/\/encuentrometalurgia.com\/#organization"},"potentialAction":[{"@type":"SearchAction","target":{"@type":"EntryPoint","urlTemplate":"https:\/\/encuentrometalurgia.com\/?s={search_term_string}"},"query-input":{"@type":"PropertyValueSpecification","valueRequired":true,"valueName":"search_term_string"}}],"inLanguage":"en-US"},{"@type":"Organization","@id":"https:\/\/encuentrometalurgia.com\/#organization","name":"InterMet","url":"https:\/\/encuentrometalurgia.com\/","logo":{"@type":"ImageObject","inLanguage":"en-US","@id":"https:\/\/encuentrometalurgia.com\/#\/schema\/logo\/image\/","url":"https:\/\/encuentrometalurgia.com\/wp-content\/uploads\/2023\/07\/INTERMET-LOGO-BLANCO.png","contentUrl":"https:\/\/encuentrometalurgia.com\/wp-content\/uploads\/2023\/07\/INTERMET-LOGO-BLANCO.png","width":3508,"height":1188,"caption":"InterMet"},"image":{"@id":"https:\/\/encuentrometalurgia.com\/#\/schema\/logo\/image\/"},"sameAs":["https:\/\/www.facebook.com\/InterMetPeru\/","https:\/\/www.youtube.com\/@intermetconsultoresmetalur7705","https:\/\/www.linkedin.com\/in\/miningconferences\/?originalSubdomain=pe"]}]}},"_links":{"self":[{"href":"https:\/\/encuentrometalurgia.com\/en\/wp-json\/wp\/v2\/pages\/12396","targetHints":{"allow":["GET"]}}],"collection":[{"href":"https:\/\/encuentrometalurgia.com\/en\/wp-json\/wp\/v2\/pages"}],"about":[{"href":"https:\/\/encuentrometalurgia.com\/en\/wp-json\/wp\/v2\/types\/page"}],"author":[{"embeddable":true,"href":"https:\/\/encuentrometalurgia.com\/en\/wp-json\/wp\/v2\/users\/2"}],"replies":[{"embeddable":true,"href":"https:\/\/encuentrometalurgia.com\/en\/wp-json\/wp\/v2\/comments?post=12396"}],"version-history":[{"count":28,"href":"https:\/\/encuentrometalurgia.com\/en\/wp-json\/wp\/v2\/pages\/12396\/revisions"}],"predecessor-version":[{"id":17271,"href":"https:\/\/encuentrometalurgia.com\/en\/wp-json\/wp\/v2\/pages\/12396\/revisions\/17271"}],"up":[{"embeddable":true,"href":"https:\/\/encuentrometalurgia.com\/en\/wp-json\/wp\/v2\/pages\/9725"}],"wp:attachment":[{"href":"https:\/\/encuentrometalurgia.com\/en\/wp-json\/wp\/v2\/media?parent=12396"}],"curies":[{"name":"wp","href":"https:\/\/api.w.org\/{rel}","templated":true}]}}