{"id":17589,"date":"2025-10-30T17:59:25","date_gmt":"2025-10-30T22:59:25","guid":{"rendered":"https:\/\/encuentrometalurgia.com\/?page_id=17589"},"modified":"2026-05-11T16:18:31","modified_gmt":"2026-05-11T21:18:31","slug":"contacto","status":"publish","type":"page","link":"https:\/\/encuentrometalurgia.com\/en\/flotacion-2026\/contacto\/","title":{"rendered":"Contacto Flotacion 2026"},"content":{"rendered":"\t\t<div data-elementor-type=\"wp-page\" data-elementor-id=\"17589\" class=\"elementor elementor-17589\" data-elementor-post-type=\"page\">\n\t\t\t\t<div class=\"has_eae_slider elementor-element elementor-element-be50718 e-con-full e-flex e-con e-parent\" data-eae-slider=\"72729\" data-id=\"be50718\" data-element_type=\"container\" data-e-type=\"container\" data-settings=\"{&quot;background_background&quot;:&quot;classic&quot;,&quot;sticky&quot;:&quot;top&quot;,&quot;sticky_on&quot;:[&quot;desktop&quot;,&quot;tablet&quot;,&quot;mobile&quot;],&quot;sticky_offset&quot;:0,&quot;sticky_effects_offset&quot;:0,&quot;sticky_anchor_link_offset&quot;:0}\">\n\t\t\t\t<div class=\"elementor-element elementor-element-1d6ef7b elementor-widget elementor-widget-html\" data-id=\"1d6ef7b\" data-element_type=\"widget\" data-e-type=\"widget\" data-widget_type=\"html.default\">\n\t\t\t\t\t<style>\r\n    \/* FORZAR TRANSPARENCIA EN ELEMENTOR STICKY *\/\r\n    .elementor-sticky, \r\n    .elementor-sticky--active, \r\n    .elementor-sticky--effects {\r\n        background-color: transparent !important;\r\n        background: transparent !important;\r\n        box-shadow: none !important;\r\n    }\r\n    .elementor-widget-wrap {\r\n        background: transparent !important;\r\n    }\r\n\r\n    :root {\r\n        \/* Paleta de colores Flotaci\u00f3n *\/\r\n        --flotacion-dark: #1b5d83;\r\n        --flotacion-mid: #18719e;\r\n        --flotacion-light: #36bbe9;\r\n        --blanco: #ffffff;\r\n    }\r\n\r\n    .header-new-concept {\r\n        width: 100%;\r\n        font-family: 'Figtree', sans-serif;\r\n        display: flex;\r\n        flex-direction: column;\r\n        align-items: center;\r\n        background: transparent;\r\n        padding: 15px 0;\r\n        \r\n        \/* L\u00cdNEAS PARA EL EFECTO STICKY NATIVO *\/\r\n        position: -webkit-sticky;\r\n        position: sticky;\r\n        top: 0;\r\n        z-index: 9999;\r\n    }\r\n\r\n    \/* CONTENEDOR PRINCIPAL DEL NAVBAR *\/\r\n    .navbar-glass {\r\n        width: 95%;\r\n        max-width: 1700px;\r\n        background: rgba(255, 255, 255, 0.05);\r\n        border: 1px solid rgba(255, 255, 255, 0.2);\r\n        border-radius: 100px;\r\n        padding: 10px 25px; \r\n        display: flex;\r\n        justify-content: space-between;\r\n        align-items: center;\r\n        transition: all 0.4s ease; \r\n    }\r\n\r\n    \/* CLASE: SE ACTIVA AL HACER SCROLL *\/\r\n    .navbar-glass.scrolled {\r\n        background: rgba(27, 93, 131, 0.85); \r\n        backdrop-filter: blur(12px); \r\n        -webkit-backdrop-filter: blur(12px);\r\n        border-color: rgba(255, 255, 255, 0.1);\r\n        box-shadow: 0 10px 30px rgba(0,0,0,0.4); \r\n    }\r\n\r\n    \/* GRUPO IZQUIERDO: LOGO + A\u00d1OS *\/\r\n    .nav-left-group {\r\n        display: flex;\r\n        align-items: center;\r\n        gap: 20px;\r\n    }\r\n\r\n    .nav-logo img {\r\n        height: 45px; \r\n        width: auto;\r\n    }\r\n\r\n    \/* ESTILO PARA LOS A\u00d1OS (HISTORY) *\/\r\n    .history-selector {\r\n        display: flex;\r\n        background: rgba(255,255,255,0.1);\r\n        padding: 5px;\r\n        border-radius: 30px;\r\n        transition: all 0.4s ease;\r\n    }\r\n\r\n    .navbar-glass.scrolled .history-selector {\r\n        background: rgba(0,0,0,0.2);\r\n    }\r\n\r\n    .year-btn {\r\n        padding: 6px 12px;\r\n        border-radius: 20px;\r\n        text-decoration: none;\r\n        font-size: 11px;\r\n        font-weight: 800;\r\n        color: rgba(255,255,255,0.6);\r\n        transition: 0.3s;\r\n    }\r\n\r\n    \/* A\u00d1O ACTIVO CON SOMBRA *\/\r\n    .year-btn.active { \r\n        background: var(--blanco); \r\n        color: var(--flotacion-dark); \r\n        box-shadow: 0 4px 10px rgba(0,0,0,0.15);\r\n    }\r\n    \r\n    .year-btn:hover:not(.active) { color: var(--blanco); }\r\n\r\n    \/* GRUPO DERECHO: LINKS + BOT\u00d3N *\/\r\n    .nav-links-group {\r\n        display: flex;\r\n        align-items: center;\r\n        gap: 10px; \r\n    }\r\n\r\n    \/* LINKS PRINCIPALES DEL MEN\u00da *\/\r\n    .nav-item {\r\n        color: var(--blanco);\r\n        text-decoration: none;\r\n        font-size: 13px; \r\n        font-weight: 700;\r\n        text-transform: uppercase;\r\n        letter-spacing: 1px;\r\n        opacity: 0.8;\r\n        padding: 6px 14px; \r\n        border-radius: 20px; \r\n        transition: all 0.3s ease;\r\n    }\r\n\r\n    \/* EFECTO HOVER Y ESTADO ACTIVO *\/\r\n    .nav-item:hover, \r\n    .nav-item.active { \r\n        opacity: 1; \r\n        background: var(--blanco); \r\n        color: var(--flotacion-dark); \r\n        box-shadow: 0 4px 10px rgba(0,0,0,0.15); \r\n    }\r\n\r\n    \/* BOT\u00d3N DE INSCRIPCI\u00d3N DESTACADO *\/\r\n    .cta-header-btn {\r\n        background: var(--flotacion-light);\r\n        color: var(--blanco);\r\n        padding: 10px 24px;\r\n        border-radius: 50px;\r\n        font-weight: 800;\r\n        text-transform: uppercase;\r\n        font-size: 12px;\r\n        text-decoration: none;\r\n        border: 2px solid transparent;\r\n        transition: 0.3s;\r\n        margin-left: 10px;\r\n    }\r\n\r\n    .cta-header-btn:hover {\r\n        background: transparent;\r\n        border-color: var(--blanco);\r\n        transform: scale(1.05);\r\n    }\r\n\r\n    \/* M\u00d3VIL *\/\r\n    @media (max-width: 1100px) {\r\n        .navbar-glass { border-radius: 20px; flex-wrap: wrap; justify-content: center; gap: 15px;}\r\n        .history-selector { display: none; } \/* Oculta los a\u00f1os en m\u00f3vil para ahorrar espacio *\/\r\n        .nav-links-group { flex-wrap: wrap; justify-content: center; gap: 5px; }\r\n        .nav-left-group { justify-content: center; width: 100%; }\r\n    }\r\n<\/style>\r\n\r\n<div class=\"header-new-concept\">\r\n    <nav class=\"navbar-glass\" id=\"main-nav\">\r\n        \r\n        <!-- PARTE IZQUIERDA -->\r\n        <div class=\"nav-left-group\">\r\n            <div class=\"nav-logo\">\r\n                <a href=\"https:\/\/encuentrometalurgia.com\/flotacion-2026\/\">\r\n                    <img decoding=\"async\" src=\"https:\/\/encuentrometalurgia.com\/wp-content\/uploads\/2026\/02\/banner-web-2.png\" alt=\"Flotaci\u00f3n 2026\">\r\n                <\/a>\r\n            <\/div>\r\n            \r\n            <!-- SELECTOR DE HISTORIAL (A\u00d1OS) -->\r\n            <div class=\"history-selector\">\r\n                <a href=\"#\" class=\"year-btn active\">2026<\/a>\r\n                <a href=\"https:\/\/encuentrometalurgia.com\/congreso\/flotacion-2023\/\" target=\"_blank\" class=\"year-btn\">2025<\/a>\r\n                <a href=\"https:\/\/encuentrometalurgia.com\/flotacion-2023\/\" target=\"_blank\" class=\"year-btn\">2023<\/a>\r\n                <a href=\"http:\/\/54.90.124.176\/flotacion-2022\/\" target=\"_blank\" class=\"year-btn\">2022<\/a>\r\n                <a href=\"http:\/\/54.90.124.176\/flotacion-2018\/\" target=\"_blank\" class=\"year-btn\">2018<\/a>\r\n                <a href=\"http:\/\/54.90.124.176\/flotacion-minerales-2016\/\" target=\"_blank\" class=\"year-btn\">2016<\/a>\r\n                <a href=\"http:\/\/54.90.124.176\/encuentros_realizados\/tercerEncuentrometalurgia\/index.html\" target=\"_blank\" class=\"year-btn\">2014<\/a>\r\n            <\/div>\r\n        <\/div>\r\n\r\n        <!-- PARTE DERECHA -->\r\n        <div class=\"nav-links-group\" id=\"nav-links\">\r\n            <a href=\"https:\/\/encuentrometalurgia.com\/flotacion-2026\/\" class=\"nav-item\">Inicio<\/a>\r\n            <a href=\"https:\/\/encuentrometalurgia.com\/flotacion-2026\/autor\/\" class=\"nav-item\">Autor<\/a>\r\n            <a href=\"https:\/\/encuentrometalurgia.com\/flotacion-2026\/programa\/\" class=\"nav-item\">Programa<\/a>\r\n            <a href=\"https:\/\/encuentrometalurgia.com\/flotacion-2026\/sede\/\" class=\"nav-item\">Sede<\/a>\r\n            <a href=\"https:\/\/encuentrometalurgia.com\/flotacion-2026\/contacto\/\" class=\"nav-item\">Contacto<\/a>\r\n            \r\n            <a href=\"https:\/\/encuentrometalurgia.com\/flotacion-2026\/inscripciones\/\" class=\"cta-header-btn\">Inscripciones<\/a>\r\n        <\/div>\r\n\r\n    <\/nav>\r\n<\/div>\r\n\r\n<!-- SCRIPT: CONTROLA EL SCROLL Y LA P\u00c1GINA ACTIVA -->\r\n<script>\r\n    document.addEventListener(\"DOMContentLoaded\", function() {\r\n        \/\/ 1. Control del efecto Scroll\r\n        const navbar = document.getElementById('main-nav');\r\n        \r\n        window.addEventListener('scroll', function() {\r\n            if (window.scrollY > 50) {\r\n                navbar.classList.add('scrolled');\r\n            } else {\r\n                navbar.classList.remove('scrolled');\r\n            }\r\n        });\r\n\r\n        \/\/ 2. Detecci\u00f3n autom\u00e1tica del enlace activo (SIN INCLUIR EL BOT\u00d3N DE INSCRIPCIONES)\r\n        const currentPath = window.location.pathname;\r\n        const navItems = document.querySelectorAll('.nav-item');\r\n        \r\n        navItems.forEach(item => {\r\n            const linkPath = new URL(item.href).pathname;\r\n            \r\n            if (currentPath.replace(\/\\\/$\/, \"\") === linkPath.replace(\/\\\/$\/, \"\")) {\r\n                item.classList.add('active');\r\n            }\r\n        });\r\n    });\r\n<\/script>\t\t\t\t<\/div>\n\t\t\t\t<\/div>\n\t\t<div class=\"has_eae_slider elementor-element elementor-element-421adec e-flex e-con-boxed e-con e-parent\" data-eae-slider=\"52450\" data-id=\"421adec\" data-element_type=\"container\" data-e-type=\"container\" data-settings=\"{&quot;background_background&quot;:&quot;classic&quot;}\">\n\t\t\t\t\t<div class=\"e-con-inner\">\n\t\t\t\t<div class=\"elementor-element elementor-element-d943d36 elementor-widget elementor-widget-html\" data-id=\"d943d36\" data-element_type=\"widget\" data-e-type=\"widget\" data-widget_type=\"html.default\">\n\t\t\t\t\t<!DOCTYPE html>\n<html lang=\"es\">\n<head>\n    <meta charset=\"UTF-8\">\n    <meta name=\"viewport\" content=\"width=device-width, initial-scale=1.0\">\n    <title>Informaci\u00f3n de Contacto<\/title>\n    \n    <link rel=\"preconnect\" href=\"https:\/\/fonts.googleapis.com\">\n    <link rel=\"preconnect\" href=\"https:\/\/fonts.gstatic.com\" crossorigin>\n    <link href=\"https:\/\/fonts.googleapis.com\/css2?family=Figtree:wght@400;600;800;900&display=swap\" rel=\"stylesheet\">\n    \n    <link rel=\"stylesheet\" href=\"https:\/\/cdnjs.cloudflare.com\/ajax\/libs\/font-awesome\/6.4.0\/css\/all.min.css\">\n\n    <style>\n        \/* Variables de la paleta Flotaci\u00f3n *\/\n        :root {\n            --flotacion-dark: #1b5d83;\n            --flotacion-light: #36bbe9;\n            --blanco: #ffffff;\n        }\n\n        \/* Estilos base *\/\n        * {\n            box-sizing: border-box;\n            font-family: 'Figtree', sans-serif;\n        }\n\n        body {\n            margin: 0;\n            padding: 0;\n            \/* El fondo de tu web se ver\u00e1 aqu\u00ed detr\u00e1s *\/\n        }\n\n        .main-container {\n            max-width: 1200px;\n            margin: 115px auto 40px auto; \/* Espacio de 115px arriba *\/\n            padding: 20px;\n        }\n\n        \/* T\u00edtulo Principal en Blanco *\/\n        .section-title {\n            color: var(--blanco);\n            font-size: 30px;\n            font-weight: 900;\n            text-transform: uppercase;\n            margin-bottom: 30px;\n            letter-spacing: 0.5px;\n            text-shadow: 1px 2px 4px rgba(0,0,0,0.4); \/* Sombra para resaltar sobre fondos claros *\/\n        }\n\n        \/* Tarjeta de Contacto (Efecto Cristal) *\/\n        .contact-card {\n            background-color: rgba(255, 255, 255, 0.85); \n            backdrop-filter: blur(10px);\n            -webkit-backdrop-filter: blur(10px);\n            border: 1px solid rgba(255, 255, 255, 0.4);\n            border-radius: 8px;\n            box-shadow: 0 10px 30px rgba(0, 0, 0, 0.15);\n            max-width: 600px; \n            padding: 40px;\n        }\n\n        \/* Grupos de contacto *\/\n        .contact-group {\n            padding: 10px 0;\n        }\n\n        .contact-group h3 {\n            color: var(--flotacion-dark); \/* Color Flotaci\u00f3n *\/\n            font-size: 1.1rem;\n            font-weight: 800;\n            text-transform: uppercase;\n            margin: 0 0 15px 0;\n        }\n\n        \/* L\u00edneas de informaci\u00f3n *\/\n        .contact-line {\n            display: flex;\n            align-items: center;\n            margin-bottom: 10px;\n            color: #333;\n            text-decoration: none;\n            transition: transform 0.2s;\n        }\n\n        .contact-line:hover {\n            transform: translateX(5px);\n            color: var(--flotacion-dark); \/* Hover en color Flotaci\u00f3n *\/\n        }\n\n        .contact-line i {\n            color: var(--flotacion-dark); \/* Iconos en color Flotaci\u00f3n *\/\n            width: 25px;\n            font-size: 1.1rem;\n            margin-right: 12px;\n            text-align: center;\n        }\n\n        .contact-line span {\n            font-size: 1rem;\n            font-weight: 600;\n        }\n\n        \/* L\u00cdNEA DIVISORIA (ESPACIADOR) *\/\n        .divider {\n            height: 1px;\n            \/* Degradado ajustado a RGB de #1b5d83 (27, 93, 131) *\/\n            background: linear-gradient(to right, var(--flotacion-dark), rgba(27, 93, 131, 0.1));\n            border: none;\n            margin: 20px 0;\n            opacity: 0.3;\n        }\n\n        \/* Responsividad *\/\n        @media (max-width: 768px) {\n            .main-container { margin-top: 60px; }\n            .section-title { font-size: 24px; }\n            .contact-card { padding: 25px; }\n        }\n    <\/style>\n<\/head>\n<body>\n\n    <div class=\"main-container\">\n        \n        <h2 class=\"section-title\">INFORMACI\u00d3N DE CONTACTO<\/h2>\n\n        <div class=\"contact-card\">\n            \n            <div class=\"contact-group\">\n                <h3>Stands y Auspicios<\/h3>\n                <a href=\"tel:987975959\" class=\"contact-line\">\n                    <i class=\"fa-solid fa-phone\"><\/i>\n                    <span>987 975 959<\/span>\n                <\/a>\n                <a href=\"mailto:congresos2@encuentrometalurgia.com\" class=\"contact-line\">\n                    <i class=\"fa-solid fa-envelope\"><\/i>\n                    <span>congresos2@encuentrometalurgia.com<\/span>\n                <\/a>\n                <a href=\"mailto:informes@encuentrometalurgia.com\" class=\"contact-line\">\n                    <i class=\"fa-solid fa-envelope\"><\/i>\n                    <span>informes@encuentrometalurgia.com<\/span>\n                <\/a>\n            <\/div>\n\n            <hr class=\"divider\">\n\n            <div class=\"contact-group\">\n                <h3>Trabajos T\u00e9cnicos<\/h3>\n                <a href=\"mailto:congresos1@encuentrometalurgia.com\" class=\"contact-line\">\n                    <i class=\"fa-solid fa-envelope\"><\/i>\n                    <span>congresos1@encuentrometalurgia.com<\/span>\n                <\/a>\n            <\/div>\n\n            <hr class=\"divider\">\n\n            <div class=\"contact-group\">\n                <h3>Entradas e Inscripciones<\/h3>\n                <a href=\"mailto:inscripciones@encuentrometalurgia.com\" class=\"contact-line\">\n                    <i class=\"fa-solid fa-envelope\"><\/i>\n                    <span>inscripciones@encuentrometalurgia.com<\/span>\n                <\/a>\n            <\/div>\n\n            <hr class=\"divider\">\n\n            <div class=\"contact-group\">\n                <h3>Tel\u00e9fono \/ WhatsApp<\/h3>\n                <a href=\"https:\/\/wa.me\/987975959\" target=\"_blank\" class=\"contact-line\">\n                    <i class=\"fa-brands fa-whatsapp\" style=\"font-size: 1.3rem;\"><\/i>\n                    <span>987 975 959<\/span>\n                <\/a>\n            <\/div>\n\n        <\/div>\n\n    <\/div>\n\n<\/body>\n<\/html>\t\t\t\t<\/div>\n\t\t\t\t\t<\/div>\n\t\t\t\t<\/div>\n\t\t\t\t<\/div>\n\t\t","protected":false},"excerpt":{"rendered":"<p>2026 2025 2023 2022 2018 2016 2014 Inicio Autor Programa Sede Contacto Inscripciones Informaci\u00f3n de Contacto INFORMACI\u00d3N DE CONTACTO Stands y Auspicios 987 975 959 congresos2@encuentrometalurgia.com informes@encuentrometalurgia.com Trabajos T\u00e9cnicos congresos1@encuentrometalurgia.com Entradas e Inscripciones inscripciones@encuentrometalurgia.com Tel\u00e9fono \/ WhatsApp 987 975 959<\/p>","protected":false},"author":2,"featured_media":0,"parent":33638,"menu_order":0,"comment_status":"closed","ping_status":"closed","template":"","meta":{"footnotes":""},"class_list":["post-17589","page","type-page","status-publish","hentry"],"yoast_head":"<!-- This site is optimized with the Yoast SEO plugin v27.2 - https:\/\/yoast.com\/product\/yoast-seo-wordpress\/ -->\n<title>Contacto Flotacion 2026 - EncuentroMetalurgia<\/title>\n<meta name=\"description\" content=\"&quot;Flotaci\u00f3n 2026: si tienes alguna consulta no dudes en contactarnos!&quot;\" \/>\n<meta name=\"robots\" content=\"index, follow, max-snippet:-1, max-image-preview:large, max-video-preview:-1\" \/>\n<link rel=\"canonical\" href=\"https:\/\/encuentrometalurgia.com\/en\/flotacion-2026\/contacto\/\" \/>\n<meta property=\"og:locale\" content=\"en_US\" \/>\n<meta property=\"og:type\" content=\"article\" \/>\n<meta property=\"og:title\" content=\"Contacto Flotacion 2026 - EncuentroMetalurgia\" \/>\n<meta property=\"og:description\" content=\"&quot;Flotaci\u00f3n 2026: si tienes alguna consulta no dudes en contactarnos!&quot;\" \/>\n<meta property=\"og:url\" content=\"https:\/\/encuentrometalurgia.com\/en\/flotacion-2026\/contacto\/\" \/>\n<meta property=\"og:site_name\" content=\"EncuentroMetalurgia\" \/>\n<meta property=\"article:publisher\" content=\"https:\/\/www.facebook.com\/InterMetPeru\/\" \/>\n<meta property=\"article:modified_time\" content=\"2026-05-11T21:18:31+00:00\" \/>\n<meta property=\"og:image\" content=\"https:\/\/encuentrometalurgia.com\/wp-content\/uploads\/2026\/02\/banner-web-2.png\" \/>\n<meta name=\"twitter:card\" content=\"summary_large_image\" \/>\n<meta name=\"twitter:label1\" content=\"Est. reading time\" \/>\n\t<meta name=\"twitter:data1\" content=\"4 minutes\" \/>\n<script type=\"application\/ld+json\" class=\"yoast-schema-graph\">{\"@context\":\"https:\/\/schema.org\",\"@graph\":[{\"@type\":\"WebPage\",\"@id\":\"https:\/\/encuentrometalurgia.com\/flotacion-2026\/contacto\/\",\"url\":\"https:\/\/encuentrometalurgia.com\/flotacion-2026\/contacto\/\",\"name\":\"Contacto Flotacion 2026 - EncuentroMetalurgia\",\"isPartOf\":{\"@id\":\"https:\/\/encuentrometalurgia.com\/#website\"},\"primaryImageOfPage\":{\"@id\":\"https:\/\/encuentrometalurgia.com\/flotacion-2026\/contacto\/#primaryimage\"},\"image\":{\"@id\":\"https:\/\/encuentrometalurgia.com\/flotacion-2026\/contacto\/#primaryimage\"},\"thumbnailUrl\":\"https:\/\/encuentrometalurgia.com\/wp-content\/uploads\/2026\/02\/banner-web-2.png\",\"datePublished\":\"2025-10-30T22:59:25+00:00\",\"dateModified\":\"2026-05-11T21:18:31+00:00\",\"description\":\"\\\"Flotaci\u00f3n 2026: si tienes alguna consulta no dudes en contactarnos!\\\"\",\"breadcrumb\":{\"@id\":\"https:\/\/encuentrometalurgia.com\/flotacion-2026\/contacto\/#breadcrumb\"},\"inLanguage\":\"en-US\",\"potentialAction\":[{\"@type\":\"ReadAction\",\"target\":[\"https:\/\/encuentrometalurgia.com\/flotacion-2026\/contacto\/\"]}]},{\"@type\":\"ImageObject\",\"inLanguage\":\"en-US\",\"@id\":\"https:\/\/encuentrometalurgia.com\/flotacion-2026\/contacto\/#primaryimage\",\"url\":\"https:\/\/encuentrometalurgia.com\/wp-content\/uploads\/2026\/02\/banner-web-2.png\",\"contentUrl\":\"https:\/\/encuentrometalurgia.com\/wp-content\/uploads\/2026\/02\/banner-web-2.png\"},{\"@type\":\"BreadcrumbList\",\"@id\":\"https:\/\/encuentrometalurgia.com\/flotacion-2026\/contacto\/#breadcrumb\",\"itemListElement\":[{\"@type\":\"ListItem\",\"position\":1,\"name\":\"Portada\",\"item\":\"https:\/\/encuentrometalurgia.com\/\"},{\"@type\":\"ListItem\",\"position\":2,\"name\":\"Flotaci\u00f3n 2026\",\"item\":\"https:\/\/encuentrometalurgia.com\/flotacion-2026\/\"},{\"@type\":\"ListItem\",\"position\":3,\"name\":\"Contacto Flotacion 2026\"}]},{\"@type\":\"WebSite\",\"@id\":\"https:\/\/encuentrometalurgia.com\/#website\",\"url\":\"https:\/\/encuentrometalurgia.com\/\",\"name\":\"EncuentroMetalurgia\",\"description\":\"\",\"publisher\":{\"@id\":\"https:\/\/encuentrometalurgia.com\/#organization\"},\"potentialAction\":[{\"@type\":\"SearchAction\",\"target\":{\"@type\":\"EntryPoint\",\"urlTemplate\":\"https:\/\/encuentrometalurgia.com\/?s={search_term_string}\"},\"query-input\":{\"@type\":\"PropertyValueSpecification\",\"valueRequired\":true,\"valueName\":\"search_term_string\"}}],\"inLanguage\":\"en-US\"},{\"@type\":\"Organization\",\"@id\":\"https:\/\/encuentrometalurgia.com\/#organization\",\"name\":\"InterMet\",\"url\":\"https:\/\/encuentrometalurgia.com\/\",\"logo\":{\"@type\":\"ImageObject\",\"inLanguage\":\"en-US\",\"@id\":\"https:\/\/encuentrometalurgia.com\/#\/schema\/logo\/image\/\",\"url\":\"https:\/\/encuentrometalurgia.com\/wp-content\/uploads\/2023\/07\/INTERMET-LOGO-BLANCO.png\",\"contentUrl\":\"https:\/\/encuentrometalurgia.com\/wp-content\/uploads\/2023\/07\/INTERMET-LOGO-BLANCO.png\",\"width\":3508,\"height\":1188,\"caption\":\"InterMet\"},\"image\":{\"@id\":\"https:\/\/encuentrometalurgia.com\/#\/schema\/logo\/image\/\"},\"sameAs\":[\"https:\/\/www.facebook.com\/InterMetPeru\/\",\"https:\/\/www.youtube.com\/@intermetconsultoresmetalur7705\",\"https:\/\/www.linkedin.com\/in\/miningconferences\/?originalSubdomain=pe\"]}]}<\/script>\n<!-- \/ Yoast SEO plugin. -->","yoast_head_json":{"title":"Contacto Flotacion 2026 - EncuentroMetalurgia","description":"\"Flotaci\\u00f3n 2026: si tienes alguna consulta no dudes en contactarnos!\"","robots":{"index":"index","follow":"follow","max-snippet":"max-snippet:-1","max-image-preview":"max-image-preview:large","max-video-preview":"max-video-preview:-1"},"canonical":"https:\/\/encuentrometalurgia.com\/en\/flotacion-2026\/contacto\/","og_locale":"en_US","og_type":"article","og_title":"Contacto Flotacion 2026 - EncuentroMetalurgia","og_description":"\"Flotaci\u00f3n 2026: si tienes alguna consulta no dudes en contactarnos!\"","og_url":"https:\/\/encuentrometalurgia.com\/en\/flotacion-2026\/contacto\/","og_site_name":"EncuentroMetalurgia","article_publisher":"https:\/\/www.facebook.com\/InterMetPeru\/","article_modified_time":"2026-05-11T21:18:31+00:00","og_image":[{"url":"https:\/\/encuentrometalurgia.com\/wp-content\/uploads\/2026\/02\/banner-web-2.png","type":"","width":"","height":""}],"twitter_card":"summary_large_image","twitter_misc":{"Est. reading time":"4 minutes"},"schema":{"@context":"https:\/\/schema.org","@graph":[{"@type":"WebPage","@id":"https:\/\/encuentrometalurgia.com\/flotacion-2026\/contacto\/","url":"https:\/\/encuentrometalurgia.com\/flotacion-2026\/contacto\/","name":"Contacto Flotacion 2026 - EncuentroMetalurgia","isPartOf":{"@id":"https:\/\/encuentrometalurgia.com\/#website"},"primaryImageOfPage":{"@id":"https:\/\/encuentrometalurgia.com\/flotacion-2026\/contacto\/#primaryimage"},"image":{"@id":"https:\/\/encuentrometalurgia.com\/flotacion-2026\/contacto\/#primaryimage"},"thumbnailUrl":"https:\/\/encuentrometalurgia.com\/wp-content\/uploads\/2026\/02\/banner-web-2.png","datePublished":"2025-10-30T22:59:25+00:00","dateModified":"2026-05-11T21:18:31+00:00","description":"\"Flotaci\\u00f3n 2026: si tienes alguna consulta no dudes en contactarnos!\"","breadcrumb":{"@id":"https:\/\/encuentrometalurgia.com\/flotacion-2026\/contacto\/#breadcrumb"},"inLanguage":"en-US","potentialAction":[{"@type":"ReadAction","target":["https:\/\/encuentrometalurgia.com\/flotacion-2026\/contacto\/"]}]},{"@type":"ImageObject","inLanguage":"en-US","@id":"https:\/\/encuentrometalurgia.com\/flotacion-2026\/contacto\/#primaryimage","url":"https:\/\/encuentrometalurgia.com\/wp-content\/uploads\/2026\/02\/banner-web-2.png","contentUrl":"https:\/\/encuentrometalurgia.com\/wp-content\/uploads\/2026\/02\/banner-web-2.png"},{"@type":"BreadcrumbList","@id":"https:\/\/encuentrometalurgia.com\/flotacion-2026\/contacto\/#breadcrumb","itemListElement":[{"@type":"ListItem","position":1,"name":"Portada","item":"https:\/\/encuentrometalurgia.com\/"},{"@type":"ListItem","position":2,"name":"Flotaci\u00f3n 2026","item":"https:\/\/encuentrometalurgia.com\/flotacion-2026\/"},{"@type":"ListItem","position":3,"name":"Contacto Flotacion 2026"}]},{"@type":"WebSite","@id":"https:\/\/encuentrometalurgia.com\/#website","url":"https:\/\/encuentrometalurgia.com\/","name":"EncuentroMetalurgia","description":"","publisher":{"@id":"https:\/\/encuentrometalurgia.com\/#organization"},"potentialAction":[{"@type":"SearchAction","target":{"@type":"EntryPoint","urlTemplate":"https:\/\/encuentrometalurgia.com\/?s={search_term_string}"},"query-input":{"@type":"PropertyValueSpecification","valueRequired":true,"valueName":"search_term_string"}}],"inLanguage":"en-US"},{"@type":"Organization","@id":"https:\/\/encuentrometalurgia.com\/#organization","name":"InterMet","url":"https:\/\/encuentrometalurgia.com\/","logo":{"@type":"ImageObject","inLanguage":"en-US","@id":"https:\/\/encuentrometalurgia.com\/#\/schema\/logo\/image\/","url":"https:\/\/encuentrometalurgia.com\/wp-content\/uploads\/2023\/07\/INTERMET-LOGO-BLANCO.png","contentUrl":"https:\/\/encuentrometalurgia.com\/wp-content\/uploads\/2023\/07\/INTERMET-LOGO-BLANCO.png","width":3508,"height":1188,"caption":"InterMet"},"image":{"@id":"https:\/\/encuentrometalurgia.com\/#\/schema\/logo\/image\/"},"sameAs":["https:\/\/www.facebook.com\/InterMetPeru\/","https:\/\/www.youtube.com\/@intermetconsultoresmetalur7705","https:\/\/www.linkedin.com\/in\/miningconferences\/?originalSubdomain=pe"]}]}},"_links":{"self":[{"href":"https:\/\/encuentrometalurgia.com\/en\/wp-json\/wp\/v2\/pages\/17589","targetHints":{"allow":["GET"]}}],"collection":[{"href":"https:\/\/encuentrometalurgia.com\/en\/wp-json\/wp\/v2\/pages"}],"about":[{"href":"https:\/\/encuentrometalurgia.com\/en\/wp-json\/wp\/v2\/types\/page"}],"author":[{"embeddable":true,"href":"https:\/\/encuentrometalurgia.com\/en\/wp-json\/wp\/v2\/users\/2"}],"replies":[{"embeddable":true,"href":"https:\/\/encuentrometalurgia.com\/en\/wp-json\/wp\/v2\/comments?post=17589"}],"version-history":[{"count":28,"href":"https:\/\/encuentrometalurgia.com\/en\/wp-json\/wp\/v2\/pages\/17589\/revisions"}],"predecessor-version":[{"id":40915,"href":"https:\/\/encuentrometalurgia.com\/en\/wp-json\/wp\/v2\/pages\/17589\/revisions\/40915"}],"up":[{"embeddable":true,"href":"https:\/\/encuentrometalurgia.com\/en\/wp-json\/wp\/v2\/pages\/33638"}],"wp:attachment":[{"href":"https:\/\/encuentrometalurgia.com\/en\/wp-json\/wp\/v2\/media?parent=17589"}],"curies":[{"name":"wp","href":"https:\/\/api.w.org\/{rel}","templated":true}]}}