{"id":17993,"date":"2025-12-05T08:13:29","date_gmt":"2025-12-05T13:13:29","guid":{"rendered":"https:\/\/encuentrometalurgia.com\/?page_id=17993"},"modified":"2025-12-05T10:15:53","modified_gmt":"2025-12-05T15:15:53","slug":"areas-de-interes-flotacion-2026","status":"publish","type":"page","link":"https:\/\/encuentrometalurgia.com\/en\/areas-de-interes-flotacion-2026\/","title":{"rendered":"areas de interes FLOTACI\u00d3N 2026"},"content":{"rendered":"<div data-elementor-type=\"wp-page\" data-elementor-id=\"17993\" class=\"elementor elementor-17993\" data-elementor-post-type=\"page\">\n\t\t\t\t<div class=\"has_eae_slider elementor-element elementor-element-d2b828d e-flex e-con-boxed e-con e-parent\" data-eae-slider=\"90090\" data-id=\"d2b828d\" data-element_type=\"container\" data-e-type=\"container\">\n\t\t\t\t\t<div class=\"e-con-inner\">\n\t\t<div class=\"has_eae_slider elementor-element elementor-element-b911c3e e-con-full e-flex e-con e-child\" data-eae-slider=\"53456\" data-id=\"b911c3e\" data-element_type=\"container\" data-e-type=\"container\">\n\t\t\t\t<div class=\"elementor-element elementor-element-7619483 elementor-widget__width-initial elementor-widget elementor-widget-heading\" data-id=\"7619483\" data-element_type=\"widget\" data-e-type=\"widget\" data-widget_type=\"heading.default\">\n\t\t\t\t\t<h2 class=\"elementor-heading-title elementor-size-default\">CONOCE NUESTRAS \u00c1REAS DE INTER\u00c9S<\/h2>\t\t\t\t<\/div>\n\t\t\t\t<\/div>\n\t\t\t\t\t<\/div>\n\t\t\t\t<\/div>\n\t\t<div class=\"has_eae_slider elementor-element elementor-element-62f29f6 syspa-contenedor e-flex e-con-boxed e-con e-parent\" data-eae-slider=\"85148\" data-id=\"62f29f6\" data-element_type=\"container\" data-e-type=\"container\">\n\t\t\t\t\t<div class=\"e-con-inner\">\n\t\t<div class=\"has_eae_slider elementor-element elementor-element-b875333 e-con-full card-hover e-flex e-con e-child\" data-eae-slider=\"64589\" data-id=\"b875333\" data-element_type=\"container\" data-e-type=\"container\" data-settings=\"{&quot;background_background&quot;:&quot;classic&quot;}\">\n\t\t\t\t<div class=\"elementor-element elementor-element-48e2493 elementor-widget elementor-widget-image\" data-id=\"48e2493\" data-element_type=\"widget\" data-e-type=\"widget\" data-widget_type=\"image.default\">\n\t\t\t\t\t\t\t\t\t\t\t\t\t\t\t<img decoding=\"async\" src=\"https:\/\/encuentrometalurgia.com\/wp-content\/uploads\/2025\/12\/10.png\" title=\"10\" alt=\"10\" loading=\"lazy\" \/>\t\t\t\t\t\t\t\t\t\t\t\t\t\t\t<\/div>\n\t\t\t\t<div class=\"elementor-element elementor-element-848f38e elementor-widget__width-initial elementor-widget elementor-widget-heading\" data-id=\"848f38e\" data-element_type=\"widget\" data-e-type=\"widget\" data-widget_type=\"heading.default\">\n\t\t\t\t\t<h2 class=\"elementor-heading-title elementor-size-default\">REACTIVOS Y QU\u00cdMICA DE FLOTACI\u00d3N DE MINERALES.<\/h2>\t\t\t\t<\/div>\n\t\t\t\t<div class=\"elementor-element elementor-element-7e870ad elementor-widget__width-initial info elementor-widget elementor-widget-text-editor\" data-id=\"7e870ad\" data-element_type=\"widget\" data-e-type=\"widget\" data-widget_type=\"text-editor.default\">\n\t\t\t\t\t\t\t\t\t<ul><li>Colectores, espumantes, modificadores.<\/li><li>Impacto ambiental de los reactivos.<\/li><li>Eficiencia de los reactivos.<\/li><li>Nuevos reactivos para minerales complejos.<\/li><\/ul>\t\t\t\t\t\t\t\t<\/div>\n\t\t\t\t<\/div>\n\t\t<div class=\"has_eae_slider elementor-element elementor-element-eb69831 e-con-full card-hover e-flex e-con e-child\" data-eae-slider=\"83298\" data-id=\"eb69831\" data-element_type=\"container\" data-e-type=\"container\" data-settings=\"{&quot;background_background&quot;:&quot;classic&quot;}\">\n\t\t\t\t<div class=\"elementor-element elementor-element-853a5ee elementor-widget elementor-widget-image\" data-id=\"853a5ee\" data-element_type=\"widget\" data-e-type=\"widget\" data-widget_type=\"image.default\">\n\t\t\t\t\t\t\t\t\t\t\t\t\t\t\t<img decoding=\"async\" src=\"https:\/\/encuentrometalurgia.com\/wp-content\/uploads\/2025\/12\/11.png\" title=\"11\" alt=\"11\" loading=\"lazy\" \/>\t\t\t\t\t\t\t\t\t\t\t\t\t\t\t<\/div>\n\t\t\t\t<div class=\"elementor-element elementor-element-ddfa996 elementor-widget__width-initial elementor-widget elementor-widget-heading\" data-id=\"ddfa996\" data-element_type=\"widget\" data-e-type=\"widget\" data-widget_type=\"heading.default\">\n\t\t\t\t\t<h2 class=\"elementor-heading-title elementor-size-default\">CELDAS DE FLOTACI\u00d3N: HIDRODIN\u00c1MICA, CIN\u00c9TICA, ESPUMAS, Y DISE\u00d1O.<\/h2>\t\t\t\t<\/div>\n\t\t\t\t<div class=\"elementor-element elementor-element-329408d info elementor-widget elementor-widget-text-editor\" data-id=\"329408d\" data-element_type=\"widget\" data-e-type=\"widget\" data-widget_type=\"text-editor.default\">\n\t\t\t\t\t\t\t\t\t<ul><li>Desempe\u00f1o de celdas.<\/li><li>Monitoreo en tiempo real.<\/li><li>Automatizaci\u00f3n de celdas de flotaci\u00f3n.<\/li><\/ul>\t\t\t\t\t\t\t\t<\/div>\n\t\t\t\t<\/div>\n\t\t<div class=\"has_eae_slider elementor-element elementor-element-307bcaf e-con-full card-hover e-flex e-con e-child\" data-eae-slider=\"8285\" data-id=\"307bcaf\" data-element_type=\"container\" data-e-type=\"container\" data-settings=\"{&quot;background_background&quot;:&quot;classic&quot;}\">\n\t\t\t\t<div class=\"elementor-element elementor-element-126c80c elementor-widget elementor-widget-image\" data-id=\"126c80c\" data-element_type=\"widget\" data-e-type=\"widget\" data-widget_type=\"image.default\">\n\t\t\t\t\t\t\t\t\t\t\t\t\t\t\t<img decoding=\"async\" src=\"https:\/\/encuentrometalurgia.com\/wp-content\/uploads\/2025\/12\/12.png\" title=\"12\" alt=\"12\" loading=\"lazy\" \/>\t\t\t\t\t\t\t\t\t\t\t\t\t\t\t<\/div>\n\t\t\t\t<div class=\"elementor-element elementor-element-2b51d41 elementor-widget elementor-widget-heading\" data-id=\"2b51d41\" data-element_type=\"widget\" data-e-type=\"widget\" data-widget_type=\"heading.default\">\n\t\t\t\t\t<h2 class=\"elementor-heading-title elementor-size-default\">DISE\u00d1O DE PLANTAS<\/h2>\t\t\t\t<\/div>\n\t\t\t\t<div class=\"elementor-element elementor-element-ae634dc info elementor-widget elementor-widget-text-editor\" data-id=\"ae634dc\" data-element_type=\"widget\" data-e-type=\"widget\" data-widget_type=\"text-editor.default\">\n\t\t\t\t\t\t\t\t\t<ul><li>Dise\u00f1o de plantas para minerales complejos.<\/li><li>Dise\u00f1o sostenible de plantas.<\/li><li>Integraci\u00f3n de la flotaci\u00f3n con otros procesos.<\/li><\/ul>\t\t\t\t\t\t\t\t<\/div>\n\t\t\t\t<\/div>\n\t\t<div class=\"has_eae_slider elementor-element elementor-element-5ac356f e-con-full card-hover e-flex e-con e-child\" data-eae-slider=\"59581\" data-id=\"5ac356f\" data-element_type=\"container\" data-e-type=\"container\" data-settings=\"{&quot;background_background&quot;:&quot;classic&quot;}\">\n\t\t\t\t<div class=\"elementor-element elementor-element-3946846 elementor-widget elementor-widget-image\" data-id=\"3946846\" data-element_type=\"widget\" data-e-type=\"widget\" data-widget_type=\"image.default\">\n\t\t\t\t\t\t\t\t\t\t\t\t\t\t\t<img decoding=\"async\" src=\"https:\/\/encuentrometalurgia.com\/wp-content\/uploads\/2025\/12\/13.png\" title=\"13\" alt=\"13\" loading=\"lazy\" \/>\t\t\t\t\t\t\t\t\t\t\t\t\t\t\t<\/div>\n\t\t\t\t<div class=\"elementor-element elementor-element-806d5bc elementor-widget__width-initial elementor-widget elementor-widget-heading\" data-id=\"806d5bc\" data-element_type=\"widget\" data-e-type=\"widget\" data-widget_type=\"heading.default\">\n\t\t\t\t\t<h2 class=\"elementor-heading-title elementor-size-default\">MANTENIMIENTO DE PLANTA CONCENTRADORA<\/h2>\t\t\t\t<\/div>\n\t\t\t\t<div class=\"elementor-element elementor-element-7c2c539 info elementor-widget elementor-widget-text-editor\" data-id=\"7c2c539\" data-element_type=\"widget\" data-e-type=\"widget\" data-widget_type=\"text-editor.default\">\n\t\t\t\t\t\t\t\t\t<ul><li>Mantenimiento predictivo y preventivo<\/li><li>Digitalizaci\u00f3n en mantenimiento.<\/li><li>Gesti\u00f3n de activos.<\/li><li>Tecnolog\u00eda de sensores para monitoreo de equipos.<\/li><\/ul>\t\t\t\t\t\t\t\t<\/div>\n\t\t\t\t<\/div>\n\t\t\t\t\t<\/div>\n\t\t\t\t<\/div>\n\t\t<div class=\"has_eae_slider elementor-element elementor-element-1f03dc2 syspa-contenedor e-flex e-con-boxed e-con e-parent\" data-eae-slider=\"5833\" data-id=\"1f03dc2\" data-element_type=\"container\" data-e-type=\"container\">\n\t\t\t\t\t<div class=\"e-con-inner\">\n\t\t<div class=\"has_eae_slider elementor-element elementor-element-b742898 e-con-full card-hover e-flex e-con e-child\" data-eae-slider=\"11798\" data-id=\"b742898\" data-element_type=\"container\" data-e-type=\"container\" data-settings=\"{&quot;background_background&quot;:&quot;classic&quot;}\">\n\t\t\t\t<div class=\"elementor-element elementor-element-043e31d elementor-widget elementor-widget-image\" data-id=\"043e31d\" data-element_type=\"widget\" data-e-type=\"widget\" data-widget_type=\"image.default\">\n\t\t\t\t\t\t\t\t\t\t\t\t\t\t\t<img decoding=\"async\" src=\"https:\/\/encuentrometalurgia.com\/wp-content\/uploads\/2025\/12\/14.png\" title=\"14\" alt=\"14\" loading=\"lazy\" \/>\t\t\t\t\t\t\t\t\t\t\t\t\t\t\t<\/div>\n\t\t\t\t<div class=\"elementor-element elementor-element-3e447d1 elementor-widget__width-initial elementor-widget elementor-widget-heading\" data-id=\"3e447d1\" data-element_type=\"widget\" data-e-type=\"widget\" data-widget_type=\"heading.default\">\n\t\t\t\t\t<h2 class=\"elementor-heading-title elementor-size-default\">SEPARACI\u00d3N S\u00d3LIDO-L\u00cdQUIDO<\/h2>\t\t\t\t<\/div>\n\t\t\t\t<div class=\"elementor-element elementor-element-90e0ef5 info elementor-widget elementor-widget-text-editor\" data-id=\"90e0ef5\" data-element_type=\"widget\" data-e-type=\"widget\" data-widget_type=\"text-editor.default\">\n\t\t\t\t\t\t\t\t\t<ul><li>Avances en separaci\u00f3n de s\u00f3lidos de los concentrados.<\/li><li>Tecnolog\u00edas de filtros, espesadores.<\/li><li>Reducci\u00f3n de consumo de agua en flotaci\u00f3n.<\/li><li>Recirculaci\u00f3n de aguas.<\/li><\/ul>\t\t\t\t\t\t\t\t<\/div>\n\t\t\t\t<\/div>\n\t\t<div class=\"has_eae_slider elementor-element elementor-element-c9f534c e-con-full card-hover e-flex e-con e-child\" data-eae-slider=\"34808\" data-id=\"c9f534c\" data-element_type=\"container\" data-e-type=\"container\" data-settings=\"{&quot;background_background&quot;:&quot;classic&quot;}\">\n\t\t\t\t<div class=\"elementor-element elementor-element-4f08d62 elementor-widget elementor-widget-image\" data-id=\"4f08d62\" data-element_type=\"widget\" data-e-type=\"widget\" data-widget_type=\"image.default\">\n\t\t\t\t\t\t\t\t\t\t\t\t\t\t\t<img decoding=\"async\" src=\"https:\/\/encuentrometalurgia.com\/wp-content\/uploads\/2025\/12\/15.png\" title=\"15\" alt=\"15\" loading=\"lazy\" \/>\t\t\t\t\t\t\t\t\t\t\t\t\t\t\t<\/div>\n\t\t\t\t<div class=\"elementor-element elementor-element-aeda485 elementor-widget__width-initial elementor-widget elementor-widget-heading\" data-id=\"aeda485\" data-element_type=\"widget\" data-e-type=\"widget\" data-widget_type=\"heading.default\">\n\t\t\t\t\t<h2 class=\"elementor-heading-title elementor-size-default\">CONTROL AVANZADO DE PROCESOS Y AUTOMATIZACI\u00d3N EN PLANTA.<\/h2>\t\t\t\t<\/div>\n\t\t\t\t<div class=\"elementor-element elementor-element-8570c0c info elementor-widget elementor-widget-text-editor\" data-id=\"8570c0c\" data-element_type=\"widget\" data-e-type=\"widget\" data-widget_type=\"text-editor.default\">\n\t\t\t\t\t\t\t\t\t<ul><li>Automatizaci\u00f3n del proceso de flotaci\u00f3n.<\/li><li>Sistemas de control avanzados (DCS, PLC).<\/li><li>Monitoreo en tiempo real de variables clave en flotaci\u00f3n.<\/li><\/ul>\t\t\t\t\t\t\t\t<\/div>\n\t\t\t\t<\/div>\n\t\t<div class=\"has_eae_slider elementor-element elementor-element-e689199 e-con-full card-hover e-flex e-con e-child\" data-eae-slider=\"49926\" data-id=\"e689199\" data-element_type=\"container\" data-e-type=\"container\" data-settings=\"{&quot;background_background&quot;:&quot;classic&quot;}\">\n\t\t\t\t<div class=\"elementor-element elementor-element-3b8b04b elementor-widget elementor-widget-image\" data-id=\"3b8b04b\" data-element_type=\"widget\" data-e-type=\"widget\" data-widget_type=\"image.default\">\n\t\t\t\t\t\t\t\t\t\t\t\t\t\t\t<img decoding=\"async\" src=\"https:\/\/encuentrometalurgia.com\/wp-content\/uploads\/2025\/12\/16.png\" title=\"16\" alt=\"16\" loading=\"lazy\" \/>\t\t\t\t\t\t\t\t\t\t\t\t\t\t\t<\/div>\n\t\t\t\t<div class=\"elementor-element elementor-element-837fd2b elementor-widget__width-initial elementor-widget elementor-widget-heading\" data-id=\"837fd2b\" data-element_type=\"widget\" data-e-type=\"widget\" data-widget_type=\"heading.default\">\n\t\t\t\t\t<h2 class=\"elementor-heading-title elementor-size-default\">INNOVACI\u00d3N Y NUEVAS TECNOLOG\u00cdAS<\/h2>\t\t\t\t<\/div>\n\t\t\t\t<div class=\"elementor-element elementor-element-f768a89 info elementor-widget elementor-widget-text-editor\" data-id=\"f768a89\" data-element_type=\"widget\" data-e-type=\"widget\" data-widget_type=\"text-editor.default\">\n\t\t\t\t\t\t\t\t\t<ul><li>Flotaci\u00f3n con bajo impacto ambiental.<\/li><li>Tecnolog\u00edas para optimizaci\u00f3n del consumo de agua.<\/li><li>Flotaci\u00f3n de minerales complejos.<\/li><li>Inteligencia artificial.<\/li><li>Sensores avanzados en flotaci\u00f3n.<\/li><li>Tecnolog\u00edas de simulaci\u00f3n y optimizaci\u00f3n en tiempo real.<\/li><li>\u00a0<\/li><\/ul>\t\t\t\t\t\t\t\t<\/div>\n\t\t\t\t<\/div>\n\t\t\t\t\t<\/div>\n\t\t\t\t<\/div>\n\t\t<div class=\"has_eae_slider elementor-element elementor-element-1d15cc4 e-flex e-con-boxed e-con e-parent\" data-eae-slider=\"64846\" data-id=\"1d15cc4\" data-element_type=\"container\" data-e-type=\"container\">\n\t\t\t\t\t<div class=\"e-con-inner\">\n\t\t\t\t\t<\/div>\n\t\t\t\t<\/div>\n\t\t\t\t<\/div>","protected":false},"excerpt":{"rendered":"<p>CONOCE NUESTRAS \u00c1REAS DE INTER\u00c9S REACTIVOS Y QU\u00cdMICA DE FLOTACI\u00d3N DE MINERALES. Colectores, espumantes, modificadores. Impacto ambiental de los reactivos. Eficiencia de los reactivos. Nuevos reactivos para minerales complejos. CELDAS DE FLOTACI\u00d3N: HIDRODIN\u00c1MICA, CIN\u00c9TICA, ESPUMAS, Y DISE\u00d1O. Desempe\u00f1o de celdas. Monitoreo en tiempo real. Automatizaci\u00f3n de celdas de flotaci\u00f3n. DISE\u00d1O DE PLANTAS Dise\u00f1o de plantas [&hellip;]<\/p>\n","protected":false},"author":2,"featured_media":0,"parent":0,"menu_order":0,"comment_status":"closed","ping_status":"closed","template":"","meta":{"footnotes":""},"class_list":["post-17993","page","type-page","status-publish","hentry"],"yoast_head":"<!-- This site is optimized with the Yoast SEO plugin v27.2 - https:\/\/yoast.com\/product\/yoast-seo-wordpress\/ -->\n<title>areas de interes FLOTACI\u00d3N 2026 - EncuentroMetalurgia<\/title>\n<meta name=\"description\" content=\"Acompa\u00f1enos en Lima, los d\u00edas 20 y 21 de agosto de 2026, para el VII Congreso Internacional de Flotaci\u00f3n de Minerales y explore nuevos puntos de vista, conexiones en la optimizaci\u00f3n y eficiencia de la flotaci\u00f3n de minerales.\" \/>\n<meta name=\"robots\" content=\"index, follow, max-snippet:-1, max-image-preview:large, max-video-preview:-1\" \/>\n<link rel=\"canonical\" href=\"https:\/\/encuentrometalurgia.com\/en\/areas-de-interes-flotacion-2026\/\" \/>\n<meta property=\"og:locale\" content=\"en_US\" \/>\n<meta property=\"og:type\" content=\"article\" \/>\n<meta property=\"og:title\" content=\"areas de interes FLOTACI\u00d3N 2026 - EncuentroMetalurgia\" \/>\n<meta property=\"og:description\" content=\"Acompa\u00f1enos en Lima, los d\u00edas 20 y 21 de agosto de 2026, para el VII Congreso Internacional de Flotaci\u00f3n de Minerales y explore nuevos puntos de vista, conexiones en la optimizaci\u00f3n y eficiencia de la flotaci\u00f3n de minerales.\" \/>\n<meta property=\"og:url\" content=\"https:\/\/encuentrometalurgia.com\/en\/areas-de-interes-flotacion-2026\/\" \/>\n<meta property=\"og:site_name\" content=\"EncuentroMetalurgia\" \/>\n<meta property=\"article:publisher\" content=\"https:\/\/www.facebook.com\/InterMetPeru\/\" \/>\n<meta property=\"article:modified_time\" content=\"2025-12-05T15:15:53+00:00\" \/>\n<meta property=\"og:image\" content=\"https:\/\/encuentrometalurgia.com\/wp-content\/uploads\/2025\/12\/10.png\" \/>\n<meta name=\"twitter:card\" content=\"summary_large_image\" \/>\n<meta name=\"twitter:label1\" content=\"Est. reading time\" \/>\n\t<meta name=\"twitter:data1\" content=\"3 minutes\" \/>\n<script type=\"application\/ld+json\" class=\"yoast-schema-graph\">{\"@context\":\"https:\/\/schema.org\",\"@graph\":[{\"@type\":\"WebPage\",\"@id\":\"https:\/\/encuentrometalurgia.com\/areas-de-interes-flotacion-2026\/\",\"url\":\"https:\/\/encuentrometalurgia.com\/areas-de-interes-flotacion-2026\/\",\"name\":\"areas de interes FLOTACI\u00d3N 2026 - EncuentroMetalurgia\",\"isPartOf\":{\"@id\":\"https:\/\/encuentrometalurgia.com\/#website\"},\"primaryImageOfPage\":{\"@id\":\"https:\/\/encuentrometalurgia.com\/areas-de-interes-flotacion-2026\/#primaryimage\"},\"image\":{\"@id\":\"https:\/\/encuentrometalurgia.com\/areas-de-interes-flotacion-2026\/#primaryimage\"},\"thumbnailUrl\":\"https:\/\/encuentrometalurgia.com\/wp-content\/uploads\/2025\/12\/10.png\",\"datePublished\":\"2025-12-05T13:13:29+00:00\",\"dateModified\":\"2025-12-05T15:15:53+00:00\",\"description\":\"Acompa\u00f1enos en Lima, los d\u00edas 20 y 21 de agosto de 2026, para el VII Congreso Internacional de Flotaci\u00f3n de Minerales y explore nuevos puntos de vista, conexiones en la optimizaci\u00f3n y eficiencia de la flotaci\u00f3n de minerales.\",\"breadcrumb\":{\"@id\":\"https:\/\/encuentrometalurgia.com\/areas-de-interes-flotacion-2026\/#breadcrumb\"},\"inLanguage\":\"en-US\",\"potentialAction\":[{\"@type\":\"ReadAction\",\"target\":[\"https:\/\/encuentrometalurgia.com\/areas-de-interes-flotacion-2026\/\"]}]},{\"@type\":\"ImageObject\",\"inLanguage\":\"en-US\",\"@id\":\"https:\/\/encuentrometalurgia.com\/areas-de-interes-flotacion-2026\/#primaryimage\",\"url\":\"https:\/\/encuentrometalurgia.com\/wp-content\/uploads\/2025\/12\/10.png\",\"contentUrl\":\"https:\/\/encuentrometalurgia.com\/wp-content\/uploads\/2025\/12\/10.png\"},{\"@type\":\"BreadcrumbList\",\"@id\":\"https:\/\/encuentrometalurgia.com\/areas-de-interes-flotacion-2026\/#breadcrumb\",\"itemListElement\":[{\"@type\":\"ListItem\",\"position\":1,\"name\":\"Portada\",\"item\":\"https:\/\/encuentrometalurgia.com\/\"},{\"@type\":\"ListItem\",\"position\":2,\"name\":\"areas de interes FLOTACI\u00d3N 2026\"}]},{\"@type\":\"WebSite\",\"@id\":\"https:\/\/encuentrometalurgia.com\/#website\",\"url\":\"https:\/\/encuentrometalurgia.com\/\",\"name\":\"EncuentroMetalurgia\",\"description\":\"\",\"publisher\":{\"@id\":\"https:\/\/encuentrometalurgia.com\/#organization\"},\"potentialAction\":[{\"@type\":\"SearchAction\",\"target\":{\"@type\":\"EntryPoint\",\"urlTemplate\":\"https:\/\/encuentrometalurgia.com\/?s={search_term_string}\"},\"query-input\":{\"@type\":\"PropertyValueSpecification\",\"valueRequired\":true,\"valueName\":\"search_term_string\"}}],\"inLanguage\":\"en-US\"},{\"@type\":\"Organization\",\"@id\":\"https:\/\/encuentrometalurgia.com\/#organization\",\"name\":\"InterMet\",\"url\":\"https:\/\/encuentrometalurgia.com\/\",\"logo\":{\"@type\":\"ImageObject\",\"inLanguage\":\"en-US\",\"@id\":\"https:\/\/encuentrometalurgia.com\/#\/schema\/logo\/image\/\",\"url\":\"https:\/\/encuentrometalurgia.com\/wp-content\/uploads\/2023\/07\/INTERMET-LOGO-BLANCO.png\",\"contentUrl\":\"https:\/\/encuentrometalurgia.com\/wp-content\/uploads\/2023\/07\/INTERMET-LOGO-BLANCO.png\",\"width\":3508,\"height\":1188,\"caption\":\"InterMet\"},\"image\":{\"@id\":\"https:\/\/encuentrometalurgia.com\/#\/schema\/logo\/image\/\"},\"sameAs\":[\"https:\/\/www.facebook.com\/InterMetPeru\/\",\"https:\/\/www.youtube.com\/@intermetconsultoresmetalur7705\",\"https:\/\/www.linkedin.com\/in\/miningconferences\/?originalSubdomain=pe\"]}]}<\/script>\n<!-- \/ Yoast SEO plugin. -->","yoast_head_json":{"title":"areas de interes FLOTACI\u00d3N 2026 - EncuentroMetalurgia","description":"Join us in Lima on August 20 and 21, 2026, for the 7th International Mineral Flotation Congress and explore new perspectives and connections in mineral flotation optimization and efficiency.","robots":{"index":"index","follow":"follow","max-snippet":"max-snippet:-1","max-image-preview":"max-image-preview:large","max-video-preview":"max-video-preview:-1"},"canonical":"https:\/\/encuentrometalurgia.com\/en\/areas-de-interes-flotacion-2026\/","og_locale":"en_US","og_type":"article","og_title":"areas de interes FLOTACI\u00d3N 2026 - EncuentroMetalurgia","og_description":"Acompa\u00f1enos en Lima, los d\u00edas 20 y 21 de agosto de 2026, para el VII Congreso Internacional de Flotaci\u00f3n de Minerales y explore nuevos puntos de vista, conexiones en la optimizaci\u00f3n y eficiencia de la flotaci\u00f3n de minerales.","og_url":"https:\/\/encuentrometalurgia.com\/en\/areas-de-interes-flotacion-2026\/","og_site_name":"EncuentroMetalurgia","article_publisher":"https:\/\/www.facebook.com\/InterMetPeru\/","article_modified_time":"2025-12-05T15:15:53+00:00","og_image":[{"url":"https:\/\/encuentrometalurgia.com\/wp-content\/uploads\/2025\/12\/10.png","type":"","width":"","height":""}],"twitter_card":"summary_large_image","twitter_misc":{"Est. reading time":"3 minutes"},"schema":{"@context":"https:\/\/schema.org","@graph":[{"@type":"WebPage","@id":"https:\/\/encuentrometalurgia.com\/areas-de-interes-flotacion-2026\/","url":"https:\/\/encuentrometalurgia.com\/areas-de-interes-flotacion-2026\/","name":"areas de interes FLOTACI\u00d3N 2026 - EncuentroMetalurgia","isPartOf":{"@id":"https:\/\/encuentrometalurgia.com\/#website"},"primaryImageOfPage":{"@id":"https:\/\/encuentrometalurgia.com\/areas-de-interes-flotacion-2026\/#primaryimage"},"image":{"@id":"https:\/\/encuentrometalurgia.com\/areas-de-interes-flotacion-2026\/#primaryimage"},"thumbnailUrl":"https:\/\/encuentrometalurgia.com\/wp-content\/uploads\/2025\/12\/10.png","datePublished":"2025-12-05T13:13:29+00:00","dateModified":"2025-12-05T15:15:53+00:00","description":"Join us in Lima on August 20 and 21, 2026, for the 7th International Mineral Flotation Congress and explore new perspectives and connections in mineral flotation optimization and efficiency.","breadcrumb":{"@id":"https:\/\/encuentrometalurgia.com\/areas-de-interes-flotacion-2026\/#breadcrumb"},"inLanguage":"en-US","potentialAction":[{"@type":"ReadAction","target":["https:\/\/encuentrometalurgia.com\/areas-de-interes-flotacion-2026\/"]}]},{"@type":"ImageObject","inLanguage":"en-US","@id":"https:\/\/encuentrometalurgia.com\/areas-de-interes-flotacion-2026\/#primaryimage","url":"https:\/\/encuentrometalurgia.com\/wp-content\/uploads\/2025\/12\/10.png","contentUrl":"https:\/\/encuentrometalurgia.com\/wp-content\/uploads\/2025\/12\/10.png"},{"@type":"BreadcrumbList","@id":"https:\/\/encuentrometalurgia.com\/areas-de-interes-flotacion-2026\/#breadcrumb","itemListElement":[{"@type":"ListItem","position":1,"name":"Portada","item":"https:\/\/encuentrometalurgia.com\/"},{"@type":"ListItem","position":2,"name":"areas de interes FLOTACI\u00d3N 2026"}]},{"@type":"WebSite","@id":"https:\/\/encuentrometalurgia.com\/#website","url":"https:\/\/encuentrometalurgia.com\/","name":"EncuentroMetalurgia","description":"","publisher":{"@id":"https:\/\/encuentrometalurgia.com\/#organization"},"potentialAction":[{"@type":"SearchAction","target":{"@type":"EntryPoint","urlTemplate":"https:\/\/encuentrometalurgia.com\/?s={search_term_string}"},"query-input":{"@type":"PropertyValueSpecification","valueRequired":true,"valueName":"search_term_string"}}],"inLanguage":"en-US"},{"@type":"Organization","@id":"https:\/\/encuentrometalurgia.com\/#organization","name":"InterMet","url":"https:\/\/encuentrometalurgia.com\/","logo":{"@type":"ImageObject","inLanguage":"en-US","@id":"https:\/\/encuentrometalurgia.com\/#\/schema\/logo\/image\/","url":"https:\/\/encuentrometalurgia.com\/wp-content\/uploads\/2023\/07\/INTERMET-LOGO-BLANCO.png","contentUrl":"https:\/\/encuentrometalurgia.com\/wp-content\/uploads\/2023\/07\/INTERMET-LOGO-BLANCO.png","width":3508,"height":1188,"caption":"InterMet"},"image":{"@id":"https:\/\/encuentrometalurgia.com\/#\/schema\/logo\/image\/"},"sameAs":["https:\/\/www.facebook.com\/InterMetPeru\/","https:\/\/www.youtube.com\/@intermetconsultoresmetalur7705","https:\/\/www.linkedin.com\/in\/miningconferences\/?originalSubdomain=pe"]}]}},"_links":{"self":[{"href":"https:\/\/encuentrometalurgia.com\/en\/wp-json\/wp\/v2\/pages\/17993","targetHints":{"allow":["GET"]}}],"collection":[{"href":"https:\/\/encuentrometalurgia.com\/en\/wp-json\/wp\/v2\/pages"}],"about":[{"href":"https:\/\/encuentrometalurgia.com\/en\/wp-json\/wp\/v2\/types\/page"}],"author":[{"embeddable":true,"href":"https:\/\/encuentrometalurgia.com\/en\/wp-json\/wp\/v2\/users\/2"}],"replies":[{"embeddable":true,"href":"https:\/\/encuentrometalurgia.com\/en\/wp-json\/wp\/v2\/comments?post=17993"}],"version-history":[{"count":8,"href":"https:\/\/encuentrometalurgia.com\/en\/wp-json\/wp\/v2\/pages\/17993\/revisions"}],"predecessor-version":[{"id":18011,"href":"https:\/\/encuentrometalurgia.com\/en\/wp-json\/wp\/v2\/pages\/17993\/revisions\/18011"}],"wp:attachment":[{"href":"https:\/\/encuentrometalurgia.com\/en\/wp-json\/wp\/v2\/media?parent=17993"}],"curies":[{"name":"wp","href":"https:\/\/api.w.org\/{rel}","templated":true}]}}