{"id":20655,"date":"2026-01-09T12:59:37","date_gmt":"2026-01-09T17:59:37","guid":{"rendered":"https:\/\/encuentrometalurgia.com\/?page_id=20655"},"modified":"2026-01-09T17:06:17","modified_gmt":"2026-01-09T22:06:17","slug":"programa-flotacion-2026","status":"publish","type":"page","link":"https:\/\/encuentrometalurgia.com\/en\/programa-flotacion-2026\/","title":{"rendered":"PROGRAMA FLOTACION 2026"},"content":{"rendered":"<div data-elementor-type=\"wp-page\" data-elementor-id=\"20655\" class=\"elementor elementor-20655\" data-elementor-post-type=\"page\">\n\t\t\t\t<div class=\"has_eae_slider elementor-element elementor-element-7afed7a2 e-con-full e-flex e-con e-parent\" data-eae-slider=\"86955\" data-id=\"7afed7a2\" data-element_type=\"container\" data-e-type=\"container\" data-settings=\"{&quot;background_background&quot;:&quot;classic&quot;}\">\n\t\t<div class=\"has_eae_slider elementor-element elementor-element-4c3978e6 e-con-full e-flex e-con e-child\" data-eae-slider=\"61763\" data-id=\"4c3978e6\" data-element_type=\"container\" data-e-type=\"container\">\n\t\t\t\t<div class=\"elementor-element elementor-element-59f5adf6 elementor-widget__width-initial elementor-widget elementor-widget-heading\" data-id=\"59f5adf6\" data-element_type=\"widget\" data-e-type=\"widget\" data-widget_type=\"heading.default\">\n\t\t\t\t\t<h2 class=\"elementor-heading-title elementor-size-default\">OUTLINE GENERAL<\/h2>\t\t\t\t<\/div>\n\t\t\t\t<\/div>\n\t\t\t\t<\/div>\n\t\t<div class=\"has_eae_slider elementor-element elementor-element-2f96ca8 e-flex e-con-boxed e-con e-parent\" data-eae-slider=\"45521\" data-id=\"2f96ca8\" data-element_type=\"container\" data-e-type=\"container\">\n\t\t\t\t\t<div class=\"e-con-inner\">\n\t\t\t\t<div class=\"elementor-element elementor-element-68705f2 elementor-widget elementor-widget-spacer\" data-id=\"68705f2\" data-element_type=\"widget\" data-e-type=\"widget\" data-widget_type=\"spacer.default\">\n\t\t\t\t\t\t\t<div class=\"elementor-spacer\">\n\t\t\t<div class=\"elementor-spacer-inner\"><\/div>\n\t\t<\/div>\n\t\t\t\t\t\t<\/div>\n\t\t\t\t\t<\/div>\n\t\t\t\t<\/div>\n\t\t<div class=\"has_eae_slider elementor-element elementor-element-0f9140a e-flex e-con-boxed e-con e-parent\" data-eae-slider=\"36564\" data-id=\"0f9140a\" data-element_type=\"container\" data-e-type=\"container\">\n\t\t\t\t\t<div class=\"e-con-inner\">\n\t\t\t\t<div class=\"elementor-element elementor-element-4826bff e-n-tabs-mobile elementor-widget elementor-widget-n-tabs\" data-id=\"4826bff\" data-element_type=\"widget\" data-e-type=\"widget\" data-settings=\"{&quot;horizontal_scroll&quot;:&quot;disable&quot;}\" data-widget_type=\"nested-tabs.default\">\n\t\t\t\t\t\t\t<div class=\"e-n-tabs\" data-widget-number=\"75656191\" aria-label=\"Pesta\u00f1as. Abre elementos con Intro o Espacio, ci\u00e9rralos con Escape y navega con las fechas.\">\n\t\t\t<div class=\"e-n-tabs-heading\" role=\"tablist\">\n\t\t\t\t\t<button id=\"e-n-tab-title-756561911\" data-tab-title-id=\"e-n-tab-title-756561911\" class=\"e-n-tab-title\" aria-selected=\"true\" data-tab-index=\"1\" role=\"tab\" tabindex=\"0\" aria-controls=\"e-n-tab-content-756561911\" style=\"--n-tabs-title-order: 1;\">\n\t\t\t\t\t\t<span class=\"e-n-tab-title-text\">\n\t\t\t\tDIA 1\t\t\t<\/span>\n\t\t<\/button>\n\t\t\t\t<button id=\"e-n-tab-title-756561912\" data-tab-title-id=\"e-n-tab-title-756561912\" class=\"e-n-tab-title\" aria-selected=\"false\" data-tab-index=\"2\" role=\"tab\" tabindex=\"-1\" aria-controls=\"e-n-tab-content-756561912\" style=\"--n-tabs-title-order: 2;\">\n\t\t\t\t\t\t<span class=\"e-n-tab-title-text\">\n\t\t\t\tDIA 2\t\t\t<\/span>\n\t\t<\/button>\n\t\t\t\t\t<\/div>\n\t\t\t<div class=\"e-n-tabs-content\">\n\t\t\t\t<div class=\"has_eae_slider e-active elementor-element elementor-element-3ec4e5a e-con-full e-flex e-con e-child\" data-eae-slider=\"78033\" id=\"e-n-tab-content-756561911\" role=\"tabpanel\" aria-labelledby=\"e-n-tab-title-756561911\" data-tab-index=\"1\" style=\"--n-tabs-title-order: 1;\" data-id=\"3ec4e5a\" data-element_type=\"container\" data-e-type=\"container\">\n\t\t\t\t<div class=\"elementor-element elementor-element-1ae5046 elementor-widget elementor-widget-image\" data-id=\"1ae5046\" data-element_type=\"widget\" data-e-type=\"widget\" data-widget_type=\"image.default\">\n\t\t\t\t\t\t\t\t\t\t\t\t\t\t\t<img fetchpriority=\"high\" decoding=\"async\" width=\"1366\" height=\"1522\" src=\"https:\/\/encuentrometalurgia.com\/wp-content\/uploads\/2026\/01\/outline-dia-1-2.png\" class=\"attachment-full size-full wp-image-20731\" alt=\"\" srcset=\"https:\/\/encuentrometalurgia.com\/wp-content\/uploads\/2026\/01\/outline-dia-1-2.png 1366w, https:\/\/encuentrometalurgia.com\/wp-content\/uploads\/2026\/01\/outline-dia-1-2-269x300.png 269w, https:\/\/encuentrometalurgia.com\/wp-content\/uploads\/2026\/01\/outline-dia-1-2-919x1024.png 919w, https:\/\/encuentrometalurgia.com\/wp-content\/uploads\/2026\/01\/outline-dia-1-2-768x856.png 768w, https:\/\/encuentrometalurgia.com\/wp-content\/uploads\/2026\/01\/outline-dia-1-2-11x12.png 11w\" sizes=\"(max-width: 1366px) 100vw, 1366px\" \/>\t\t\t\t\t\t\t\t\t\t\t\t\t\t\t<\/div>\n\t\t\t\t<\/div>\n\t\t<div class=\"has_eae_slider  elementor-element elementor-element-b3eead8 e-con-full e-flex e-con e-child\" data-eae-slider=\"28847\" id=\"e-n-tab-content-756561912\" role=\"tabpanel\" aria-labelledby=\"e-n-tab-title-756561912\" data-tab-index=\"2\" style=\"--n-tabs-title-order: 2;\" data-id=\"b3eead8\" data-element_type=\"container\" data-e-type=\"container\">\n\t\t\t\t<div class=\"elementor-element elementor-element-bf04e84 elementor-widget elementor-widget-image\" data-id=\"bf04e84\" data-element_type=\"widget\" data-e-type=\"widget\" data-widget_type=\"image.default\">\n\t\t\t\t\t\t\t\t\t\t\t\t\t\t\t<img decoding=\"async\" width=\"1367\" height=\"1462\" src=\"https:\/\/encuentrometalurgia.com\/wp-content\/uploads\/2026\/01\/outline-dia-2-2.png\" class=\"attachment-full size-full wp-image-20733\" alt=\"\" srcset=\"https:\/\/encuentrometalurgia.com\/wp-content\/uploads\/2026\/01\/outline-dia-2-2.png 1367w, https:\/\/encuentrometalurgia.com\/wp-content\/uploads\/2026\/01\/outline-dia-2-2-281x300.png 281w, https:\/\/encuentrometalurgia.com\/wp-content\/uploads\/2026\/01\/outline-dia-2-2-957x1024.png 957w, https:\/\/encuentrometalurgia.com\/wp-content\/uploads\/2026\/01\/outline-dia-2-2-768x821.png 768w, https:\/\/encuentrometalurgia.com\/wp-content\/uploads\/2026\/01\/outline-dia-2-2-11x12.png 11w\" sizes=\"(max-width: 1367px) 100vw, 1367px\" \/>\t\t\t\t\t\t\t\t\t\t\t\t\t\t\t<\/div>\n\t\t\t\t<\/div>\n\t\t\t\t\t<\/div>\n\t\t<\/div>\n\t\t\t\t\t\t<\/div>\n\t\t\t\t\t<\/div>\n\t\t\t\t<\/div>\n\t\t\t\t<\/div>","protected":false},"excerpt":{"rendered":"<p>OUTLINE GENERAL DIA 1 DIA 2<\/p>","protected":false},"author":2,"featured_media":0,"parent":0,"menu_order":0,"comment_status":"closed","ping_status":"closed","template":"","meta":{"footnotes":""},"class_list":["post-20655","page","type-page","status-publish","hentry"],"yoast_head":"<!-- This site is optimized with the Yoast SEO plugin v27.2 - https:\/\/yoast.com\/product\/yoast-seo-wordpress\/ -->\n<title>PROGRAMA FLOTACION 2026 - EncuentroMetalurgia<\/title>\n<meta name=\"description\" content=\"&quot;Flotaci\u00f3n 2023 - Contamos con el Honor de Presentar Nuestros Auspicios en Este Destacado Congreso. Descubre las \u00daltimas Tendencias y Logros en el Mundo de la Flotaci\u00f3n de la Mano de Expertos de Renombre. Conoce c\u00f3mo Nuestros Auspiciadores Contribuyen al Avance y la Innovaci\u00f3n en este Vital Proceso Minero. \u00danete a Nosotros y S\u00e9 Parte de esta Experiencia en la Vanguardia de la Tecnolog\u00eda y el Conocimiento.&quot;\" \/>\n<meta name=\"robots\" content=\"index, follow, max-snippet:-1, max-image-preview:large, max-video-preview:-1\" \/>\n<link rel=\"canonical\" href=\"https:\/\/encuentrometalurgia.com\/en\/flotacion-2026\/programa-flotacion-2026\/\" \/>\n<meta property=\"og:locale\" content=\"en_US\" \/>\n<meta property=\"og:type\" content=\"article\" \/>\n<meta property=\"og:title\" content=\"PROGRAMA FLOTACION 2026 - EncuentroMetalurgia\" \/>\n<meta property=\"og:description\" content=\"&quot;Flotaci\u00f3n 2023 - Contamos con el Honor de Presentar Nuestros Auspicios en Este Destacado Congreso. Descubre las \u00daltimas Tendencias y Logros en el Mundo de la Flotaci\u00f3n de la Mano de Expertos de Renombre. Conoce c\u00f3mo Nuestros Auspiciadores Contribuyen al Avance y la Innovaci\u00f3n en este Vital Proceso Minero. \u00danete a Nosotros y S\u00e9 Parte de esta Experiencia en la Vanguardia de la Tecnolog\u00eda y el Conocimiento.&quot;\" \/>\n<meta property=\"og:url\" content=\"https:\/\/encuentrometalurgia.com\/en\/flotacion-2026\/programa-flotacion-2026\/\" \/>\n<meta property=\"og:site_name\" content=\"EncuentroMetalurgia\" \/>\n<meta property=\"article:publisher\" content=\"https:\/\/www.facebook.com\/InterMetPeru\/\" \/>\n<meta property=\"article:modified_time\" content=\"2026-01-09T22:06:17+00:00\" \/>\n<meta property=\"og:image\" content=\"https:\/\/encuentrometalurgia.com\/wp-content\/uploads\/2026\/01\/outline-dia-1-2.png\" \/>\n<meta name=\"twitter:card\" content=\"summary_large_image\" \/>\n<meta name=\"twitter:label1\" content=\"Est. reading time\" \/>\n\t<meta name=\"twitter:data1\" content=\"1 minute\" \/>\n<script type=\"application\/ld+json\" class=\"yoast-schema-graph\">{\"@context\":\"https:\/\/schema.org\",\"@graph\":[{\"@type\":\"WebPage\",\"@id\":\"https:\/\/encuentrometalurgia.com\/flotacion-2026\/programa-flotacion-2026\/\",\"url\":\"https:\/\/encuentrometalurgia.com\/flotacion-2026\/programa-flotacion-2026\/\",\"name\":\"PROGRAMA FLOTACION 2026 - EncuentroMetalurgia\",\"isPartOf\":{\"@id\":\"https:\/\/encuentrometalurgia.com\/#website\"},\"primaryImageOfPage\":{\"@id\":\"https:\/\/encuentrometalurgia.com\/flotacion-2026\/programa-flotacion-2026\/#primaryimage\"},\"image\":{\"@id\":\"https:\/\/encuentrometalurgia.com\/flotacion-2026\/programa-flotacion-2026\/#primaryimage\"},\"thumbnailUrl\":\"https:\/\/encuentrometalurgia.com\/wp-content\/uploads\/2026\/01\/outline-dia-1-2.png\",\"datePublished\":\"2026-01-09T17:59:37+00:00\",\"dateModified\":\"2026-01-09T22:06:17+00:00\",\"description\":\"\\\"Flotaci\u00f3n 2023 - Contamos con el Honor de Presentar Nuestros Auspicios en Este Destacado Congreso. Descubre las \u00daltimas Tendencias y Logros en el Mundo de la Flotaci\u00f3n de la Mano de Expertos de Renombre. Conoce c\u00f3mo Nuestros Auspiciadores Contribuyen al Avance y la Innovaci\u00f3n en este Vital Proceso Minero. \u00danete a Nosotros y S\u00e9 Parte de esta Experiencia en la Vanguardia de la Tecnolog\u00eda y el Conocimiento.\\\"\",\"breadcrumb\":{\"@id\":\"https:\/\/encuentrometalurgia.com\/flotacion-2026\/programa-flotacion-2026\/#breadcrumb\"},\"inLanguage\":\"en-US\",\"potentialAction\":[{\"@type\":\"ReadAction\",\"target\":[\"https:\/\/encuentrometalurgia.com\/flotacion-2026\/programa-flotacion-2026\/\"]}]},{\"@type\":\"ImageObject\",\"inLanguage\":\"en-US\",\"@id\":\"https:\/\/encuentrometalurgia.com\/flotacion-2026\/programa-flotacion-2026\/#primaryimage\",\"url\":\"https:\/\/encuentrometalurgia.com\/wp-content\/uploads\/2026\/01\/outline-dia-1-2.png\",\"contentUrl\":\"https:\/\/encuentrometalurgia.com\/wp-content\/uploads\/2026\/01\/outline-dia-1-2.png\"},{\"@type\":\"BreadcrumbList\",\"@id\":\"https:\/\/encuentrometalurgia.com\/flotacion-2026\/programa-flotacion-2026\/#breadcrumb\",\"itemListElement\":[{\"@type\":\"ListItem\",\"position\":1,\"name\":\"Portada\",\"item\":\"https:\/\/encuentrometalurgia.com\/\"},{\"@type\":\"ListItem\",\"position\":2,\"name\":\"PROGRAMA FLOTACION 2026\"}]},{\"@type\":\"WebSite\",\"@id\":\"https:\/\/encuentrometalurgia.com\/#website\",\"url\":\"https:\/\/encuentrometalurgia.com\/\",\"name\":\"EncuentroMetalurgia\",\"description\":\"\",\"publisher\":{\"@id\":\"https:\/\/encuentrometalurgia.com\/#organization\"},\"potentialAction\":[{\"@type\":\"SearchAction\",\"target\":{\"@type\":\"EntryPoint\",\"urlTemplate\":\"https:\/\/encuentrometalurgia.com\/?s={search_term_string}\"},\"query-input\":{\"@type\":\"PropertyValueSpecification\",\"valueRequired\":true,\"valueName\":\"search_term_string\"}}],\"inLanguage\":\"en-US\"},{\"@type\":\"Organization\",\"@id\":\"https:\/\/encuentrometalurgia.com\/#organization\",\"name\":\"InterMet\",\"url\":\"https:\/\/encuentrometalurgia.com\/\",\"logo\":{\"@type\":\"ImageObject\",\"inLanguage\":\"en-US\",\"@id\":\"https:\/\/encuentrometalurgia.com\/#\/schema\/logo\/image\/\",\"url\":\"https:\/\/encuentrometalurgia.com\/wp-content\/uploads\/2023\/07\/INTERMET-LOGO-BLANCO.png\",\"contentUrl\":\"https:\/\/encuentrometalurgia.com\/wp-content\/uploads\/2023\/07\/INTERMET-LOGO-BLANCO.png\",\"width\":3508,\"height\":1188,\"caption\":\"InterMet\"},\"image\":{\"@id\":\"https:\/\/encuentrometalurgia.com\/#\/schema\/logo\/image\/\"},\"sameAs\":[\"https:\/\/www.facebook.com\/InterMetPeru\/\",\"https:\/\/www.youtube.com\/@intermetconsultoresmetalur7705\",\"https:\/\/www.linkedin.com\/in\/miningconferences\/?originalSubdomain=pe\"]}]}<\/script>\n<!-- \/ Yoast SEO plugin. -->","yoast_head_json":{"title":"PROGRAMA FLOTACION 2026 - EncuentroMetalurgia","description":"\"Flotaci\\u00f3n 2023 - Contamos con el Honor de Presentar Nuestros Auspicios en Este Destacado Congreso. Descubre las \\u00daltimas Tendencias y Logros en el Mundo de la Flotaci\\u00f3n de la Mano de Expertos de Renombre. Conoce c\\u00f3mo Nuestros Auspiciadores Contribuyen al Avance y la Innovaci\\u00f3n en este Vital Proceso Minero. \\u00danete a Nosotros y S\\u00e9 Parte de esta Experiencia en la Vanguardia de la Tecnolog\\u00eda y el Conocimiento.\"","robots":{"index":"index","follow":"follow","max-snippet":"max-snippet:-1","max-image-preview":"max-image-preview:large","max-video-preview":"max-video-preview:-1"},"canonical":"https:\/\/encuentrometalurgia.com\/en\/flotacion-2026\/programa-flotacion-2026\/","og_locale":"en_US","og_type":"article","og_title":"PROGRAMA FLOTACION 2026 - EncuentroMetalurgia","og_description":"\"Flotaci\u00f3n 2023 - Contamos con el Honor de Presentar Nuestros Auspicios en Este Destacado Congreso. Descubre las \u00daltimas Tendencias y Logros en el Mundo de la Flotaci\u00f3n de la Mano de Expertos de Renombre. Conoce c\u00f3mo Nuestros Auspiciadores Contribuyen al Avance y la Innovaci\u00f3n en este Vital Proceso Minero. \u00danete a Nosotros y S\u00e9 Parte de esta Experiencia en la Vanguardia de la Tecnolog\u00eda y el Conocimiento.\"","og_url":"https:\/\/encuentrometalurgia.com\/en\/flotacion-2026\/programa-flotacion-2026\/","og_site_name":"EncuentroMetalurgia","article_publisher":"https:\/\/www.facebook.com\/InterMetPeru\/","article_modified_time":"2026-01-09T22:06:17+00:00","og_image":[{"url":"https:\/\/encuentrometalurgia.com\/wp-content\/uploads\/2026\/01\/outline-dia-1-2.png","type":"","width":"","height":""}],"twitter_card":"summary_large_image","twitter_misc":{"Est. reading time":"1 minute"},"schema":{"@context":"https:\/\/schema.org","@graph":[{"@type":"WebPage","@id":"https:\/\/encuentrometalurgia.com\/flotacion-2026\/programa-flotacion-2026\/","url":"https:\/\/encuentrometalurgia.com\/flotacion-2026\/programa-flotacion-2026\/","name":"PROGRAMA FLOTACION 2026 - EncuentroMetalurgia","isPartOf":{"@id":"https:\/\/encuentrometalurgia.com\/#website"},"primaryImageOfPage":{"@id":"https:\/\/encuentrometalurgia.com\/flotacion-2026\/programa-flotacion-2026\/#primaryimage"},"image":{"@id":"https:\/\/encuentrometalurgia.com\/flotacion-2026\/programa-flotacion-2026\/#primaryimage"},"thumbnailUrl":"https:\/\/encuentrometalurgia.com\/wp-content\/uploads\/2026\/01\/outline-dia-1-2.png","datePublished":"2026-01-09T17:59:37+00:00","dateModified":"2026-01-09T22:06:17+00:00","description":"\"Flotaci\\u00f3n 2023 - Contamos con el Honor de Presentar Nuestros Auspicios en Este Destacado Congreso. Descubre las \\u00daltimas Tendencias y Logros en el Mundo de la Flotaci\\u00f3n de la Mano de Expertos de Renombre. Conoce c\\u00f3mo Nuestros Auspiciadores Contribuyen al Avance y la Innovaci\\u00f3n en este Vital Proceso Minero. \\u00danete a Nosotros y S\\u00e9 Parte de esta Experiencia en la Vanguardia de la Tecnolog\\u00eda y el Conocimiento.\"","breadcrumb":{"@id":"https:\/\/encuentrometalurgia.com\/flotacion-2026\/programa-flotacion-2026\/#breadcrumb"},"inLanguage":"en-US","potentialAction":[{"@type":"ReadAction","target":["https:\/\/encuentrometalurgia.com\/flotacion-2026\/programa-flotacion-2026\/"]}]},{"@type":"ImageObject","inLanguage":"en-US","@id":"https:\/\/encuentrometalurgia.com\/flotacion-2026\/programa-flotacion-2026\/#primaryimage","url":"https:\/\/encuentrometalurgia.com\/wp-content\/uploads\/2026\/01\/outline-dia-1-2.png","contentUrl":"https:\/\/encuentrometalurgia.com\/wp-content\/uploads\/2026\/01\/outline-dia-1-2.png"},{"@type":"BreadcrumbList","@id":"https:\/\/encuentrometalurgia.com\/flotacion-2026\/programa-flotacion-2026\/#breadcrumb","itemListElement":[{"@type":"ListItem","position":1,"name":"Portada","item":"https:\/\/encuentrometalurgia.com\/"},{"@type":"ListItem","position":2,"name":"PROGRAMA FLOTACION 2026"}]},{"@type":"WebSite","@id":"https:\/\/encuentrometalurgia.com\/#website","url":"https:\/\/encuentrometalurgia.com\/","name":"EncuentroMetalurgia","description":"","publisher":{"@id":"https:\/\/encuentrometalurgia.com\/#organization"},"potentialAction":[{"@type":"SearchAction","target":{"@type":"EntryPoint","urlTemplate":"https:\/\/encuentrometalurgia.com\/?s={search_term_string}"},"query-input":{"@type":"PropertyValueSpecification","valueRequired":true,"valueName":"search_term_string"}}],"inLanguage":"en-US"},{"@type":"Organization","@id":"https:\/\/encuentrometalurgia.com\/#organization","name":"InterMet","url":"https:\/\/encuentrometalurgia.com\/","logo":{"@type":"ImageObject","inLanguage":"en-US","@id":"https:\/\/encuentrometalurgia.com\/#\/schema\/logo\/image\/","url":"https:\/\/encuentrometalurgia.com\/wp-content\/uploads\/2023\/07\/INTERMET-LOGO-BLANCO.png","contentUrl":"https:\/\/encuentrometalurgia.com\/wp-content\/uploads\/2023\/07\/INTERMET-LOGO-BLANCO.png","width":3508,"height":1188,"caption":"InterMet"},"image":{"@id":"https:\/\/encuentrometalurgia.com\/#\/schema\/logo\/image\/"},"sameAs":["https:\/\/www.facebook.com\/InterMetPeru\/","https:\/\/www.youtube.com\/@intermetconsultoresmetalur7705","https:\/\/www.linkedin.com\/in\/miningconferences\/?originalSubdomain=pe"]}]}},"_links":{"self":[{"href":"https:\/\/encuentrometalurgia.com\/en\/wp-json\/wp\/v2\/pages\/20655","targetHints":{"allow":["GET"]}}],"collection":[{"href":"https:\/\/encuentrometalurgia.com\/en\/wp-json\/wp\/v2\/pages"}],"about":[{"href":"https:\/\/encuentrometalurgia.com\/en\/wp-json\/wp\/v2\/types\/page"}],"author":[{"embeddable":true,"href":"https:\/\/encuentrometalurgia.com\/en\/wp-json\/wp\/v2\/users\/2"}],"replies":[{"embeddable":true,"href":"https:\/\/encuentrometalurgia.com\/en\/wp-json\/wp\/v2\/comments?post=20655"}],"version-history":[{"count":10,"href":"https:\/\/encuentrometalurgia.com\/en\/wp-json\/wp\/v2\/pages\/20655\/revisions"}],"predecessor-version":[{"id":20737,"href":"https:\/\/encuentrometalurgia.com\/en\/wp-json\/wp\/v2\/pages\/20655\/revisions\/20737"}],"wp:attachment":[{"href":"https:\/\/encuentrometalurgia.com\/en\/wp-json\/wp\/v2\/media?parent=20655"}],"curies":[{"name":"wp","href":"https:\/\/api.w.org\/{rel}","templated":true}]}}