{"id":2194,"date":"2023-09-22T19:26:19","date_gmt":"2023-09-23T00:26:19","guid":{"rendered":"https:\/\/encuentrometalurgia.com\/?page_id=2194"},"modified":"2024-02-22T10:38:27","modified_gmt":"2024-02-22T15:38:27","slug":"convocatoria-de-papers","status":"publish","type":"page","link":"https:\/\/encuentrometalurgia.com\/en\/hidrometalurgia-2024\/convocatoria-de-papers\/","title":{"rendered":"Convocatoria de papers"},"content":{"rendered":"<div data-elementor-type=\"wp-page\" data-elementor-id=\"2194\" class=\"elementor elementor-2194\" data-elementor-post-type=\"page\">\n\t\t\t\t\t\t<section class=\"has_eae_slider elementor-section elementor-top-section elementor-element elementor-element-68a66b7 elementor-section-boxed elementor-section-height-default elementor-section-height-default\" data-eae-slider=\"18300\" data-id=\"68a66b7\" data-element_type=\"section\" data-e-type=\"section\">\n\t\t\t\t\t\t<div class=\"elementor-container elementor-column-gap-default\">\n\t\t\t\t\t<div class=\"has_eae_slider elementor-column elementor-col-100 elementor-top-column elementor-element elementor-element-cfd0610\" data-eae-slider=\"81034\" data-id=\"cfd0610\" data-element_type=\"column\" data-e-type=\"column\">\n\t\t\t<div class=\"elementor-widget-wrap\">\n\t\t\t\t\t\t\t<\/div>\n\t\t<\/div>\n\t\t\t\t\t<\/div>\n\t\t<\/section>\n\t\t\t\t<section class=\"has_eae_slider elementor-section elementor-top-section elementor-element elementor-element-aee4987 elementor-section-boxed elementor-section-height-default elementor-section-height-default\" data-eae-slider=\"46598\" data-id=\"aee4987\" data-element_type=\"section\" data-e-type=\"section\">\n\t\t\t\t\t\t<div class=\"elementor-container elementor-column-gap-default\">\n\t\t\t\t\t<div class=\"has_eae_slider elementor-column elementor-col-66 elementor-top-column elementor-element elementor-element-f187182\" data-eae-slider=\"94104\" data-id=\"f187182\" data-element_type=\"column\" data-e-type=\"column\">\n\t\t\t<div class=\"elementor-widget-wrap elementor-element-populated\">\n\t\t\t\t\t\t<div class=\"elementor-element elementor-element-3704692 elementor-widget elementor-widget-image\" data-id=\"3704692\" data-element_type=\"widget\" data-e-type=\"widget\" data-widget_type=\"image.default\">\n\t\t\t\t\t\t\t\t\t\t\t\t\t\t\t<img fetchpriority=\"high\" decoding=\"async\" width=\"1414\" height=\"2000\" src=\"https:\/\/encuentrometalurgia.com\/wp-content\/uploads\/2024\/02\/Convocatoria-de-TT-Hidrometalurgia-_EN.png\" class=\"attachment-full size-full wp-image-5713\" alt=\"\" srcset=\"https:\/\/encuentrometalurgia.com\/wp-content\/uploads\/2024\/02\/Convocatoria-de-TT-Hidrometalurgia-_EN.png 1414w, https:\/\/encuentrometalurgia.com\/wp-content\/uploads\/2024\/02\/Convocatoria-de-TT-Hidrometalurgia-_EN-212x300.png 212w, https:\/\/encuentrometalurgia.com\/wp-content\/uploads\/2024\/02\/Convocatoria-de-TT-Hidrometalurgia-_EN-724x1024.png 724w, https:\/\/encuentrometalurgia.com\/wp-content\/uploads\/2024\/02\/Convocatoria-de-TT-Hidrometalurgia-_EN-768x1086.png 768w, https:\/\/encuentrometalurgia.com\/wp-content\/uploads\/2024\/02\/Convocatoria-de-TT-Hidrometalurgia-_EN-1086x1536.png 1086w, https:\/\/encuentrometalurgia.com\/wp-content\/uploads\/2024\/02\/Convocatoria-de-TT-Hidrometalurgia-_EN-8x12.png 8w\" sizes=\"(max-width: 1414px) 100vw, 1414px\" \/>\t\t\t\t\t\t\t\t\t\t\t\t\t\t\t<\/div>\n\t\t\t\t\t<\/div>\n\t\t<\/div>\n\t\t\t\t<div class=\"has_eae_slider elementor-column elementor-col-33 elementor-top-column elementor-element elementor-element-e654fdc\" data-eae-slider=\"91106\" data-id=\"e654fdc\" data-element_type=\"column\" data-e-type=\"column\">\n\t\t\t<div class=\"elementor-widget-wrap elementor-element-populated\">\n\t\t\t\t\t\t<section class=\"has_eae_slider elementor-section elementor-inner-section elementor-element elementor-element-96e3858 elementor-section-boxed elementor-section-height-default elementor-section-height-default\" data-eae-slider=\"88558\" data-id=\"96e3858\" data-element_type=\"section\" data-e-type=\"section\">\n\t\t\t\t\t\t<div class=\"elementor-container elementor-column-gap-default\">\n\t\t\t\t\t<div class=\"has_eae_slider elementor-column elementor-col-100 elementor-inner-column elementor-element elementor-element-2bbf20c\" data-eae-slider=\"88404\" data-id=\"2bbf20c\" data-element_type=\"column\" data-e-type=\"column\">\n\t\t\t<div class=\"elementor-widget-wrap elementor-element-populated\">\n\t\t\t\t\t\t<div class=\"elementor-element elementor-element-73448d9 elementor-align-justify elementor-widget elementor-widget-button\" data-id=\"73448d9\" data-element_type=\"widget\" data-e-type=\"widget\" data-widget_type=\"button.default\">\n\t\t\t\t\t\t\t\t\t\t<a class=\"elementor-button elementor-button-link elementor-size-sm\" href=\"https:\/\/docs.google.com\/forms\/d\/1azg-GQ1UMwmAAd1Y1pTSywcyN402kZWsjIursD9nPGk\/viewform?edit_requested=true\" target=\"_blank\">\n\t\t\t\t\t\t<span class=\"elementor-button-content-wrapper\">\n\t\t\t\t\t\t\t\t\t<span class=\"elementor-button-text\">HERE SEND YOUR TECHNICAL ABSTRACT<\/span>\n\t\t\t\t\t<\/span>\n\t\t\t\t\t<\/a>\n\t\t\t\t\t\t\t\t<\/div>\n\t\t\t\t<div class=\"elementor-element elementor-element-65d73ca elementor-align-justify elementor-widget elementor-widget-button\" data-id=\"65d73ca\" data-element_type=\"widget\" data-e-type=\"widget\" data-widget_type=\"button.default\">\n\t\t\t\t\t\t\t\t\t\t<a class=\"elementor-button elementor-button-link elementor-size-sm\" href=\"https:\/\/encuentrometalurgia.com\/wp-content\/uploads\/2023\/12\/GUIA-_ABSTRACT-OFICIAL_INTERMET_-INGLES-3.docx\" target=\"_blank\">\n\t\t\t\t\t\t<span class=\"elementor-button-content-wrapper\">\n\t\t\t\t\t\t\t\t\t<span class=\"elementor-button-text\">ABSTRACT GUIDELINES<\/span>\n\t\t\t\t\t<\/span>\n\t\t\t\t\t<\/a>\n\t\t\t\t\t\t\t\t<\/div>\n\t\t\t\t\t<\/div>\n\t\t<\/div>\n\t\t\t\t\t<\/div>\n\t\t<\/section>\n\t\t\t\t\t<\/div>\n\t\t<\/div>\n\t\t\t\t\t<\/div>\n\t\t<\/section>\n\t\t\t\t<\/div>","protected":false},"excerpt":{"rendered":"<p>ENVIAR RESUMEN T\u00c9CNICO AQU\u00cd GU\u00cdA RESUMENES<\/p>","protected":false},"author":2,"featured_media":0,"parent":484,"menu_order":0,"comment_status":"closed","ping_status":"closed","template":"","meta":{"footnotes":""},"class_list":["post-2194","page","type-page","status-publish","hentry"],"yoast_head":"<!-- This site is optimized with the Yoast SEO plugin v27.2 - https:\/\/yoast.com\/product\/yoast-seo-wordpress\/ -->\n<title>Convocatoria de papers - EncuentroMetalurgia<\/title>\n<meta name=\"robots\" content=\"index, follow, max-snippet:-1, max-image-preview:large, max-video-preview:-1\" \/>\n<link rel=\"canonical\" href=\"https:\/\/encuentrometalurgia.com\/en\/congreso\/hidrometalurgia-2024\/convocatoria-de-papers\/\" \/>\n<meta property=\"og:locale\" content=\"en_US\" \/>\n<meta property=\"og:type\" content=\"article\" \/>\n<meta property=\"og:title\" content=\"Convocatoria de papers - EncuentroMetalurgia\" \/>\n<meta property=\"og:description\" content=\"ENVIAR RESUMEN T\u00c9CNICO AQU\u00cd GU\u00cdA RESUMENES\" \/>\n<meta property=\"og:url\" content=\"https:\/\/encuentrometalurgia.com\/en\/congreso\/hidrometalurgia-2024\/convocatoria-de-papers\/\" \/>\n<meta property=\"og:site_name\" content=\"EncuentroMetalurgia\" \/>\n<meta property=\"article:publisher\" content=\"https:\/\/www.facebook.com\/InterMetPeru\/\" \/>\n<meta property=\"article:modified_time\" content=\"2024-02-22T15:38:27+00:00\" \/>\n<meta property=\"og:image\" content=\"https:\/\/encuentrometalurgia.com\/wp-content\/uploads\/2024\/02\/Convocatoria-de-TT-Hidrometalurgia-.png\" \/>\n<meta name=\"twitter:card\" content=\"summary_large_image\" \/>\n<meta name=\"twitter:label1\" content=\"Est. reading time\" \/>\n\t<meta name=\"twitter:data1\" content=\"1 minute\" \/>\n<script type=\"application\/ld+json\" class=\"yoast-schema-graph\">{\"@context\":\"https:\/\/schema.org\",\"@graph\":[{\"@type\":\"WebPage\",\"@id\":\"https:\/\/encuentrometalurgia.com\/congreso\/hidrometalurgia-2024\/convocatoria-de-papers\/\",\"url\":\"https:\/\/encuentrometalurgia.com\/congreso\/hidrometalurgia-2024\/convocatoria-de-papers\/\",\"name\":\"Convocatoria de papers - EncuentroMetalurgia\",\"isPartOf\":{\"@id\":\"https:\/\/encuentrometalurgia.com\/#website\"},\"primaryImageOfPage\":{\"@id\":\"https:\/\/encuentrometalurgia.com\/congreso\/hidrometalurgia-2024\/convocatoria-de-papers\/#primaryimage\"},\"image\":{\"@id\":\"https:\/\/encuentrometalurgia.com\/congreso\/hidrometalurgia-2024\/convocatoria-de-papers\/#primaryimage\"},\"thumbnailUrl\":\"https:\/\/encuentrometalurgia.com\/wp-content\/uploads\/2024\/02\/Convocatoria-de-TT-Hidrometalurgia-.png\",\"datePublished\":\"2023-09-23T00:26:19+00:00\",\"dateModified\":\"2024-02-22T15:38:27+00:00\",\"breadcrumb\":{\"@id\":\"https:\/\/encuentrometalurgia.com\/congreso\/hidrometalurgia-2024\/convocatoria-de-papers\/#breadcrumb\"},\"inLanguage\":\"en-US\",\"potentialAction\":[{\"@type\":\"ReadAction\",\"target\":[\"https:\/\/encuentrometalurgia.com\/congreso\/hidrometalurgia-2024\/convocatoria-de-papers\/\"]}]},{\"@type\":\"ImageObject\",\"inLanguage\":\"en-US\",\"@id\":\"https:\/\/encuentrometalurgia.com\/congreso\/hidrometalurgia-2024\/convocatoria-de-papers\/#primaryimage\",\"url\":\"https:\/\/encuentrometalurgia.com\/wp-content\/uploads\/2024\/02\/Convocatoria-de-TT-Hidrometalurgia-.png\",\"contentUrl\":\"https:\/\/encuentrometalurgia.com\/wp-content\/uploads\/2024\/02\/Convocatoria-de-TT-Hidrometalurgia-.png\"},{\"@type\":\"BreadcrumbList\",\"@id\":\"https:\/\/encuentrometalurgia.com\/congreso\/hidrometalurgia-2024\/convocatoria-de-papers\/#breadcrumb\",\"itemListElement\":[{\"@type\":\"ListItem\",\"position\":1,\"name\":\"Portada\",\"item\":\"https:\/\/encuentrometalurgia.com\/\"},{\"@type\":\"ListItem\",\"position\":2,\"name\":\"HIDROMETALURGIA 2024\",\"item\":\"https:\/\/encuentrometalurgia.com\/congreso\/hidrometalurgia-2024\/\"},{\"@type\":\"ListItem\",\"position\":3,\"name\":\"Convocatoria de papers\"}]},{\"@type\":\"WebSite\",\"@id\":\"https:\/\/encuentrometalurgia.com\/#website\",\"url\":\"https:\/\/encuentrometalurgia.com\/\",\"name\":\"EncuentroMetalurgia\",\"description\":\"\",\"publisher\":{\"@id\":\"https:\/\/encuentrometalurgia.com\/#organization\"},\"potentialAction\":[{\"@type\":\"SearchAction\",\"target\":{\"@type\":\"EntryPoint\",\"urlTemplate\":\"https:\/\/encuentrometalurgia.com\/?s={search_term_string}\"},\"query-input\":{\"@type\":\"PropertyValueSpecification\",\"valueRequired\":true,\"valueName\":\"search_term_string\"}}],\"inLanguage\":\"en-US\"},{\"@type\":\"Organization\",\"@id\":\"https:\/\/encuentrometalurgia.com\/#organization\",\"name\":\"InterMet\",\"url\":\"https:\/\/encuentrometalurgia.com\/\",\"logo\":{\"@type\":\"ImageObject\",\"inLanguage\":\"en-US\",\"@id\":\"https:\/\/encuentrometalurgia.com\/#\/schema\/logo\/image\/\",\"url\":\"https:\/\/encuentrometalurgia.com\/wp-content\/uploads\/2023\/07\/INTERMET-LOGO-BLANCO.png\",\"contentUrl\":\"https:\/\/encuentrometalurgia.com\/wp-content\/uploads\/2023\/07\/INTERMET-LOGO-BLANCO.png\",\"width\":3508,\"height\":1188,\"caption\":\"InterMet\"},\"image\":{\"@id\":\"https:\/\/encuentrometalurgia.com\/#\/schema\/logo\/image\/\"},\"sameAs\":[\"https:\/\/www.facebook.com\/InterMetPeru\/\",\"https:\/\/www.youtube.com\/@intermetconsultoresmetalur7705\",\"https:\/\/www.linkedin.com\/in\/miningconferences\/?originalSubdomain=pe\"]}]}<\/script>\n<!-- \/ Yoast SEO plugin. -->","yoast_head_json":{"title":"Convocatoria de papers - EncuentroMetalurgia","robots":{"index":"index","follow":"follow","max-snippet":"max-snippet:-1","max-image-preview":"max-image-preview:large","max-video-preview":"max-video-preview:-1"},"canonical":"https:\/\/encuentrometalurgia.com\/en\/congreso\/hidrometalurgia-2024\/convocatoria-de-papers\/","og_locale":"en_US","og_type":"article","og_title":"Convocatoria de papers - EncuentroMetalurgia","og_description":"ENVIAR RESUMEN T\u00c9CNICO AQU\u00cd GU\u00cdA RESUMENES","og_url":"https:\/\/encuentrometalurgia.com\/en\/congreso\/hidrometalurgia-2024\/convocatoria-de-papers\/","og_site_name":"EncuentroMetalurgia","article_publisher":"https:\/\/www.facebook.com\/InterMetPeru\/","article_modified_time":"2024-02-22T15:38:27+00:00","og_image":[{"url":"https:\/\/encuentrometalurgia.com\/wp-content\/uploads\/2024\/02\/Convocatoria-de-TT-Hidrometalurgia-.png","type":"","width":"","height":""}],"twitter_card":"summary_large_image","twitter_misc":{"Est. reading time":"1 minute"},"schema":{"@context":"https:\/\/schema.org","@graph":[{"@type":"WebPage","@id":"https:\/\/encuentrometalurgia.com\/congreso\/hidrometalurgia-2024\/convocatoria-de-papers\/","url":"https:\/\/encuentrometalurgia.com\/congreso\/hidrometalurgia-2024\/convocatoria-de-papers\/","name":"Convocatoria de papers - EncuentroMetalurgia","isPartOf":{"@id":"https:\/\/encuentrometalurgia.com\/#website"},"primaryImageOfPage":{"@id":"https:\/\/encuentrometalurgia.com\/congreso\/hidrometalurgia-2024\/convocatoria-de-papers\/#primaryimage"},"image":{"@id":"https:\/\/encuentrometalurgia.com\/congreso\/hidrometalurgia-2024\/convocatoria-de-papers\/#primaryimage"},"thumbnailUrl":"https:\/\/encuentrometalurgia.com\/wp-content\/uploads\/2024\/02\/Convocatoria-de-TT-Hidrometalurgia-.png","datePublished":"2023-09-23T00:26:19+00:00","dateModified":"2024-02-22T15:38:27+00:00","breadcrumb":{"@id":"https:\/\/encuentrometalurgia.com\/congreso\/hidrometalurgia-2024\/convocatoria-de-papers\/#breadcrumb"},"inLanguage":"en-US","potentialAction":[{"@type":"ReadAction","target":["https:\/\/encuentrometalurgia.com\/congreso\/hidrometalurgia-2024\/convocatoria-de-papers\/"]}]},{"@type":"ImageObject","inLanguage":"en-US","@id":"https:\/\/encuentrometalurgia.com\/congreso\/hidrometalurgia-2024\/convocatoria-de-papers\/#primaryimage","url":"https:\/\/encuentrometalurgia.com\/wp-content\/uploads\/2024\/02\/Convocatoria-de-TT-Hidrometalurgia-.png","contentUrl":"https:\/\/encuentrometalurgia.com\/wp-content\/uploads\/2024\/02\/Convocatoria-de-TT-Hidrometalurgia-.png"},{"@type":"BreadcrumbList","@id":"https:\/\/encuentrometalurgia.com\/congreso\/hidrometalurgia-2024\/convocatoria-de-papers\/#breadcrumb","itemListElement":[{"@type":"ListItem","position":1,"name":"Portada","item":"https:\/\/encuentrometalurgia.com\/"},{"@type":"ListItem","position":2,"name":"HIDROMETALURGIA 2024","item":"https:\/\/encuentrometalurgia.com\/congreso\/hidrometalurgia-2024\/"},{"@type":"ListItem","position":3,"name":"Convocatoria de papers"}]},{"@type":"WebSite","@id":"https:\/\/encuentrometalurgia.com\/#website","url":"https:\/\/encuentrometalurgia.com\/","name":"EncuentroMetalurgia","description":"","publisher":{"@id":"https:\/\/encuentrometalurgia.com\/#organization"},"potentialAction":[{"@type":"SearchAction","target":{"@type":"EntryPoint","urlTemplate":"https:\/\/encuentrometalurgia.com\/?s={search_term_string}"},"query-input":{"@type":"PropertyValueSpecification","valueRequired":true,"valueName":"search_term_string"}}],"inLanguage":"en-US"},{"@type":"Organization","@id":"https:\/\/encuentrometalurgia.com\/#organization","name":"InterMet","url":"https:\/\/encuentrometalurgia.com\/","logo":{"@type":"ImageObject","inLanguage":"en-US","@id":"https:\/\/encuentrometalurgia.com\/#\/schema\/logo\/image\/","url":"https:\/\/encuentrometalurgia.com\/wp-content\/uploads\/2023\/07\/INTERMET-LOGO-BLANCO.png","contentUrl":"https:\/\/encuentrometalurgia.com\/wp-content\/uploads\/2023\/07\/INTERMET-LOGO-BLANCO.png","width":3508,"height":1188,"caption":"InterMet"},"image":{"@id":"https:\/\/encuentrometalurgia.com\/#\/schema\/logo\/image\/"},"sameAs":["https:\/\/www.facebook.com\/InterMetPeru\/","https:\/\/www.youtube.com\/@intermetconsultoresmetalur7705","https:\/\/www.linkedin.com\/in\/miningconferences\/?originalSubdomain=pe"]}]}},"_links":{"self":[{"href":"https:\/\/encuentrometalurgia.com\/en\/wp-json\/wp\/v2\/pages\/2194","targetHints":{"allow":["GET"]}}],"collection":[{"href":"https:\/\/encuentrometalurgia.com\/en\/wp-json\/wp\/v2\/pages"}],"about":[{"href":"https:\/\/encuentrometalurgia.com\/en\/wp-json\/wp\/v2\/types\/page"}],"author":[{"embeddable":true,"href":"https:\/\/encuentrometalurgia.com\/en\/wp-json\/wp\/v2\/users\/2"}],"replies":[{"embeddable":true,"href":"https:\/\/encuentrometalurgia.com\/en\/wp-json\/wp\/v2\/comments?post=2194"}],"version-history":[{"count":48,"href":"https:\/\/encuentrometalurgia.com\/en\/wp-json\/wp\/v2\/pages\/2194\/revisions"}],"predecessor-version":[{"id":5717,"href":"https:\/\/encuentrometalurgia.com\/en\/wp-json\/wp\/v2\/pages\/2194\/revisions\/5717"}],"up":[{"embeddable":true,"href":"https:\/\/encuentrometalurgia.com\/en\/wp-json\/wp\/v2\/pages\/484"}],"wp:attachment":[{"href":"https:\/\/encuentrometalurgia.com\/en\/wp-json\/wp\/v2\/media?parent=2194"}],"curies":[{"name":"wp","href":"https:\/\/api.w.org\/{rel}","templated":true}]}}