{"id":237,"date":"2023-08-01T19:12:48","date_gmt":"2023-08-02T00:12:48","guid":{"rendered":"https:\/\/dev.encuentrometalurgia.com\/?page_id=237"},"modified":"2023-08-21T10:28:30","modified_gmt":"2023-08-21T15:28:30","slug":"convocatoria-papers","status":"publish","type":"page","link":"https:\/\/encuentrometalurgia.com\/en\/flotacion-2023\/convocatoria-papers\/","title":{"rendered":"Convocatoria de papers lotacion 2023"},"content":{"rendered":"<div data-elementor-type=\"wp-page\" data-elementor-id=\"237\" class=\"elementor elementor-237\" data-elementor-post-type=\"page\">\n\t\t\t\t\t\t<section class=\"has_eae_slider elementor-section elementor-top-section elementor-element elementor-element-3f1bb60 elementor-section-full_width elementor-section-height-default elementor-section-height-default\" data-eae-slider=\"53548\" data-id=\"3f1bb60\" data-element_type=\"section\" data-e-type=\"section\">\n\t\t\t\t\t\t<div class=\"elementor-container elementor-column-gap-no\">\n\t\t\t\t\t<div class=\"has_eae_slider elementor-column elementor-col-100 elementor-top-column elementor-element elementor-element-249c6da\" data-eae-slider=\"99059\" data-id=\"249c6da\" data-element_type=\"column\" data-e-type=\"column\" data-settings=\"{&quot;background_background&quot;:&quot;classic&quot;}\">\n\t\t\t<div class=\"elementor-widget-wrap elementor-element-populated\">\n\t\t\t\t\t\t<section class=\"has_eae_slider elementor-section elementor-inner-section elementor-element elementor-element-7993394 elementor-section-boxed elementor-section-height-default elementor-section-height-default\" data-eae-slider=\"7406\" data-id=\"7993394\" data-element_type=\"section\" data-e-type=\"section\">\n\t\t\t\t\t\t<div class=\"elementor-container elementor-column-gap-default\">\n\t\t\t\t\t<div class=\"has_eae_slider elementor-column elementor-col-100 elementor-inner-column elementor-element elementor-element-bf41bcf\" data-eae-slider=\"63226\" data-id=\"bf41bcf\" data-element_type=\"column\" data-e-type=\"column\">\n\t\t\t<div class=\"elementor-widget-wrap elementor-element-populated\">\n\t\t\t\t\t\t<div class=\"elementor-element elementor-element-8e253b1 elementor-widget__width-auto elementor-widget elementor-widget-text-editor\" data-id=\"8e253b1\" data-element_type=\"widget\" data-e-type=\"widget\" data-widget_type=\"text-editor.default\">\n\t\t\t\t\t\t\t\t\t<p>Flotation 2023 is an event of great relevance in the mining sector and offers several opportunities to make your company's name widely known, showcase your products and services, generating technical and commercial contact networks with a highly specialized audience. As a sponsor, your company will have the opportunity to participate in an International Congress that will bring together the main leaders responsible for decision making of large mining companies in the country. The event is organized by InterMet, a leading company in the region with 13 years of experience creating networking spaces, organizing mining congresses of high scientific quality.<\/p>\t\t\t\t\t\t\t\t<\/div>\n\t\t\t\t\t<\/div>\n\t\t<\/div>\n\t\t\t\t\t<\/div>\n\t\t<\/section>\n\t\t\t\t\t<\/div>\n\t\t<\/div>\n\t\t\t\t\t<\/div>\n\t\t<\/section>\n\t\t\t\t<section class=\"has_eae_slider elementor-section elementor-top-section elementor-element elementor-element-2cd395a elementor-section-boxed elementor-section-height-default elementor-section-height-default\" data-eae-slider=\"76660\" data-id=\"2cd395a\" data-element_type=\"section\" data-e-type=\"section\">\n\t\t\t\t\t\t<div class=\"elementor-container elementor-column-gap-default\">\n\t\t\t\t\t<div class=\"has_eae_slider elementor-column elementor-col-100 elementor-top-column elementor-element elementor-element-bb9017c\" data-eae-slider=\"8053\" data-id=\"bb9017c\" data-element_type=\"column\" data-e-type=\"column\">\n\t\t\t<div class=\"elementor-widget-wrap elementor-element-populated\">\n\t\t\t\t\t\t<div class=\"elementor-element elementor-element-0513a75 elementor-widget elementor-widget-image\" data-id=\"0513a75\" data-element_type=\"widget\" data-e-type=\"widget\" data-widget_type=\"image.default\">\n\t\t\t\t\t\t\t\t\t\t\t\t\t\t\t<img fetchpriority=\"high\" decoding=\"async\" width=\"1241\" height=\"1754\" src=\"https:\/\/encuentrometalurgia.com\/wp-content\/uploads\/2023\/08\/CONVOCATORIA-TRABAJO-TECNICO-ESPANOL_page-0001.jpg\" class=\"attachment-full size-full wp-image-242\" alt=\"CONVOCATORIA TRABAJO TECNICO ESPA\u00d1OL_page-0001\" srcset=\"https:\/\/encuentrometalurgia.com\/wp-content\/uploads\/2023\/08\/CONVOCATORIA-TRABAJO-TECNICO-ESPANOL_page-0001.jpg 1241w, https:\/\/encuentrometalurgia.com\/wp-content\/uploads\/2023\/08\/CONVOCATORIA-TRABAJO-TECNICO-ESPANOL_page-0001-212x300.jpg 212w, https:\/\/encuentrometalurgia.com\/wp-content\/uploads\/2023\/08\/CONVOCATORIA-TRABAJO-TECNICO-ESPANOL_page-0001-725x1024.jpg 725w, https:\/\/encuentrometalurgia.com\/wp-content\/uploads\/2023\/08\/CONVOCATORIA-TRABAJO-TECNICO-ESPANOL_page-0001-768x1085.jpg 768w, https:\/\/encuentrometalurgia.com\/wp-content\/uploads\/2023\/08\/CONVOCATORIA-TRABAJO-TECNICO-ESPANOL_page-0001-1087x1536.jpg 1087w\" sizes=\"(max-width: 1241px) 100vw, 1241px\" \/>\t\t\t\t\t\t\t\t\t\t\t\t\t\t\t<\/div>\n\t\t\t\t<div class=\"elementor-element elementor-element-4d4daab elementor-align-center elementor-widget elementor-widget-button\" data-id=\"4d4daab\" data-element_type=\"widget\" data-e-type=\"widget\" data-widget_type=\"button.default\">\n\t\t\t\t\t\t\t\t\t\t<a class=\"elementor-button elementor-button-link elementor-size-sm\" href=\"https:\/\/encuentrometalurgia.com\/wp-content\/uploads\/2023\/08\/CONVOCATORIA-TRABAJO-TECNICO-INGLES_compressed-1.pdf\" target=\"_blank\">\n\t\t\t\t\t\t<span class=\"elementor-button-content-wrapper\">\n\t\t\t\t\t\t\t\t\t<span class=\"elementor-button-text\">DOWNLOAD THE FILE<\/span>\n\t\t\t\t\t<\/span>\n\t\t\t\t\t<\/a>\n\t\t\t\t\t\t\t\t<\/div>\n\t\t\t\t\t<\/div>\n\t\t<\/div>\n\t\t\t\t\t<\/div>\n\t\t<\/section>\n\t\t\t\t<\/div>","protected":false},"excerpt":{"rendered":"<p>Flotaci\u00f3n 2023 es un evento de gran relevancia en el sector minero y ofrece diversas oportunidades de dar a conocer ampliamente el nombre de su empresa, mostrar sus productos y servicios, generando redes de contacto t\u00e9cnicas y comerciales con un p\u00fablico altamente especializado. Como auspiciador, su empresa tendr\u00e1 la oportunidad de participar en un Congreso [&hellip;]<\/p>\n","protected":false},"author":2,"featured_media":0,"parent":31,"menu_order":0,"comment_status":"closed","ping_status":"closed","template":"","meta":{"footnotes":""},"class_list":["post-237","page","type-page","status-publish","hentry"],"yoast_head":"<!-- This site is optimized with the Yoast SEO plugin v27.2 - https:\/\/yoast.com\/product\/yoast-seo-wordpress\/ -->\n<title>Convocatoria de papers lotacion 2023 - EncuentroMetalurgia<\/title>\n<meta name=\"description\" content=\"&quot;Flotaci\u00f3n 2023 - Abierta la Convocatoria de Papers. \u00danete a la Contribuci\u00f3n de Avances Significativos en el Campo de la Flotaci\u00f3n Minera.\" \/>\n<meta name=\"robots\" content=\"index, follow, max-snippet:-1, max-image-preview:large, max-video-preview:-1\" \/>\n<link rel=\"canonical\" href=\"https:\/\/encuentrometalurgia.com\/en\/flotacion-2023\/convocatoria-papers\/\" \/>\n<meta property=\"og:locale\" content=\"en_US\" \/>\n<meta property=\"og:type\" content=\"article\" \/>\n<meta property=\"og:title\" content=\"Convocatoria de papers lotacion 2023 - EncuentroMetalurgia\" \/>\n<meta property=\"og:description\" content=\"&quot;Flotaci\u00f3n 2023 - Abierta la Convocatoria de Papers. \u00danete a la Contribuci\u00f3n de Avances Significativos en el Campo de la Flotaci\u00f3n Minera.\" \/>\n<meta property=\"og:url\" content=\"https:\/\/encuentrometalurgia.com\/en\/flotacion-2023\/convocatoria-papers\/\" \/>\n<meta property=\"og:site_name\" content=\"EncuentroMetalurgia\" \/>\n<meta property=\"article:publisher\" content=\"https:\/\/www.facebook.com\/InterMetPeru\/\" \/>\n<meta property=\"article:modified_time\" content=\"2023-08-21T15:28:30+00:00\" \/>\n<meta property=\"og:image\" content=\"https:\/\/encuentrometalurgia.com\/wp-content\/uploads\/2023\/08\/CONVOCATORIA-TRABAJO-TECNICO-ESPANOL_page-0001.jpg\" \/>\n<meta name=\"twitter:card\" content=\"summary_large_image\" \/>\n<meta name=\"twitter:label1\" content=\"Est. reading time\" \/>\n\t<meta name=\"twitter:data1\" content=\"1 minute\" \/>\n<script type=\"application\/ld+json\" class=\"yoast-schema-graph\">{\"@context\":\"https:\/\/schema.org\",\"@graph\":[{\"@type\":\"WebPage\",\"@id\":\"https:\/\/encuentrometalurgia.com\/flotacion-2023\/convocatoria-papers\/\",\"url\":\"https:\/\/encuentrometalurgia.com\/flotacion-2023\/convocatoria-papers\/\",\"name\":\"Convocatoria de papers lotacion 2023 - EncuentroMetalurgia\",\"isPartOf\":{\"@id\":\"https:\/\/encuentrometalurgia.com\/#website\"},\"primaryImageOfPage\":{\"@id\":\"https:\/\/encuentrometalurgia.com\/flotacion-2023\/convocatoria-papers\/#primaryimage\"},\"image\":{\"@id\":\"https:\/\/encuentrometalurgia.com\/flotacion-2023\/convocatoria-papers\/#primaryimage\"},\"thumbnailUrl\":\"https:\/\/encuentrometalurgia.com\/wp-content\/uploads\/2023\/08\/CONVOCATORIA-TRABAJO-TECNICO-ESPANOL_page-0001.jpg\",\"datePublished\":\"2023-08-02T00:12:48+00:00\",\"dateModified\":\"2023-08-21T15:28:30+00:00\",\"description\":\"\\\"Flotaci\u00f3n 2023 - Abierta la Convocatoria de Papers. \u00danete a la Contribuci\u00f3n de Avances Significativos en el Campo de la Flotaci\u00f3n Minera.\",\"breadcrumb\":{\"@id\":\"https:\/\/encuentrometalurgia.com\/flotacion-2023\/convocatoria-papers\/#breadcrumb\"},\"inLanguage\":\"en-US\",\"potentialAction\":[{\"@type\":\"ReadAction\",\"target\":[\"https:\/\/encuentrometalurgia.com\/flotacion-2023\/convocatoria-papers\/\"]}]},{\"@type\":\"ImageObject\",\"inLanguage\":\"en-US\",\"@id\":\"https:\/\/encuentrometalurgia.com\/flotacion-2023\/convocatoria-papers\/#primaryimage\",\"url\":\"https:\/\/encuentrometalurgia.com\/wp-content\/uploads\/2023\/08\/CONVOCATORIA-TRABAJO-TECNICO-ESPANOL_page-0001.jpg\",\"contentUrl\":\"https:\/\/encuentrometalurgia.com\/wp-content\/uploads\/2023\/08\/CONVOCATORIA-TRABAJO-TECNICO-ESPANOL_page-0001.jpg\"},{\"@type\":\"BreadcrumbList\",\"@id\":\"https:\/\/encuentrometalurgia.com\/flotacion-2023\/convocatoria-papers\/#breadcrumb\",\"itemListElement\":[{\"@type\":\"ListItem\",\"position\":1,\"name\":\"Portada\",\"item\":\"https:\/\/encuentrometalurgia.com\/\"},{\"@type\":\"ListItem\",\"position\":2,\"name\":\"Flotacion 2023\",\"item\":\"https:\/\/encuentrometalurgia.com\/flotacion-2023\/\"},{\"@type\":\"ListItem\",\"position\":3,\"name\":\"Convocatoria de papers lotacion 2023\"}]},{\"@type\":\"WebSite\",\"@id\":\"https:\/\/encuentrometalurgia.com\/#website\",\"url\":\"https:\/\/encuentrometalurgia.com\/\",\"name\":\"EncuentroMetalurgia\",\"description\":\"\",\"publisher\":{\"@id\":\"https:\/\/encuentrometalurgia.com\/#organization\"},\"potentialAction\":[{\"@type\":\"SearchAction\",\"target\":{\"@type\":\"EntryPoint\",\"urlTemplate\":\"https:\/\/encuentrometalurgia.com\/?s={search_term_string}\"},\"query-input\":{\"@type\":\"PropertyValueSpecification\",\"valueRequired\":true,\"valueName\":\"search_term_string\"}}],\"inLanguage\":\"en-US\"},{\"@type\":\"Organization\",\"@id\":\"https:\/\/encuentrometalurgia.com\/#organization\",\"name\":\"InterMet\",\"url\":\"https:\/\/encuentrometalurgia.com\/\",\"logo\":{\"@type\":\"ImageObject\",\"inLanguage\":\"en-US\",\"@id\":\"https:\/\/encuentrometalurgia.com\/#\/schema\/logo\/image\/\",\"url\":\"https:\/\/encuentrometalurgia.com\/wp-content\/uploads\/2023\/07\/INTERMET-LOGO-BLANCO.png\",\"contentUrl\":\"https:\/\/encuentrometalurgia.com\/wp-content\/uploads\/2023\/07\/INTERMET-LOGO-BLANCO.png\",\"width\":3508,\"height\":1188,\"caption\":\"InterMet\"},\"image\":{\"@id\":\"https:\/\/encuentrometalurgia.com\/#\/schema\/logo\/image\/\"},\"sameAs\":[\"https:\/\/www.facebook.com\/InterMetPeru\/\",\"https:\/\/www.youtube.com\/@intermetconsultoresmetalur7705\",\"https:\/\/www.linkedin.com\/in\/miningconferences\/?originalSubdomain=pe\"]}]}<\/script>\n<!-- \/ Yoast SEO plugin. -->","yoast_head_json":{"title":"Convocatoria de papers lotacion 2023 - EncuentroMetalurgia","description":"\"Flotaci\u00f3n 2023 - Abierta la Convocatoria de Papers. \u00danete a la Contribuci\u00f3n de Avances Significativos en el Campo de la Flotaci\u00f3n Minera.","robots":{"index":"index","follow":"follow","max-snippet":"max-snippet:-1","max-image-preview":"max-image-preview:large","max-video-preview":"max-video-preview:-1"},"canonical":"https:\/\/encuentrometalurgia.com\/en\/flotacion-2023\/convocatoria-papers\/","og_locale":"en_US","og_type":"article","og_title":"Convocatoria de papers lotacion 2023 - EncuentroMetalurgia","og_description":"\"Flotaci\u00f3n 2023 - Abierta la Convocatoria de Papers. \u00danete a la Contribuci\u00f3n de Avances Significativos en el Campo de la Flotaci\u00f3n Minera.","og_url":"https:\/\/encuentrometalurgia.com\/en\/flotacion-2023\/convocatoria-papers\/","og_site_name":"EncuentroMetalurgia","article_publisher":"https:\/\/www.facebook.com\/InterMetPeru\/","article_modified_time":"2023-08-21T15:28:30+00:00","og_image":[{"url":"https:\/\/encuentrometalurgia.com\/wp-content\/uploads\/2023\/08\/CONVOCATORIA-TRABAJO-TECNICO-ESPANOL_page-0001.jpg","type":"","width":"","height":""}],"twitter_card":"summary_large_image","twitter_misc":{"Est. reading time":"1 minute"},"schema":{"@context":"https:\/\/schema.org","@graph":[{"@type":"WebPage","@id":"https:\/\/encuentrometalurgia.com\/flotacion-2023\/convocatoria-papers\/","url":"https:\/\/encuentrometalurgia.com\/flotacion-2023\/convocatoria-papers\/","name":"Convocatoria de papers lotacion 2023 - EncuentroMetalurgia","isPartOf":{"@id":"https:\/\/encuentrometalurgia.com\/#website"},"primaryImageOfPage":{"@id":"https:\/\/encuentrometalurgia.com\/flotacion-2023\/convocatoria-papers\/#primaryimage"},"image":{"@id":"https:\/\/encuentrometalurgia.com\/flotacion-2023\/convocatoria-papers\/#primaryimage"},"thumbnailUrl":"https:\/\/encuentrometalurgia.com\/wp-content\/uploads\/2023\/08\/CONVOCATORIA-TRABAJO-TECNICO-ESPANOL_page-0001.jpg","datePublished":"2023-08-02T00:12:48+00:00","dateModified":"2023-08-21T15:28:30+00:00","description":"\"Flotaci\u00f3n 2023 - Abierta la Convocatoria de Papers. \u00danete a la Contribuci\u00f3n de Avances Significativos en el Campo de la Flotaci\u00f3n Minera.","breadcrumb":{"@id":"https:\/\/encuentrometalurgia.com\/flotacion-2023\/convocatoria-papers\/#breadcrumb"},"inLanguage":"en-US","potentialAction":[{"@type":"ReadAction","target":["https:\/\/encuentrometalurgia.com\/flotacion-2023\/convocatoria-papers\/"]}]},{"@type":"ImageObject","inLanguage":"en-US","@id":"https:\/\/encuentrometalurgia.com\/flotacion-2023\/convocatoria-papers\/#primaryimage","url":"https:\/\/encuentrometalurgia.com\/wp-content\/uploads\/2023\/08\/CONVOCATORIA-TRABAJO-TECNICO-ESPANOL_page-0001.jpg","contentUrl":"https:\/\/encuentrometalurgia.com\/wp-content\/uploads\/2023\/08\/CONVOCATORIA-TRABAJO-TECNICO-ESPANOL_page-0001.jpg"},{"@type":"BreadcrumbList","@id":"https:\/\/encuentrometalurgia.com\/flotacion-2023\/convocatoria-papers\/#breadcrumb","itemListElement":[{"@type":"ListItem","position":1,"name":"Portada","item":"https:\/\/encuentrometalurgia.com\/"},{"@type":"ListItem","position":2,"name":"Flotacion 2023","item":"https:\/\/encuentrometalurgia.com\/flotacion-2023\/"},{"@type":"ListItem","position":3,"name":"Convocatoria de papers lotacion 2023"}]},{"@type":"WebSite","@id":"https:\/\/encuentrometalurgia.com\/#website","url":"https:\/\/encuentrometalurgia.com\/","name":"EncuentroMetalurgia","description":"","publisher":{"@id":"https:\/\/encuentrometalurgia.com\/#organization"},"potentialAction":[{"@type":"SearchAction","target":{"@type":"EntryPoint","urlTemplate":"https:\/\/encuentrometalurgia.com\/?s={search_term_string}"},"query-input":{"@type":"PropertyValueSpecification","valueRequired":true,"valueName":"search_term_string"}}],"inLanguage":"en-US"},{"@type":"Organization","@id":"https:\/\/encuentrometalurgia.com\/#organization","name":"InterMet","url":"https:\/\/encuentrometalurgia.com\/","logo":{"@type":"ImageObject","inLanguage":"en-US","@id":"https:\/\/encuentrometalurgia.com\/#\/schema\/logo\/image\/","url":"https:\/\/encuentrometalurgia.com\/wp-content\/uploads\/2023\/07\/INTERMET-LOGO-BLANCO.png","contentUrl":"https:\/\/encuentrometalurgia.com\/wp-content\/uploads\/2023\/07\/INTERMET-LOGO-BLANCO.png","width":3508,"height":1188,"caption":"InterMet"},"image":{"@id":"https:\/\/encuentrometalurgia.com\/#\/schema\/logo\/image\/"},"sameAs":["https:\/\/www.facebook.com\/InterMetPeru\/","https:\/\/www.youtube.com\/@intermetconsultoresmetalur7705","https:\/\/www.linkedin.com\/in\/miningconferences\/?originalSubdomain=pe"]}]}},"_links":{"self":[{"href":"https:\/\/encuentrometalurgia.com\/en\/wp-json\/wp\/v2\/pages\/237","targetHints":{"allow":["GET"]}}],"collection":[{"href":"https:\/\/encuentrometalurgia.com\/en\/wp-json\/wp\/v2\/pages"}],"about":[{"href":"https:\/\/encuentrometalurgia.com\/en\/wp-json\/wp\/v2\/types\/page"}],"author":[{"embeddable":true,"href":"https:\/\/encuentrometalurgia.com\/en\/wp-json\/wp\/v2\/users\/2"}],"replies":[{"embeddable":true,"href":"https:\/\/encuentrometalurgia.com\/en\/wp-json\/wp\/v2\/comments?post=237"}],"version-history":[{"count":29,"href":"https:\/\/encuentrometalurgia.com\/en\/wp-json\/wp\/v2\/pages\/237\/revisions"}],"predecessor-version":[{"id":1619,"href":"https:\/\/encuentrometalurgia.com\/en\/wp-json\/wp\/v2\/pages\/237\/revisions\/1619"}],"up":[{"embeddable":true,"href":"https:\/\/encuentrometalurgia.com\/en\/wp-json\/wp\/v2\/pages\/31"}],"wp:attachment":[{"href":"https:\/\/encuentrometalurgia.com\/en\/wp-json\/wp\/v2\/media?parent=237"}],"curies":[{"name":"wp","href":"https:\/\/api.w.org\/{rel}","templated":true}]}}