{"id":574,"date":"2023-08-07T17:20:16","date_gmt":"2023-08-07T22:20:16","guid":{"rendered":"https:\/\/dev.encuentrometalurgia.com\/?page_id=574"},"modified":"2024-04-25T11:47:37","modified_gmt":"2024-04-25T16:47:37","slug":"convocatoria-de-papers","status":"publish","type":"page","link":"https:\/\/encuentrometalurgia.com\/en\/mineria-4-0\/convocatoria-de-papers\/","title":{"rendered":"Convocatoria de papers mineria 4.0"},"content":{"rendered":"<div data-elementor-type=\"wp-page\" data-elementor-id=\"574\" class=\"elementor elementor-574\" data-elementor-post-type=\"page\">\n\t\t\t\t\t\t<section class=\"has_eae_slider elementor-section elementor-top-section elementor-element elementor-element-2662ea4 elementor-section-boxed elementor-section-height-default elementor-section-height-default\" data-eae-slider=\"51572\" data-id=\"2662ea4\" data-element_type=\"section\" data-e-type=\"section\">\n\t\t\t\t\t\t<div class=\"elementor-container elementor-column-gap-default\">\n\t\t\t\t\t<div class=\"has_eae_slider elementor-column elementor-col-66 elementor-top-column elementor-element elementor-element-a1a2bd3\" data-eae-slider=\"42243\" data-id=\"a1a2bd3\" data-element_type=\"column\" data-e-type=\"column\">\n\t\t\t<div class=\"elementor-widget-wrap elementor-element-populated\">\n\t\t\t\t\t\t<div class=\"elementor-element elementor-element-7f6501f elementor-widget elementor-widget-image\" data-id=\"7f6501f\" data-element_type=\"widget\" data-e-type=\"widget\" data-widget_type=\"image.default\">\n\t\t\t\t\t\t\t\t\t\t\t\t\t\t\t<img fetchpriority=\"high\" decoding=\"async\" width=\"1414\" height=\"2000\" src=\"https:\/\/encuentrometalurgia.com\/wp-content\/uploads\/2024\/04\/Convocatoria-de-TT-Mineria-4.0-3.png\" class=\"attachment-full size-full wp-image-6876\" alt=\"\" srcset=\"https:\/\/encuentrometalurgia.com\/wp-content\/uploads\/2024\/04\/Convocatoria-de-TT-Mineria-4.0-3.png 1414w, https:\/\/encuentrometalurgia.com\/wp-content\/uploads\/2024\/04\/Convocatoria-de-TT-Mineria-4.0-3-212x300.png 212w, https:\/\/encuentrometalurgia.com\/wp-content\/uploads\/2024\/04\/Convocatoria-de-TT-Mineria-4.0-3-724x1024.png 724w, https:\/\/encuentrometalurgia.com\/wp-content\/uploads\/2024\/04\/Convocatoria-de-TT-Mineria-4.0-3-768x1086.png 768w, https:\/\/encuentrometalurgia.com\/wp-content\/uploads\/2024\/04\/Convocatoria-de-TT-Mineria-4.0-3-1086x1536.png 1086w, https:\/\/encuentrometalurgia.com\/wp-content\/uploads\/2024\/04\/Convocatoria-de-TT-Mineria-4.0-3-8x12.png 8w\" sizes=\"(max-width: 1414px) 100vw, 1414px\" \/>\t\t\t\t\t\t\t\t\t\t\t\t\t\t\t<\/div>\n\t\t\t\t\t<\/div>\n\t\t<\/div>\n\t\t\t\t<div class=\"has_eae_slider elementor-column elementor-col-33 elementor-top-column elementor-element elementor-element-44c4413\" data-eae-slider=\"35665\" data-id=\"44c4413\" data-element_type=\"column\" data-e-type=\"column\">\n\t\t\t<div class=\"elementor-widget-wrap elementor-element-populated\">\n\t\t\t\t\t\t<section class=\"has_eae_slider elementor-section elementor-inner-section elementor-element elementor-element-d49e93d elementor-section-boxed elementor-section-height-default elementor-section-height-default\" data-eae-slider=\"40561\" data-id=\"d49e93d\" data-element_type=\"section\" data-e-type=\"section\">\n\t\t\t\t\t\t<div class=\"elementor-container elementor-column-gap-default\">\n\t\t\t\t\t<div class=\"has_eae_slider elementor-column elementor-col-100 elementor-inner-column elementor-element elementor-element-beaea85\" data-eae-slider=\"26566\" data-id=\"beaea85\" data-element_type=\"column\" data-e-type=\"column\">\n\t\t\t<div class=\"elementor-widget-wrap elementor-element-populated\">\n\t\t\t\t\t\t<div class=\"elementor-element elementor-element-08398ac elementor-align-justify elementor-widget__width-initial elementor-widget elementor-widget-button\" data-id=\"08398ac\" data-element_type=\"widget\" data-e-type=\"widget\" data-widget_type=\"button.default\">\n\t\t\t\t\t\t\t\t\t\t<a class=\"elementor-button elementor-button-link elementor-size-sm\" href=\"https:\/\/forms.gle\/fioXvyuBYYvh3x576\" target=\"_blank\">\n\t\t\t\t\t\t<span class=\"elementor-button-content-wrapper\">\n\t\t\t\t\t\t\t\t\t<span class=\"elementor-button-text\">HERE SEND YOUR TECHNICAL ABSTRACT<\/span>\n\t\t\t\t\t<\/span>\n\t\t\t\t\t<\/a>\n\t\t\t\t\t\t\t\t<\/div>\n\t\t\t\t<div class=\"elementor-element elementor-element-8658c6c elementor-align-justify elementor-widget__width-initial elementor-widget elementor-widget-button\" data-id=\"8658c6c\" data-element_type=\"widget\" data-e-type=\"widget\" data-widget_type=\"button.default\">\n\t\t\t\t\t\t\t\t\t\t<a class=\"elementor-button elementor-button-link elementor-size-sm\" href=\"https:\/\/encuentrometalurgia.com\/wp-content\/uploads\/2023\/12\/GUIA-_ABSTRACT-OFICIAL_INTERMET_-INGLES-4.docx\" target=\"_blank\">\n\t\t\t\t\t\t<span class=\"elementor-button-content-wrapper\">\n\t\t\t\t\t\t\t\t\t<span class=\"elementor-button-text\">ABSTRACT GUIDELINES<\/span>\n\t\t\t\t\t<\/span>\n\t\t\t\t\t<\/a>\n\t\t\t\t\t\t\t\t<\/div>\n\t\t\t\t<div class=\"elementor-element elementor-element-f284bdd elementor-align-justify elementor-widget__width-initial elementor-widget elementor-widget-button\" data-id=\"f284bdd\" data-element_type=\"widget\" data-e-type=\"widget\" data-widget_type=\"button.default\">\n\t\t\t\t\t\t\t\t\t\t<a class=\"elementor-button elementor-button-link elementor-size-sm\" href=\"https:\/\/encuentrometalurgia.com\/wp-content\/uploads\/2024\/04\/Autor-Mineria-4.0.pdf\" target=\"_blank\">\n\t\t\t\t\t\t<span class=\"elementor-button-content-wrapper\">\n\t\t\t\t\t\t\t\t\t<span class=\"elementor-button-text\">AUTHOR'S GUIDE<\/span>\n\t\t\t\t\t<\/span>\n\t\t\t\t\t<\/a>\n\t\t\t\t\t\t\t\t<\/div>\n\t\t\t\t\t<\/div>\n\t\t<\/div>\n\t\t\t\t\t<\/div>\n\t\t<\/section>\n\t\t\t\t<section class=\"has_eae_slider elementor-section elementor-inner-section elementor-element elementor-element-fd51201 elementor-section-boxed elementor-section-height-default elementor-section-height-default\" data-eae-slider=\"20334\" data-id=\"fd51201\" data-element_type=\"section\" data-e-type=\"section\">\n\t\t\t\t\t\t<div class=\"elementor-container elementor-column-gap-default\">\n\t\t\t\t\t<div class=\"has_eae_slider elementor-column elementor-col-100 elementor-inner-column elementor-element elementor-element-f74fc9c\" data-eae-slider=\"2673\" data-id=\"f74fc9c\" data-element_type=\"column\" data-e-type=\"column\">\n\t\t\t<div class=\"elementor-widget-wrap elementor-element-populated\">\n\t\t\t\t\t\t<div class=\"elementor-element elementor-element-806b183 elementor-widget elementor-widget-text-editor\" data-id=\"806b183\" data-element_type=\"widget\" data-e-type=\"widget\" data-widget_type=\"text-editor.default\">\n\t\t\t\t\t\t\t\t\t<blockquote><h3 style=\"text-align: center;\"><strong><span style=\"color: #000000;\">CALLING CLOSED<\/span><\/strong><\/h3><\/blockquote>\t\t\t\t\t\t\t\t<\/div>\n\t\t\t\t\t<\/div>\n\t\t<\/div>\n\t\t\t\t\t<\/div>\n\t\t<\/section>\n\t\t\t\t\t<\/div>\n\t\t<\/div>\n\t\t\t\t\t<\/div>\n\t\t<\/section>\n\t\t\t\t<\/div>","protected":false},"excerpt":{"rendered":"<p>ENVIAR RESUMEN T\u00c9CNICO AQU\u00cd GU\u00cdA RESUMENES GU\u00cdA DE AUTOR CONVOCATORIA CERRADA<\/p>","protected":false},"author":2,"featured_media":0,"parent":566,"menu_order":0,"comment_status":"closed","ping_status":"closed","template":"","meta":{"footnotes":""},"class_list":["post-574","page","type-page","status-publish","hentry"],"yoast_head":"<!-- This site is optimized with the Yoast SEO plugin v27.2 - https:\/\/yoast.com\/product\/yoast-seo-wordpress\/ -->\n<title>Convocatoria de papers mineria 4.0 - EncuentroMetalurgia<\/title>\n<meta name=\"robots\" content=\"index, follow, max-snippet:-1, max-image-preview:large, max-video-preview:-1\" \/>\n<link rel=\"canonical\" href=\"https:\/\/encuentrometalurgia.com\/en\/mineria-4-0\/convocatoria-de-papers\/\" \/>\n<meta property=\"og:locale\" content=\"en_US\" \/>\n<meta property=\"og:type\" content=\"article\" \/>\n<meta property=\"og:title\" content=\"Convocatoria de papers mineria 4.0 - EncuentroMetalurgia\" \/>\n<meta property=\"og:description\" content=\"ENVIAR RESUMEN T\u00c9CNICO AQU\u00cd GU\u00cdA RESUMENES GU\u00cdA DE AUTOR CONVOCATORIA CERRADA\" \/>\n<meta property=\"og:url\" content=\"https:\/\/encuentrometalurgia.com\/en\/mineria-4-0\/convocatoria-de-papers\/\" \/>\n<meta property=\"og:site_name\" content=\"EncuentroMetalurgia\" \/>\n<meta property=\"article:publisher\" content=\"https:\/\/www.facebook.com\/InterMetPeru\/\" \/>\n<meta property=\"article:modified_time\" content=\"2024-04-25T16:47:37+00:00\" \/>\n<meta property=\"og:image\" content=\"https:\/\/encuentrometalurgia.com\/wp-content\/uploads\/2024\/04\/Convocatoria-de-TT-Mineria-4.0-2.png\" \/>\n<meta name=\"twitter:card\" content=\"summary_large_image\" \/>\n<meta name=\"twitter:label1\" content=\"Est. reading time\" \/>\n\t<meta name=\"twitter:data1\" content=\"1 minute\" \/>\n<script type=\"application\/ld+json\" class=\"yoast-schema-graph\">{\"@context\":\"https:\/\/schema.org\",\"@graph\":[{\"@type\":\"WebPage\",\"@id\":\"https:\/\/encuentrometalurgia.com\/mineria-4-0\/convocatoria-de-papers\/\",\"url\":\"https:\/\/encuentrometalurgia.com\/mineria-4-0\/convocatoria-de-papers\/\",\"name\":\"Convocatoria de papers mineria 4.0 - EncuentroMetalurgia\",\"isPartOf\":{\"@id\":\"https:\/\/encuentrometalurgia.com\/#website\"},\"primaryImageOfPage\":{\"@id\":\"https:\/\/encuentrometalurgia.com\/mineria-4-0\/convocatoria-de-papers\/#primaryimage\"},\"image\":{\"@id\":\"https:\/\/encuentrometalurgia.com\/mineria-4-0\/convocatoria-de-papers\/#primaryimage\"},\"thumbnailUrl\":\"https:\/\/encuentrometalurgia.com\/wp-content\/uploads\/2024\/04\/Convocatoria-de-TT-Mineria-4.0-2.png\",\"datePublished\":\"2023-08-07T22:20:16+00:00\",\"dateModified\":\"2024-04-25T16:47:37+00:00\",\"breadcrumb\":{\"@id\":\"https:\/\/encuentrometalurgia.com\/mineria-4-0\/convocatoria-de-papers\/#breadcrumb\"},\"inLanguage\":\"en-US\",\"potentialAction\":[{\"@type\":\"ReadAction\",\"target\":[\"https:\/\/encuentrometalurgia.com\/mineria-4-0\/convocatoria-de-papers\/\"]}]},{\"@type\":\"ImageObject\",\"inLanguage\":\"en-US\",\"@id\":\"https:\/\/encuentrometalurgia.com\/mineria-4-0\/convocatoria-de-papers\/#primaryimage\",\"url\":\"https:\/\/encuentrometalurgia.com\/wp-content\/uploads\/2024\/04\/Convocatoria-de-TT-Mineria-4.0-2.png\",\"contentUrl\":\"https:\/\/encuentrometalurgia.com\/wp-content\/uploads\/2024\/04\/Convocatoria-de-TT-Mineria-4.0-2.png\"},{\"@type\":\"BreadcrumbList\",\"@id\":\"https:\/\/encuentrometalurgia.com\/mineria-4-0\/convocatoria-de-papers\/#breadcrumb\",\"itemListElement\":[{\"@type\":\"ListItem\",\"position\":1,\"name\":\"Portada\",\"item\":\"https:\/\/encuentrometalurgia.com\/\"},{\"@type\":\"ListItem\",\"position\":2,\"name\":\"MINERIA 4.0\",\"item\":\"https:\/\/encuentrometalurgia.com\/mineria-4-0\/\"},{\"@type\":\"ListItem\",\"position\":3,\"name\":\"Convocatoria de papers mineria 4.0\"}]},{\"@type\":\"WebSite\",\"@id\":\"https:\/\/encuentrometalurgia.com\/#website\",\"url\":\"https:\/\/encuentrometalurgia.com\/\",\"name\":\"EncuentroMetalurgia\",\"description\":\"\",\"publisher\":{\"@id\":\"https:\/\/encuentrometalurgia.com\/#organization\"},\"potentialAction\":[{\"@type\":\"SearchAction\",\"target\":{\"@type\":\"EntryPoint\",\"urlTemplate\":\"https:\/\/encuentrometalurgia.com\/?s={search_term_string}\"},\"query-input\":{\"@type\":\"PropertyValueSpecification\",\"valueRequired\":true,\"valueName\":\"search_term_string\"}}],\"inLanguage\":\"en-US\"},{\"@type\":\"Organization\",\"@id\":\"https:\/\/encuentrometalurgia.com\/#organization\",\"name\":\"InterMet\",\"url\":\"https:\/\/encuentrometalurgia.com\/\",\"logo\":{\"@type\":\"ImageObject\",\"inLanguage\":\"en-US\",\"@id\":\"https:\/\/encuentrometalurgia.com\/#\/schema\/logo\/image\/\",\"url\":\"https:\/\/encuentrometalurgia.com\/wp-content\/uploads\/2023\/07\/INTERMET-LOGO-BLANCO.png\",\"contentUrl\":\"https:\/\/encuentrometalurgia.com\/wp-content\/uploads\/2023\/07\/INTERMET-LOGO-BLANCO.png\",\"width\":3508,\"height\":1188,\"caption\":\"InterMet\"},\"image\":{\"@id\":\"https:\/\/encuentrometalurgia.com\/#\/schema\/logo\/image\/\"},\"sameAs\":[\"https:\/\/www.facebook.com\/InterMetPeru\/\",\"https:\/\/www.youtube.com\/@intermetconsultoresmetalur7705\",\"https:\/\/www.linkedin.com\/in\/miningconferences\/?originalSubdomain=pe\"]}]}<\/script>\n<!-- \/ Yoast SEO plugin. -->","yoast_head_json":{"title":"Convocatoria de papers mineria 4.0 - EncuentroMetalurgia","robots":{"index":"index","follow":"follow","max-snippet":"max-snippet:-1","max-image-preview":"max-image-preview:large","max-video-preview":"max-video-preview:-1"},"canonical":"https:\/\/encuentrometalurgia.com\/en\/mineria-4-0\/convocatoria-de-papers\/","og_locale":"en_US","og_type":"article","og_title":"Convocatoria de papers mineria 4.0 - EncuentroMetalurgia","og_description":"ENVIAR RESUMEN T\u00c9CNICO AQU\u00cd GU\u00cdA RESUMENES GU\u00cdA DE AUTOR CONVOCATORIA CERRADA","og_url":"https:\/\/encuentrometalurgia.com\/en\/mineria-4-0\/convocatoria-de-papers\/","og_site_name":"EncuentroMetalurgia","article_publisher":"https:\/\/www.facebook.com\/InterMetPeru\/","article_modified_time":"2024-04-25T16:47:37+00:00","og_image":[{"url":"https:\/\/encuentrometalurgia.com\/wp-content\/uploads\/2024\/04\/Convocatoria-de-TT-Mineria-4.0-2.png","type":"","width":"","height":""}],"twitter_card":"summary_large_image","twitter_misc":{"Est. reading time":"1 minute"},"schema":{"@context":"https:\/\/schema.org","@graph":[{"@type":"WebPage","@id":"https:\/\/encuentrometalurgia.com\/mineria-4-0\/convocatoria-de-papers\/","url":"https:\/\/encuentrometalurgia.com\/mineria-4-0\/convocatoria-de-papers\/","name":"Convocatoria de papers mineria 4.0 - EncuentroMetalurgia","isPartOf":{"@id":"https:\/\/encuentrometalurgia.com\/#website"},"primaryImageOfPage":{"@id":"https:\/\/encuentrometalurgia.com\/mineria-4-0\/convocatoria-de-papers\/#primaryimage"},"image":{"@id":"https:\/\/encuentrometalurgia.com\/mineria-4-0\/convocatoria-de-papers\/#primaryimage"},"thumbnailUrl":"https:\/\/encuentrometalurgia.com\/wp-content\/uploads\/2024\/04\/Convocatoria-de-TT-Mineria-4.0-2.png","datePublished":"2023-08-07T22:20:16+00:00","dateModified":"2024-04-25T16:47:37+00:00","breadcrumb":{"@id":"https:\/\/encuentrometalurgia.com\/mineria-4-0\/convocatoria-de-papers\/#breadcrumb"},"inLanguage":"en-US","potentialAction":[{"@type":"ReadAction","target":["https:\/\/encuentrometalurgia.com\/mineria-4-0\/convocatoria-de-papers\/"]}]},{"@type":"ImageObject","inLanguage":"en-US","@id":"https:\/\/encuentrometalurgia.com\/mineria-4-0\/convocatoria-de-papers\/#primaryimage","url":"https:\/\/encuentrometalurgia.com\/wp-content\/uploads\/2024\/04\/Convocatoria-de-TT-Mineria-4.0-2.png","contentUrl":"https:\/\/encuentrometalurgia.com\/wp-content\/uploads\/2024\/04\/Convocatoria-de-TT-Mineria-4.0-2.png"},{"@type":"BreadcrumbList","@id":"https:\/\/encuentrometalurgia.com\/mineria-4-0\/convocatoria-de-papers\/#breadcrumb","itemListElement":[{"@type":"ListItem","position":1,"name":"Portada","item":"https:\/\/encuentrometalurgia.com\/"},{"@type":"ListItem","position":2,"name":"MINERIA 4.0","item":"https:\/\/encuentrometalurgia.com\/mineria-4-0\/"},{"@type":"ListItem","position":3,"name":"Convocatoria de papers mineria 4.0"}]},{"@type":"WebSite","@id":"https:\/\/encuentrometalurgia.com\/#website","url":"https:\/\/encuentrometalurgia.com\/","name":"EncuentroMetalurgia","description":"","publisher":{"@id":"https:\/\/encuentrometalurgia.com\/#organization"},"potentialAction":[{"@type":"SearchAction","target":{"@type":"EntryPoint","urlTemplate":"https:\/\/encuentrometalurgia.com\/?s={search_term_string}"},"query-input":{"@type":"PropertyValueSpecification","valueRequired":true,"valueName":"search_term_string"}}],"inLanguage":"en-US"},{"@type":"Organization","@id":"https:\/\/encuentrometalurgia.com\/#organization","name":"InterMet","url":"https:\/\/encuentrometalurgia.com\/","logo":{"@type":"ImageObject","inLanguage":"en-US","@id":"https:\/\/encuentrometalurgia.com\/#\/schema\/logo\/image\/","url":"https:\/\/encuentrometalurgia.com\/wp-content\/uploads\/2023\/07\/INTERMET-LOGO-BLANCO.png","contentUrl":"https:\/\/encuentrometalurgia.com\/wp-content\/uploads\/2023\/07\/INTERMET-LOGO-BLANCO.png","width":3508,"height":1188,"caption":"InterMet"},"image":{"@id":"https:\/\/encuentrometalurgia.com\/#\/schema\/logo\/image\/"},"sameAs":["https:\/\/www.facebook.com\/InterMetPeru\/","https:\/\/www.youtube.com\/@intermetconsultoresmetalur7705","https:\/\/www.linkedin.com\/in\/miningconferences\/?originalSubdomain=pe"]}]}},"_links":{"self":[{"href":"https:\/\/encuentrometalurgia.com\/en\/wp-json\/wp\/v2\/pages\/574","targetHints":{"allow":["GET"]}}],"collection":[{"href":"https:\/\/encuentrometalurgia.com\/en\/wp-json\/wp\/v2\/pages"}],"about":[{"href":"https:\/\/encuentrometalurgia.com\/en\/wp-json\/wp\/v2\/types\/page"}],"author":[{"embeddable":true,"href":"https:\/\/encuentrometalurgia.com\/en\/wp-json\/wp\/v2\/users\/2"}],"replies":[{"embeddable":true,"href":"https:\/\/encuentrometalurgia.com\/en\/wp-json\/wp\/v2\/comments?post=574"}],"version-history":[{"count":62,"href":"https:\/\/encuentrometalurgia.com\/en\/wp-json\/wp\/v2\/pages\/574\/revisions"}],"predecessor-version":[{"id":6884,"href":"https:\/\/encuentrometalurgia.com\/en\/wp-json\/wp\/v2\/pages\/574\/revisions\/6884"}],"up":[{"embeddable":true,"href":"https:\/\/encuentrometalurgia.com\/en\/wp-json\/wp\/v2\/pages\/566"}],"wp:attachment":[{"href":"https:\/\/encuentrometalurgia.com\/en\/wp-json\/wp\/v2\/media?parent=574"}],"curies":[{"name":"wp","href":"https:\/\/api.w.org\/{rel}","templated":true}]}}