{"id":6821,"date":"2024-04-24T11:31:21","date_gmt":"2024-04-24T16:31:21","guid":{"rendered":"https:\/\/encuentrometalurgia.com\/?page_id=6821"},"modified":"2024-05-02T16:24:05","modified_gmt":"2024-05-02T21:24:05","slug":"curso-previo","status":"publish","type":"page","link":"https:\/\/encuentrometalurgia.com\/en\/mineria-4-0\/curso-previo\/","title":{"rendered":"CURSO PREVIO MINER\u00cdA 4.0"},"content":{"rendered":"<div data-elementor-type=\"wp-page\" data-elementor-id=\"6821\" class=\"elementor elementor-6821\" data-elementor-post-type=\"page\">\n\t\t\t\t<div class=\"has_eae_slider elementor-element elementor-element-d0d36fc e-flex e-con-boxed e-con e-parent\" data-eae-slider=\"11419\" data-id=\"d0d36fc\" data-element_type=\"container\" data-e-type=\"container\">\n\t\t\t\t\t<div class=\"e-con-inner\">\n\t\t\t\t\t<\/div>\n\t\t\t\t<\/div>\n\t\t<div class=\"has_eae_slider elementor-element elementor-element-4025c89 e-flex e-con-boxed e-con e-parent\" data-eae-slider=\"36645\" data-id=\"4025c89\" data-element_type=\"container\" data-e-type=\"container\" data-settings=\"{&quot;background_background&quot;:&quot;classic&quot;}\">\n\t\t\t\t\t<div class=\"e-con-inner\">\n\t\t<div class=\"has_eae_slider elementor-element elementor-element-88f6abf e-con-full e-flex e-con e-child\" data-eae-slider=\"96670\" data-id=\"88f6abf\" data-element_type=\"container\" data-e-type=\"container\">\n\t\t\t\t<div class=\"elementor-element elementor-element-2158cc6 animated-slow elementor-invisible elementor-widget elementor-widget-heading\" data-id=\"2158cc6\" data-element_type=\"widget\" data-e-type=\"widget\" data-settings=\"{&quot;_animation&quot;:&quot;slideInUp&quot;}\" data-widget_type=\"heading.default\">\n\t\t\t\t\t<h2 class=\"elementor-heading-title elementor-size-default\">PREVIOUS course<\/h2>\t\t\t\t<\/div>\n\t\t\t\t<div class=\"elementor-element elementor-element-6cc4a5a elementor-widget elementor-widget-text-editor\" data-id=\"6cc4a5a\" data-element_type=\"widget\" data-e-type=\"widget\" data-widget_type=\"text-editor.default\">\n\t\t\t\t\t\t\t\t\t<p>Por la compra de tu entrada al Congreso de&nbsp; Miner\u00eda 4.0 obten este beneficio <strong>FREE<\/strong>.<\/p>\n<p>Presential modality.<br>18:30 &#8211; 21:30 hrs.<\/p>\t\t\t\t\t\t\t\t<\/div>\n\t\t\t\t<div class=\"elementor-element elementor-element-610ec65 elementor-align-left elementor-widget elementor-widget-button\" data-id=\"610ec65\" data-element_type=\"widget\" data-e-type=\"widget\" data-widget_type=\"button.default\">\n\t\t\t\t\t\t\t\t\t\t<a class=\"elementor-button elementor-button-link elementor-size-lg elementor-animation-grow\" href=\"https:\/\/wa.link\/qyx7pl\">\n\t\t\t\t\t\t<span class=\"elementor-button-content-wrapper\">\n\t\t\t\t\t\t\t\t\t<span class=\"elementor-button-text\">more information<\/span>\n\t\t\t\t\t<\/span>\n\t\t\t\t\t<\/a>\n\t\t\t\t\t\t\t\t<\/div>\n\t\t\t\t<\/div>\n\t\t\t\t<div class=\"elementor-element elementor-element-46a2be9 elementor-widget elementor-widget-image\" data-id=\"46a2be9\" data-element_type=\"widget\" data-e-type=\"widget\" data-widget_type=\"image.default\">\n\t\t\t\t\t\t\t\t\t\t\t\t\t\t\t<img fetchpriority=\"high\" decoding=\"async\" width=\"800\" height=\"980\" src=\"https:\/\/encuentrometalurgia.com\/wp-content\/uploads\/2024\/04\/AUTOMATIZACION-836x1024.png\" class=\"attachment-large size-large wp-image-6841\" alt=\"\" srcset=\"https:\/\/encuentrometalurgia.com\/wp-content\/uploads\/2024\/04\/AUTOMATIZACION-836x1024.png 836w, https:\/\/encuentrometalurgia.com\/wp-content\/uploads\/2024\/04\/AUTOMATIZACION-245x300.png 245w, https:\/\/encuentrometalurgia.com\/wp-content\/uploads\/2024\/04\/AUTOMATIZACION-768x940.png 768w, https:\/\/encuentrometalurgia.com\/wp-content\/uploads\/2024\/04\/AUTOMATIZACION-1255x1536.png 1255w, https:\/\/encuentrometalurgia.com\/wp-content\/uploads\/2024\/04\/AUTOMATIZACION-10x12.png 10w, https:\/\/encuentrometalurgia.com\/wp-content\/uploads\/2024\/04\/AUTOMATIZACION.png 1414w\" sizes=\"(max-width: 800px) 100vw, 800px\" \/>\t\t\t\t\t\t\t\t\t\t\t\t\t\t\t<\/div>\n\t\t\t\t\t<\/div>\n\t\t\t\t<\/div>\n\t\t<div class=\"has_eae_slider elementor-element elementor-element-81598bd e-flex e-con-boxed e-con e-parent\" data-eae-slider=\"82278\" data-id=\"81598bd\" data-element_type=\"container\" data-e-type=\"container\">\n\t\t\t\t\t<div class=\"e-con-inner\">\n\t\t\t\t\t<\/div>\n\t\t\t\t<\/div>\n\t\t<div class=\"has_eae_slider elementor-element elementor-element-88c75b5 e-flex e-con-boxed e-con e-parent\" data-eae-slider=\"28115\" data-id=\"88c75b5\" data-element_type=\"container\" data-e-type=\"container\">\n\t\t\t\t\t<div class=\"e-con-inner\">\n\t\t\t\t\t<\/div>\n\t\t\t\t<\/div>\n\t\t\t\t<\/div>","protected":false},"excerpt":{"rendered":"<p>curso previo Por la compra de tu entrada al Congreso de&nbsp; Miner\u00eda 4.0 obten este beneficio GRATIS. Modalidad presencial.18:30 &#8211; 21:30 hrs. m\u00e1s informaci\u00f3n<\/p>","protected":false},"author":2,"featured_media":0,"parent":566,"menu_order":0,"comment_status":"closed","ping_status":"closed","template":"elementor_header_footer","meta":{"footnotes":""},"class_list":["post-6821","page","type-page","status-publish","hentry"],"yoast_head":"<!-- This site is optimized with the Yoast SEO plugin v27.2 - https:\/\/yoast.com\/product\/yoast-seo-wordpress\/ -->\n<title>CURSO PREVIO MINER\u00cdA 4.0 - EncuentroMetalurgia<\/title>\n<meta name=\"robots\" content=\"index, follow, max-snippet:-1, max-image-preview:large, max-video-preview:-1\" \/>\n<link rel=\"canonical\" href=\"https:\/\/encuentrometalurgia.com\/en\/mineria-4-0\/curso-previo\/\" \/>\n<meta property=\"og:locale\" content=\"en_US\" \/>\n<meta property=\"og:type\" content=\"article\" \/>\n<meta property=\"og:title\" content=\"CURSO PREVIO MINER\u00cdA 4.0 - EncuentroMetalurgia\" \/>\n<meta property=\"og:description\" content=\"curso previo Por la compra de tu entrada al Congreso de&nbsp; Miner\u00eda 4.0 obten este beneficio GRATIS. Modalidad presencial.18:30 &#8211; 21:30 hrs. m\u00e1s informaci\u00f3n\" \/>\n<meta property=\"og:url\" content=\"https:\/\/encuentrometalurgia.com\/en\/mineria-4-0\/curso-previo\/\" \/>\n<meta property=\"og:site_name\" content=\"EncuentroMetalurgia\" \/>\n<meta property=\"article:publisher\" content=\"https:\/\/www.facebook.com\/InterMetPeru\/\" \/>\n<meta property=\"article:modified_time\" content=\"2024-05-02T21:24:05+00:00\" \/>\n<meta property=\"og:image\" content=\"https:\/\/encuentrometalurgia.com\/wp-content\/uploads\/2024\/04\/AUTOMATIZACION-836x1024.png\" \/>\n<meta name=\"twitter:card\" content=\"summary_large_image\" \/>\n<meta name=\"twitter:label1\" content=\"Est. reading time\" \/>\n\t<meta name=\"twitter:data1\" content=\"1 minute\" \/>\n<script type=\"application\/ld+json\" class=\"yoast-schema-graph\">{\"@context\":\"https:\/\/schema.org\",\"@graph\":[{\"@type\":\"WebPage\",\"@id\":\"https:\/\/encuentrometalurgia.com\/mineria-4-0\/curso-previo\/\",\"url\":\"https:\/\/encuentrometalurgia.com\/mineria-4-0\/curso-previo\/\",\"name\":\"CURSO PREVIO MINER\u00cdA 4.0 - EncuentroMetalurgia\",\"isPartOf\":{\"@id\":\"https:\/\/encuentrometalurgia.com\/#website\"},\"primaryImageOfPage\":{\"@id\":\"https:\/\/encuentrometalurgia.com\/mineria-4-0\/curso-previo\/#primaryimage\"},\"image\":{\"@id\":\"https:\/\/encuentrometalurgia.com\/mineria-4-0\/curso-previo\/#primaryimage\"},\"thumbnailUrl\":\"https:\/\/encuentrometalurgia.com\/wp-content\/uploads\/2024\/04\/AUTOMATIZACION-836x1024.png\",\"datePublished\":\"2024-04-24T16:31:21+00:00\",\"dateModified\":\"2024-05-02T21:24:05+00:00\",\"breadcrumb\":{\"@id\":\"https:\/\/encuentrometalurgia.com\/mineria-4-0\/curso-previo\/#breadcrumb\"},\"inLanguage\":\"en-US\",\"potentialAction\":[{\"@type\":\"ReadAction\",\"target\":[\"https:\/\/encuentrometalurgia.com\/mineria-4-0\/curso-previo\/\"]}]},{\"@type\":\"ImageObject\",\"inLanguage\":\"en-US\",\"@id\":\"https:\/\/encuentrometalurgia.com\/mineria-4-0\/curso-previo\/#primaryimage\",\"url\":\"https:\/\/encuentrometalurgia.com\/wp-content\/uploads\/2024\/04\/AUTOMATIZACION-836x1024.png\",\"contentUrl\":\"https:\/\/encuentrometalurgia.com\/wp-content\/uploads\/2024\/04\/AUTOMATIZACION-836x1024.png\"},{\"@type\":\"BreadcrumbList\",\"@id\":\"https:\/\/encuentrometalurgia.com\/mineria-4-0\/curso-previo\/#breadcrumb\",\"itemListElement\":[{\"@type\":\"ListItem\",\"position\":1,\"name\":\"Portada\",\"item\":\"https:\/\/encuentrometalurgia.com\/\"},{\"@type\":\"ListItem\",\"position\":2,\"name\":\"MINERIA 4.0\",\"item\":\"https:\/\/encuentrometalurgia.com\/mineria-4-0\/\"},{\"@type\":\"ListItem\",\"position\":3,\"name\":\"CURSO PREVIO MINER\u00cdA 4.0\"}]},{\"@type\":\"WebSite\",\"@id\":\"https:\/\/encuentrometalurgia.com\/#website\",\"url\":\"https:\/\/encuentrometalurgia.com\/\",\"name\":\"EncuentroMetalurgia\",\"description\":\"\",\"publisher\":{\"@id\":\"https:\/\/encuentrometalurgia.com\/#organization\"},\"potentialAction\":[{\"@type\":\"SearchAction\",\"target\":{\"@type\":\"EntryPoint\",\"urlTemplate\":\"https:\/\/encuentrometalurgia.com\/?s={search_term_string}\"},\"query-input\":{\"@type\":\"PropertyValueSpecification\",\"valueRequired\":true,\"valueName\":\"search_term_string\"}}],\"inLanguage\":\"en-US\"},{\"@type\":\"Organization\",\"@id\":\"https:\/\/encuentrometalurgia.com\/#organization\",\"name\":\"InterMet\",\"url\":\"https:\/\/encuentrometalurgia.com\/\",\"logo\":{\"@type\":\"ImageObject\",\"inLanguage\":\"en-US\",\"@id\":\"https:\/\/encuentrometalurgia.com\/#\/schema\/logo\/image\/\",\"url\":\"https:\/\/encuentrometalurgia.com\/wp-content\/uploads\/2023\/07\/INTERMET-LOGO-BLANCO.png\",\"contentUrl\":\"https:\/\/encuentrometalurgia.com\/wp-content\/uploads\/2023\/07\/INTERMET-LOGO-BLANCO.png\",\"width\":3508,\"height\":1188,\"caption\":\"InterMet\"},\"image\":{\"@id\":\"https:\/\/encuentrometalurgia.com\/#\/schema\/logo\/image\/\"},\"sameAs\":[\"https:\/\/www.facebook.com\/InterMetPeru\/\",\"https:\/\/www.youtube.com\/@intermetconsultoresmetalur7705\",\"https:\/\/www.linkedin.com\/in\/miningconferences\/?originalSubdomain=pe\"]}]}<\/script>\n<!-- \/ Yoast SEO plugin. -->","yoast_head_json":{"title":"CURSO PREVIO MINER\u00cdA 4.0 - EncuentroMetalurgia","robots":{"index":"index","follow":"follow","max-snippet":"max-snippet:-1","max-image-preview":"max-image-preview:large","max-video-preview":"max-video-preview:-1"},"canonical":"https:\/\/encuentrometalurgia.com\/en\/mineria-4-0\/curso-previo\/","og_locale":"en_US","og_type":"article","og_title":"CURSO PREVIO MINER\u00cdA 4.0 - EncuentroMetalurgia","og_description":"curso previo Por la compra de tu entrada al Congreso de&nbsp; Miner\u00eda 4.0 obten este beneficio GRATIS. Modalidad presencial.18:30 &#8211; 21:30 hrs. m\u00e1s informaci\u00f3n","og_url":"https:\/\/encuentrometalurgia.com\/en\/mineria-4-0\/curso-previo\/","og_site_name":"EncuentroMetalurgia","article_publisher":"https:\/\/www.facebook.com\/InterMetPeru\/","article_modified_time":"2024-05-02T21:24:05+00:00","og_image":[{"url":"https:\/\/encuentrometalurgia.com\/wp-content\/uploads\/2024\/04\/AUTOMATIZACION-836x1024.png","type":"","width":"","height":""}],"twitter_card":"summary_large_image","twitter_misc":{"Est. reading time":"1 minute"},"schema":{"@context":"https:\/\/schema.org","@graph":[{"@type":"WebPage","@id":"https:\/\/encuentrometalurgia.com\/mineria-4-0\/curso-previo\/","url":"https:\/\/encuentrometalurgia.com\/mineria-4-0\/curso-previo\/","name":"CURSO PREVIO MINER\u00cdA 4.0 - EncuentroMetalurgia","isPartOf":{"@id":"https:\/\/encuentrometalurgia.com\/#website"},"primaryImageOfPage":{"@id":"https:\/\/encuentrometalurgia.com\/mineria-4-0\/curso-previo\/#primaryimage"},"image":{"@id":"https:\/\/encuentrometalurgia.com\/mineria-4-0\/curso-previo\/#primaryimage"},"thumbnailUrl":"https:\/\/encuentrometalurgia.com\/wp-content\/uploads\/2024\/04\/AUTOMATIZACION-836x1024.png","datePublished":"2024-04-24T16:31:21+00:00","dateModified":"2024-05-02T21:24:05+00:00","breadcrumb":{"@id":"https:\/\/encuentrometalurgia.com\/mineria-4-0\/curso-previo\/#breadcrumb"},"inLanguage":"en-US","potentialAction":[{"@type":"ReadAction","target":["https:\/\/encuentrometalurgia.com\/mineria-4-0\/curso-previo\/"]}]},{"@type":"ImageObject","inLanguage":"en-US","@id":"https:\/\/encuentrometalurgia.com\/mineria-4-0\/curso-previo\/#primaryimage","url":"https:\/\/encuentrometalurgia.com\/wp-content\/uploads\/2024\/04\/AUTOMATIZACION-836x1024.png","contentUrl":"https:\/\/encuentrometalurgia.com\/wp-content\/uploads\/2024\/04\/AUTOMATIZACION-836x1024.png"},{"@type":"BreadcrumbList","@id":"https:\/\/encuentrometalurgia.com\/mineria-4-0\/curso-previo\/#breadcrumb","itemListElement":[{"@type":"ListItem","position":1,"name":"Portada","item":"https:\/\/encuentrometalurgia.com\/"},{"@type":"ListItem","position":2,"name":"MINERIA 4.0","item":"https:\/\/encuentrometalurgia.com\/mineria-4-0\/"},{"@type":"ListItem","position":3,"name":"CURSO PREVIO MINER\u00cdA 4.0"}]},{"@type":"WebSite","@id":"https:\/\/encuentrometalurgia.com\/#website","url":"https:\/\/encuentrometalurgia.com\/","name":"EncuentroMetalurgia","description":"","publisher":{"@id":"https:\/\/encuentrometalurgia.com\/#organization"},"potentialAction":[{"@type":"SearchAction","target":{"@type":"EntryPoint","urlTemplate":"https:\/\/encuentrometalurgia.com\/?s={search_term_string}"},"query-input":{"@type":"PropertyValueSpecification","valueRequired":true,"valueName":"search_term_string"}}],"inLanguage":"en-US"},{"@type":"Organization","@id":"https:\/\/encuentrometalurgia.com\/#organization","name":"InterMet","url":"https:\/\/encuentrometalurgia.com\/","logo":{"@type":"ImageObject","inLanguage":"en-US","@id":"https:\/\/encuentrometalurgia.com\/#\/schema\/logo\/image\/","url":"https:\/\/encuentrometalurgia.com\/wp-content\/uploads\/2023\/07\/INTERMET-LOGO-BLANCO.png","contentUrl":"https:\/\/encuentrometalurgia.com\/wp-content\/uploads\/2023\/07\/INTERMET-LOGO-BLANCO.png","width":3508,"height":1188,"caption":"InterMet"},"image":{"@id":"https:\/\/encuentrometalurgia.com\/#\/schema\/logo\/image\/"},"sameAs":["https:\/\/www.facebook.com\/InterMetPeru\/","https:\/\/www.youtube.com\/@intermetconsultoresmetalur7705","https:\/\/www.linkedin.com\/in\/miningconferences\/?originalSubdomain=pe"]}]}},"_links":{"self":[{"href":"https:\/\/encuentrometalurgia.com\/en\/wp-json\/wp\/v2\/pages\/6821","targetHints":{"allow":["GET"]}}],"collection":[{"href":"https:\/\/encuentrometalurgia.com\/en\/wp-json\/wp\/v2\/pages"}],"about":[{"href":"https:\/\/encuentrometalurgia.com\/en\/wp-json\/wp\/v2\/types\/page"}],"author":[{"embeddable":true,"href":"https:\/\/encuentrometalurgia.com\/en\/wp-json\/wp\/v2\/users\/2"}],"replies":[{"embeddable":true,"href":"https:\/\/encuentrometalurgia.com\/en\/wp-json\/wp\/v2\/comments?post=6821"}],"version-history":[{"count":21,"href":"https:\/\/encuentrometalurgia.com\/en\/wp-json\/wp\/v2\/pages\/6821\/revisions"}],"predecessor-version":[{"id":7013,"href":"https:\/\/encuentrometalurgia.com\/en\/wp-json\/wp\/v2\/pages\/6821\/revisions\/7013"}],"up":[{"embeddable":true,"href":"https:\/\/encuentrometalurgia.com\/en\/wp-json\/wp\/v2\/pages\/566"}],"wp:attachment":[{"href":"https:\/\/encuentrometalurgia.com\/en\/wp-json\/wp\/v2\/media?parent=6821"}],"curies":[{"name":"wp","href":"https:\/\/api.w.org\/{rel}","templated":true}]}}