{"id":699,"date":"2023-08-09T15:17:58","date_gmt":"2023-08-09T20:17:58","guid":{"rendered":"https:\/\/dev.encuentrometalurgia.com\/?page_id=699"},"modified":"2023-08-09T15:24:46","modified_gmt":"2023-08-09T20:24:46","slug":"hotel","status":"publish","type":"page","link":"https:\/\/encuentrometalurgia.com\/en\/muestreo-2023\/hotel\/","title":{"rendered":"Hotel MUESTREO 2023"},"content":{"rendered":"<div data-elementor-type=\"wp-page\" data-elementor-id=\"699\" class=\"elementor elementor-699\" data-elementor-post-type=\"page\">\n\t\t\t\t\t\t<section class=\"has_eae_slider elementor-section elementor-top-section elementor-element elementor-element-53ffce3 elementor-section-boxed elementor-section-height-default elementor-section-height-default\" data-eae-slider=\"93462\" data-id=\"53ffce3\" data-element_type=\"section\" data-e-type=\"section\" data-settings=\"{&quot;background_background&quot;:&quot;classic&quot;}\">\n\t\t\t\t\t\t<div class=\"elementor-container elementor-column-gap-default\">\n\t\t\t\t\t<div class=\"has_eae_slider elementor-column elementor-col-100 elementor-top-column elementor-element elementor-element-9d1ff59\" data-eae-slider=\"1876\" data-id=\"9d1ff59\" data-element_type=\"column\" data-e-type=\"column\">\n\t\t\t<div class=\"elementor-widget-wrap elementor-element-populated\">\n\t\t\t\t\t\t<div class=\"elementor-element elementor-element-594efb2 elementor-widget elementor-widget-heading\" data-id=\"594efb2\" data-element_type=\"widget\" data-e-type=\"widget\" data-widget_type=\"heading.default\">\n\t\t\t\t\t<h2 class=\"elementor-heading-title elementor-size-default\">VENUE - HOTEL : SAMPLING - RECONCILIATION 2023<\/h2>\t\t\t\t<\/div>\n\t\t\t\t<div class=\"elementor-element elementor-element-4befff1 elementor-widget elementor-widget-text-editor\" data-id=\"4befff1\" data-element_type=\"widget\" data-e-type=\"widget\" data-widget_type=\"text-editor.default\">\n\t\t\t\t\t\t\t\t\t<p>Home \/ <span style=\"color: #e7ff61;\">Headquarters - Hotel<\/span><\/p>\t\t\t\t\t\t\t\t<\/div>\n\t\t\t\t\t<\/div>\n\t\t<\/div>\n\t\t\t\t\t<\/div>\n\t\t<\/section>\n\t\t\t\t<section class=\"has_eae_slider elementor-section elementor-top-section elementor-element elementor-element-87c1da5 elementor-section-boxed elementor-section-height-default elementor-section-height-default\" data-eae-slider=\"2666\" data-id=\"87c1da5\" data-element_type=\"section\" data-e-type=\"section\">\n\t\t\t\t\t\t<div class=\"elementor-container elementor-column-gap-default\">\n\t\t\t\t\t<div class=\"has_eae_slider elementor-column elementor-col-50 elementor-top-column elementor-element elementor-element-258d0e7\" data-eae-slider=\"69929\" data-id=\"258d0e7\" data-element_type=\"column\" data-e-type=\"column\">\n\t\t\t<div class=\"elementor-widget-wrap elementor-element-populated\">\n\t\t\t\t\t\t<section class=\"has_eae_slider elementor-section elementor-inner-section elementor-element elementor-element-ab3daa1 elementor-section-boxed elementor-section-height-default elementor-section-height-default\" data-eae-slider=\"63503\" data-id=\"ab3daa1\" data-element_type=\"section\" data-e-type=\"section\">\n\t\t\t\t\t\t<div class=\"elementor-container elementor-column-gap-default\">\n\t\t\t\t\t<div class=\"has_eae_slider elementor-column elementor-col-100 elementor-inner-column elementor-element elementor-element-a64ada5\" data-eae-slider=\"5082\" data-id=\"a64ada5\" data-element_type=\"column\" data-e-type=\"column\">\n\t\t\t<div class=\"elementor-widget-wrap elementor-element-populated\">\n\t\t\t\t\t\t<div class=\"elementor-element elementor-element-c8544f8 elementor-widget elementor-widget-heading\" data-id=\"c8544f8\" data-element_type=\"widget\" data-e-type=\"widget\" data-widget_type=\"heading.default\">\n\t\t\t\t\t<h2 class=\"elementor-heading-title elementor-size-default\">VENUE: JOS\u00c9 ANTONIO DELUXE HOTEL\n<\/h2>\t\t\t\t<\/div>\n\t\t\t\t<div class=\"elementor-element elementor-element-341492b elementor-widget elementor-widget-heading\" data-id=\"341492b\" data-element_type=\"widget\" data-e-type=\"widget\" data-widget_type=\"heading.default\">\n\t\t\t\t\t<h2 class=\"elementor-heading-title elementor-size-default\">Street. Bellavista 133 - Miraflores. Lima. Peru . 4 Stars<\/h2>\t\t\t\t<\/div>\n\t\t\t\t\t<\/div>\n\t\t<\/div>\n\t\t\t\t\t<\/div>\n\t\t<\/section>\n\t\t\t\t<section class=\"has_eae_slider elementor-section elementor-inner-section elementor-element elementor-element-96852b6 elementor-section-boxed elementor-section-height-default elementor-section-height-default\" data-eae-slider=\"94743\" data-id=\"96852b6\" data-element_type=\"section\" data-e-type=\"section\">\n\t\t\t\t\t\t<div class=\"elementor-container elementor-column-gap-default\">\n\t\t\t\t\t<div class=\"has_eae_slider elementor-column elementor-col-100 elementor-inner-column elementor-element elementor-element-8f2c122\" data-eae-slider=\"92642\" data-id=\"8f2c122\" data-element_type=\"column\" data-e-type=\"column\">\n\t\t\t<div class=\"elementor-widget-wrap elementor-element-populated\">\n\t\t\t\t\t\t<div class=\"elementor-element elementor-element-6d2d263 elementor-widget elementor-widget-text-editor\" data-id=\"6d2d263\" data-element_type=\"widget\" data-e-type=\"widget\" data-widget_type=\"text-editor.default\">\n\t\t\t\t\t\t\t\t\t<p>It is located in the heart of Miraflores, considered the most cosmopolitan district of Lima. It is located a few blocks from the Pacific Ocean beaches and very close to the main tourist and commercial areas of Miraflores. It has 170 modern and spacious rooms offering comfortable beds with soft linens for a unique experience during your stay.<\/p><p>InterMet Conference and Congress registrants should indicate which event they are registered for.<\/p>\t\t\t\t\t\t\t\t<\/div>\n\t\t\t\t\t<\/div>\n\t\t<\/div>\n\t\t\t\t\t<\/div>\n\t\t<\/section>\n\t\t\t\t\t<\/div>\n\t\t<\/div>\n\t\t\t\t<div class=\"has_eae_slider elementor-column elementor-col-50 elementor-top-column elementor-element elementor-element-6ead381\" data-eae-slider=\"34844\" data-id=\"6ead381\" data-element_type=\"column\" data-e-type=\"column\">\n\t\t\t<div class=\"elementor-widget-wrap elementor-element-populated\">\n\t\t\t\t\t\t<section class=\"has_eae_slider elementor-section elementor-inner-section elementor-element elementor-element-677264d elementor-section-boxed elementor-section-height-default elementor-section-height-default\" data-eae-slider=\"9627\" data-id=\"677264d\" data-element_type=\"section\" data-e-type=\"section\">\n\t\t\t\t\t\t<div class=\"elementor-container elementor-column-gap-default\">\n\t\t\t\t\t<div class=\"has_eae_slider elementor-column elementor-col-100 elementor-inner-column elementor-element elementor-element-166ad3f\" data-eae-slider=\"64907\" data-id=\"166ad3f\" data-element_type=\"column\" data-e-type=\"column\">\n\t\t\t<div class=\"elementor-widget-wrap elementor-element-populated\">\n\t\t\t\t\t\t<div class=\"elementor-element elementor-element-a1e217a elementor-widget elementor-widget-heading\" data-id=\"a1e217a\" data-element_type=\"widget\" data-e-type=\"widget\" data-widget_type=\"heading.default\">\n\t\t\t\t\t<h2 class=\"elementor-heading-title elementor-size-default\">RESERVATIONS:<\/h2>\t\t\t\t<\/div>\n\t\t\t\t<div class=\"elementor-element elementor-element-899ed4b elementor-widget elementor-widget-text-editor\" data-id=\"899ed4b\" data-element_type=\"widget\" data-e-type=\"widget\" data-widget_type=\"text-editor.default\">\n\t\t\t\t\t\t\t\t\t<p>For Reservations please contact:<\/p>\n<p><b>NICOLE RAEZ<\/b><\/p>\n<p>Reserve Executive<\/p>\n<p><span style=\"color: #de8240;\">Reservas2@hotelesjosean<\/span><span style=\"color: rgb(222, 130, 64);\">tonio.com<\/span><\/p>\n<p>and copied to:<\/p>\n<p><span style=\"color: #de8240;\">Mzapata@hotelesjoseantonio.com<\/span><\/p>\n<p>+51 6415050 (107)<\/p>\n<p>Monday to Saturday<\/p>\n<p><\/p>\t\t\t\t\t\t\t\t<\/div>\n\t\t\t\t\t<\/div>\n\t\t<\/div>\n\t\t\t\t\t<\/div>\n\t\t<\/section>\n\t\t\t\t\t<\/div>\n\t\t<\/div>\n\t\t\t\t\t<\/div>\n\t\t<\/section>\n\t\t\t\t<section class=\"has_eae_slider elementor-section elementor-top-section elementor-element elementor-element-938c6da elementor-section-full_width elementor-section-height-default elementor-section-height-default\" data-eae-slider=\"97232\" data-id=\"938c6da\" data-element_type=\"section\" data-e-type=\"section\">\n\t\t\t\t\t\t<div class=\"elementor-container elementor-column-gap-default\">\n\t\t\t\t\t<div class=\"has_eae_slider elementor-column elementor-col-100 elementor-top-column elementor-element elementor-element-3e9996f\" data-eae-slider=\"57673\" data-id=\"3e9996f\" data-element_type=\"column\" data-e-type=\"column\">\n\t\t\t<div class=\"elementor-widget-wrap elementor-element-populated\">\n\t\t\t\t\t\t<div class=\"elementor-element elementor-element-eb36dc8 elementor-widget elementor-widget-google_maps\" data-id=\"eb36dc8\" data-element_type=\"widget\" data-e-type=\"widget\" data-widget_type=\"google_maps.default\">\n\t\t\t\t\t\t\t<div class=\"elementor-custom-embed\">\n\t\t\t<iframe loading=\"lazy\"\n\t\t\t\t\tsrc=\"https:\/\/maps.google.com\/maps?q=hotel%20jose%20antonio%20deluxe&#038;t=m&#038;z=15&#038;output=embed&#038;iwloc=near\"\n\t\t\t\t\ttitle=\"hotel jose antonio deluxe\"\n\t\t\t\t\taria-label=\"hotel jose antonio deluxe\"\n\t\t\t><\/iframe>\n\t\t<\/div>\n\t\t\t\t\t\t<\/div>\n\t\t\t\t\t<\/div>\n\t\t<\/div>\n\t\t\t\t\t<\/div>\n\t\t<\/section>\n\t\t\t\t<\/div>","protected":false},"excerpt":{"rendered":"<p>SEDE &#8211; HOTEL : MUESTREO &#8211; RECONCILIACI\u00d3N 2023 Inicio \/ Sede &#8211; Hotel SEDE: HOTEL JOS\u00c9 ANTONIO DELUXE Calle. Bellavista 133 \u2013 Miraflores. Lima. Per\u00fa . 4 Estrellas Se encuentra ubicado en el coraz\u00f3n de Miraflores, considerado el distrito m\u00e1s cosmopolita de Lima. Se encuentra a pocas cuadras de las playas del oc\u00e9ano pac\u00edfico y [&hellip;]<\/p>\n","protected":false},"author":2,"featured_media":0,"parent":134,"menu_order":0,"comment_status":"closed","ping_status":"closed","template":"","meta":{"footnotes":""},"class_list":["post-699","page","type-page","status-publish","hentry"],"yoast_head":"<!-- This site is optimized with the Yoast SEO plugin v27.2 - https:\/\/yoast.com\/product\/yoast-seo-wordpress\/ -->\n<title>Hotel MUESTREO 2023 - EncuentroMetalurgia<\/title>\n<meta name=\"robots\" content=\"index, follow, max-snippet:-1, max-image-preview:large, max-video-preview:-1\" \/>\n<link rel=\"canonical\" href=\"https:\/\/encuentrometalurgia.com\/en\/congreso\/muestreo-2023\/hotel\/\" \/>\n<meta property=\"og:locale\" content=\"en_US\" \/>\n<meta property=\"og:type\" content=\"article\" \/>\n<meta property=\"og:title\" content=\"Hotel MUESTREO 2023 - EncuentroMetalurgia\" \/>\n<meta property=\"og:description\" content=\"SEDE &#8211; HOTEL : MUESTREO &#8211; RECONCILIACI\u00d3N 2023 Inicio \/ Sede &#8211; Hotel SEDE: HOTEL JOS\u00c9 ANTONIO DELUXE Calle. Bellavista 133 \u2013 Miraflores. Lima. Per\u00fa . 4 Estrellas Se encuentra ubicado en el coraz\u00f3n de Miraflores, considerado el distrito m\u00e1s cosmopolita de Lima. Se encuentra a pocas cuadras de las playas del oc\u00e9ano pac\u00edfico y [&hellip;]\" \/>\n<meta property=\"og:url\" content=\"https:\/\/encuentrometalurgia.com\/en\/congreso\/muestreo-2023\/hotel\/\" \/>\n<meta property=\"og:site_name\" content=\"EncuentroMetalurgia\" \/>\n<meta property=\"article:publisher\" content=\"https:\/\/www.facebook.com\/InterMetPeru\/\" \/>\n<meta property=\"article:modified_time\" content=\"2023-08-09T20:24:46+00:00\" \/>\n<meta name=\"twitter:card\" content=\"summary_large_image\" \/>\n<meta name=\"twitter:label1\" content=\"Est. reading time\" \/>\n\t<meta name=\"twitter:data1\" content=\"1 minute\" \/>\n<script type=\"application\/ld+json\" class=\"yoast-schema-graph\">{\"@context\":\"https:\/\/schema.org\",\"@graph\":[{\"@type\":\"WebPage\",\"@id\":\"https:\/\/encuentrometalurgia.com\/congreso\/muestreo-2023\/hotel\/\",\"url\":\"https:\/\/encuentrometalurgia.com\/congreso\/muestreo-2023\/hotel\/\",\"name\":\"Hotel MUESTREO 2023 - EncuentroMetalurgia\",\"isPartOf\":{\"@id\":\"https:\/\/encuentrometalurgia.com\/#website\"},\"datePublished\":\"2023-08-09T20:17:58+00:00\",\"dateModified\":\"2023-08-09T20:24:46+00:00\",\"breadcrumb\":{\"@id\":\"https:\/\/encuentrometalurgia.com\/congreso\/muestreo-2023\/hotel\/#breadcrumb\"},\"inLanguage\":\"en-US\",\"potentialAction\":[{\"@type\":\"ReadAction\",\"target\":[\"https:\/\/encuentrometalurgia.com\/congreso\/muestreo-2023\/hotel\/\"]}]},{\"@type\":\"BreadcrumbList\",\"@id\":\"https:\/\/encuentrometalurgia.com\/congreso\/muestreo-2023\/hotel\/#breadcrumb\",\"itemListElement\":[{\"@type\":\"ListItem\",\"position\":1,\"name\":\"Portada\",\"item\":\"https:\/\/encuentrometalurgia.com\/\"},{\"@type\":\"ListItem\",\"position\":2,\"name\":\"Muestreo 2023\",\"item\":\"https:\/\/encuentrometalurgia.com\/congreso\/muestreo-2023\/\"},{\"@type\":\"ListItem\",\"position\":3,\"name\":\"Hotel MUESTREO 2023\"}]},{\"@type\":\"WebSite\",\"@id\":\"https:\/\/encuentrometalurgia.com\/#website\",\"url\":\"https:\/\/encuentrometalurgia.com\/\",\"name\":\"EncuentroMetalurgia\",\"description\":\"\",\"publisher\":{\"@id\":\"https:\/\/encuentrometalurgia.com\/#organization\"},\"potentialAction\":[{\"@type\":\"SearchAction\",\"target\":{\"@type\":\"EntryPoint\",\"urlTemplate\":\"https:\/\/encuentrometalurgia.com\/?s={search_term_string}\"},\"query-input\":{\"@type\":\"PropertyValueSpecification\",\"valueRequired\":true,\"valueName\":\"search_term_string\"}}],\"inLanguage\":\"en-US\"},{\"@type\":\"Organization\",\"@id\":\"https:\/\/encuentrometalurgia.com\/#organization\",\"name\":\"InterMet\",\"url\":\"https:\/\/encuentrometalurgia.com\/\",\"logo\":{\"@type\":\"ImageObject\",\"inLanguage\":\"en-US\",\"@id\":\"https:\/\/encuentrometalurgia.com\/#\/schema\/logo\/image\/\",\"url\":\"https:\/\/encuentrometalurgia.com\/wp-content\/uploads\/2023\/07\/INTERMET-LOGO-BLANCO.png\",\"contentUrl\":\"https:\/\/encuentrometalurgia.com\/wp-content\/uploads\/2023\/07\/INTERMET-LOGO-BLANCO.png\",\"width\":3508,\"height\":1188,\"caption\":\"InterMet\"},\"image\":{\"@id\":\"https:\/\/encuentrometalurgia.com\/#\/schema\/logo\/image\/\"},\"sameAs\":[\"https:\/\/www.facebook.com\/InterMetPeru\/\",\"https:\/\/www.youtube.com\/@intermetconsultoresmetalur7705\",\"https:\/\/www.linkedin.com\/in\/miningconferences\/?originalSubdomain=pe\"]}]}<\/script>\n<!-- \/ Yoast SEO plugin. -->","yoast_head_json":{"title":"Hotel MUESTREO 2023 - EncuentroMetalurgia","robots":{"index":"index","follow":"follow","max-snippet":"max-snippet:-1","max-image-preview":"max-image-preview:large","max-video-preview":"max-video-preview:-1"},"canonical":"https:\/\/encuentrometalurgia.com\/en\/congreso\/muestreo-2023\/hotel\/","og_locale":"en_US","og_type":"article","og_title":"Hotel MUESTREO 2023 - EncuentroMetalurgia","og_description":"SEDE &#8211; HOTEL : MUESTREO &#8211; RECONCILIACI\u00d3N 2023 Inicio \/ Sede &#8211; Hotel SEDE: HOTEL JOS\u00c9 ANTONIO DELUXE Calle. Bellavista 133 \u2013 Miraflores. Lima. Per\u00fa . 4 Estrellas Se encuentra ubicado en el coraz\u00f3n de Miraflores, considerado el distrito m\u00e1s cosmopolita de Lima. Se encuentra a pocas cuadras de las playas del oc\u00e9ano pac\u00edfico y [&hellip;]","og_url":"https:\/\/encuentrometalurgia.com\/en\/congreso\/muestreo-2023\/hotel\/","og_site_name":"EncuentroMetalurgia","article_publisher":"https:\/\/www.facebook.com\/InterMetPeru\/","article_modified_time":"2023-08-09T20:24:46+00:00","twitter_card":"summary_large_image","twitter_misc":{"Est. reading time":"1 minute"},"schema":{"@context":"https:\/\/schema.org","@graph":[{"@type":"WebPage","@id":"https:\/\/encuentrometalurgia.com\/congreso\/muestreo-2023\/hotel\/","url":"https:\/\/encuentrometalurgia.com\/congreso\/muestreo-2023\/hotel\/","name":"Hotel MUESTREO 2023 - EncuentroMetalurgia","isPartOf":{"@id":"https:\/\/encuentrometalurgia.com\/#website"},"datePublished":"2023-08-09T20:17:58+00:00","dateModified":"2023-08-09T20:24:46+00:00","breadcrumb":{"@id":"https:\/\/encuentrometalurgia.com\/congreso\/muestreo-2023\/hotel\/#breadcrumb"},"inLanguage":"en-US","potentialAction":[{"@type":"ReadAction","target":["https:\/\/encuentrometalurgia.com\/congreso\/muestreo-2023\/hotel\/"]}]},{"@type":"BreadcrumbList","@id":"https:\/\/encuentrometalurgia.com\/congreso\/muestreo-2023\/hotel\/#breadcrumb","itemListElement":[{"@type":"ListItem","position":1,"name":"Portada","item":"https:\/\/encuentrometalurgia.com\/"},{"@type":"ListItem","position":2,"name":"Muestreo 2023","item":"https:\/\/encuentrometalurgia.com\/congreso\/muestreo-2023\/"},{"@type":"ListItem","position":3,"name":"Hotel MUESTREO 2023"}]},{"@type":"WebSite","@id":"https:\/\/encuentrometalurgia.com\/#website","url":"https:\/\/encuentrometalurgia.com\/","name":"EncuentroMetalurgia","description":"","publisher":{"@id":"https:\/\/encuentrometalurgia.com\/#organization"},"potentialAction":[{"@type":"SearchAction","target":{"@type":"EntryPoint","urlTemplate":"https:\/\/encuentrometalurgia.com\/?s={search_term_string}"},"query-input":{"@type":"PropertyValueSpecification","valueRequired":true,"valueName":"search_term_string"}}],"inLanguage":"en-US"},{"@type":"Organization","@id":"https:\/\/encuentrometalurgia.com\/#organization","name":"InterMet","url":"https:\/\/encuentrometalurgia.com\/","logo":{"@type":"ImageObject","inLanguage":"en-US","@id":"https:\/\/encuentrometalurgia.com\/#\/schema\/logo\/image\/","url":"https:\/\/encuentrometalurgia.com\/wp-content\/uploads\/2023\/07\/INTERMET-LOGO-BLANCO.png","contentUrl":"https:\/\/encuentrometalurgia.com\/wp-content\/uploads\/2023\/07\/INTERMET-LOGO-BLANCO.png","width":3508,"height":1188,"caption":"InterMet"},"image":{"@id":"https:\/\/encuentrometalurgia.com\/#\/schema\/logo\/image\/"},"sameAs":["https:\/\/www.facebook.com\/InterMetPeru\/","https:\/\/www.youtube.com\/@intermetconsultoresmetalur7705","https:\/\/www.linkedin.com\/in\/miningconferences\/?originalSubdomain=pe"]}]}},"_links":{"self":[{"href":"https:\/\/encuentrometalurgia.com\/en\/wp-json\/wp\/v2\/pages\/699","targetHints":{"allow":["GET"]}}],"collection":[{"href":"https:\/\/encuentrometalurgia.com\/en\/wp-json\/wp\/v2\/pages"}],"about":[{"href":"https:\/\/encuentrometalurgia.com\/en\/wp-json\/wp\/v2\/types\/page"}],"author":[{"embeddable":true,"href":"https:\/\/encuentrometalurgia.com\/en\/wp-json\/wp\/v2\/users\/2"}],"replies":[{"embeddable":true,"href":"https:\/\/encuentrometalurgia.com\/en\/wp-json\/wp\/v2\/comments?post=699"}],"version-history":[{"count":7,"href":"https:\/\/encuentrometalurgia.com\/en\/wp-json\/wp\/v2\/pages\/699\/revisions"}],"predecessor-version":[{"id":706,"href":"https:\/\/encuentrometalurgia.com\/en\/wp-json\/wp\/v2\/pages\/699\/revisions\/706"}],"up":[{"embeddable":true,"href":"https:\/\/encuentrometalurgia.com\/en\/wp-json\/wp\/v2\/pages\/134"}],"wp:attachment":[{"href":"https:\/\/encuentrometalurgia.com\/en\/wp-json\/wp\/v2\/media?parent=699"}],"curies":[{"name":"wp","href":"https:\/\/api.w.org\/{rel}","templated":true}]}}