{"id":91,"date":"2023-07-31T14:52:03","date_gmt":"2023-07-31T19:52:03","guid":{"rendered":"https:\/\/dev.encuentrometalurgia.com\/?page_id=91"},"modified":"2023-08-21T10:31:19","modified_gmt":"2023-08-21T15:31:19","slug":"hotel","status":"publish","type":"page","link":"https:\/\/encuentrometalurgia.com\/en\/flotacion-2023\/hotel\/","title":{"rendered":"Hotel Flotacion 2023"},"content":{"rendered":"<div data-elementor-type=\"wp-page\" data-elementor-id=\"91\" class=\"elementor elementor-91\" data-elementor-post-type=\"page\">\n\t\t\t\t\t\t<section class=\"has_eae_slider elementor-section elementor-top-section elementor-element elementor-element-76cb627 elementor-section-full_width elementor-section-height-default elementor-section-height-default\" data-eae-slider=\"31344\" data-id=\"76cb627\" data-element_type=\"section\" data-e-type=\"section\">\n\t\t\t\t\t\t<div class=\"elementor-container elementor-column-gap-no\">\n\t\t\t\t\t<div class=\"has_eae_slider elementor-column elementor-col-100 elementor-top-column elementor-element elementor-element-cd4a6cb\" data-eae-slider=\"68164\" data-id=\"cd4a6cb\" data-element_type=\"column\" data-e-type=\"column\" data-settings=\"{&quot;background_background&quot;:&quot;classic&quot;}\">\n\t\t\t<div class=\"elementor-widget-wrap elementor-element-populated\">\n\t\t\t\t\t\t<section class=\"has_eae_slider elementor-section elementor-inner-section elementor-element elementor-element-55b9c26 elementor-section-boxed elementor-section-height-default elementor-section-height-default\" data-eae-slider=\"47800\" data-id=\"55b9c26\" data-element_type=\"section\" data-e-type=\"section\">\n\t\t\t\t\t\t<div class=\"elementor-container elementor-column-gap-default\">\n\t\t\t\t\t<div class=\"has_eae_slider elementor-column elementor-col-100 elementor-inner-column elementor-element elementor-element-5d02040\" data-eae-slider=\"90174\" data-id=\"5d02040\" data-element_type=\"column\" data-e-type=\"column\">\n\t\t\t<div class=\"elementor-widget-wrap elementor-element-populated\">\n\t\t\t\t\t\t<div class=\"elementor-element elementor-element-1c427e9 elementor-widget__width-auto elementor-widget elementor-widget-text-editor\" data-id=\"1c427e9\" data-element_type=\"widget\" data-e-type=\"widget\" data-widget_type=\"text-editor.default\">\n\t\t\t\t\t\t\t\t\t<p>Flotation 2023 is an event of great relevance in the mining sector and offers several opportunities to make your company's name widely known, showcase your products and services, generating technical and commercial contact networks with a highly specialized audience. As a sponsor, your company will have the opportunity to participate in an International Congress that will bring together the main leaders responsible for decision making of large mining companies in the country. The event is organized by InterMet, a leading company in the region with 13 years of experience creating networking spaces, organizing mining congresses of high scientific quality.<\/p>\t\t\t\t\t\t\t\t<\/div>\n\t\t\t\t\t<\/div>\n\t\t<\/div>\n\t\t\t\t\t<\/div>\n\t\t<\/section>\n\t\t\t\t\t<\/div>\n\t\t<\/div>\n\t\t\t\t\t<\/div>\n\t\t<\/section>\n\t\t\t\t<section class=\"has_eae_slider elementor-section elementor-top-section elementor-element elementor-element-4fd8f70 elementor-section-boxed elementor-section-height-default elementor-section-height-default\" data-eae-slider=\"63214\" data-id=\"4fd8f70\" data-element_type=\"section\" data-e-type=\"section\">\n\t\t\t\t\t\t<div class=\"elementor-container elementor-column-gap-default\">\n\t\t\t\t\t<div class=\"has_eae_slider elementor-column elementor-col-50 elementor-top-column elementor-element elementor-element-49780c3\" data-eae-slider=\"96263\" data-id=\"49780c3\" data-element_type=\"column\" data-e-type=\"column\">\n\t\t\t<div class=\"elementor-widget-wrap elementor-element-populated\">\n\t\t\t\t\t\t<section class=\"has_eae_slider elementor-section elementor-inner-section elementor-element elementor-element-b352c9c elementor-section-boxed elementor-section-height-default elementor-section-height-default\" data-eae-slider=\"89954\" data-id=\"b352c9c\" data-element_type=\"section\" data-e-type=\"section\">\n\t\t\t\t\t\t<div class=\"elementor-container elementor-column-gap-default\">\n\t\t\t\t\t<div class=\"has_eae_slider elementor-column elementor-col-100 elementor-inner-column elementor-element elementor-element-41ef41c shadow\" data-eae-slider=\"72940\" data-id=\"41ef41c\" data-element_type=\"column\" data-e-type=\"column\">\n\t\t\t<div class=\"elementor-widget-wrap elementor-element-populated\">\n\t\t\t\t\t\t<div class=\"elementor-element elementor-element-a3e227c elementor-widget elementor-widget-heading\" data-id=\"a3e227c\" data-element_type=\"widget\" data-e-type=\"widget\" data-widget_type=\"heading.default\">\n\t\t\t\t\t<h2 class=\"elementor-heading-title elementor-size-default\">VENUE: JOS\u00c9 ANTONIO DELUXE HOTEL<\/h2>\t\t\t\t<\/div>\n\t\t\t\t<div class=\"elementor-element elementor-element-88c0f6b elementor-widget elementor-widget-heading\" data-id=\"88c0f6b\" data-element_type=\"widget\" data-e-type=\"widget\" data-widget_type=\"heading.default\">\n\t\t\t\t\t<h2 class=\"elementor-heading-title elementor-size-default\">Street. Bellavista 133 - Miraflores. Lima. Peru . 4 Stars<\/h2>\t\t\t\t<\/div>\n\t\t\t\t<div class=\"elementor-element elementor-element-d84947e elementor-widget elementor-widget-text-editor\" data-id=\"d84947e\" data-element_type=\"widget\" data-e-type=\"widget\" data-widget_type=\"text-editor.default\">\n\t\t\t\t\t\t\t\t\t<p>Venue of this Conference\/Congress.<\/p><p>It is located in the heart of Miraflores, considered the most cosmopolitan district of Lima. It is located a few blocks from the Pacific Ocean beaches and very close to the main tourist and commercial areas of Miraflores. It has 170 modern and spacious rooms offering comfortable beds with soft linens for a unique experience during your stay.<\/p><p>InterMet Conference and Congress registrants should indicate which event they are registered for.<\/p>\t\t\t\t\t\t\t\t<\/div>\n\t\t\t\t\t<\/div>\n\t\t<\/div>\n\t\t\t\t\t<\/div>\n\t\t<\/section>\n\t\t\t\t\t<\/div>\n\t\t<\/div>\n\t\t\t\t<div class=\"has_eae_slider elementor-column elementor-col-50 elementor-top-column elementor-element elementor-element-f57e50c\" data-eae-slider=\"16319\" data-id=\"f57e50c\" data-element_type=\"column\" data-e-type=\"column\">\n\t\t\t<div class=\"elementor-widget-wrap elementor-element-populated\">\n\t\t\t\t\t\t<section class=\"has_eae_slider elementor-section elementor-inner-section elementor-element elementor-element-2678d1d elementor-section-boxed elementor-section-height-default elementor-section-height-default\" data-eae-slider=\"4975\" data-id=\"2678d1d\" data-element_type=\"section\" data-e-type=\"section\">\n\t\t\t\t\t\t<div class=\"elementor-container elementor-column-gap-default\">\n\t\t\t\t\t<div class=\"has_eae_slider elementor-column elementor-col-100 elementor-inner-column elementor-element elementor-element-f2fd044 shadow\" data-eae-slider=\"86644\" data-id=\"f2fd044\" data-element_type=\"column\" data-e-type=\"column\">\n\t\t\t<div class=\"elementor-widget-wrap elementor-element-populated\">\n\t\t\t\t\t\t<div class=\"elementor-element elementor-element-75da377 elementor-widget elementor-widget-heading\" data-id=\"75da377\" data-element_type=\"widget\" data-e-type=\"widget\" data-widget_type=\"heading.default\">\n\t\t\t\t\t<h2 class=\"elementor-heading-title elementor-size-default\">BOOKINGS<\/h2>\t\t\t\t<\/div>\n\t\t\t\t<div class=\"elementor-element elementor-element-e873b62 text-style elementor-widget elementor-widget-text-editor\" data-id=\"e873b62\" data-element_type=\"widget\" data-e-type=\"widget\" data-widget_type=\"text-editor.default\">\n\t\t\t\t\t\t\t\t\t<p>For Reservations please contact:<\/p><p><b>NICOLE RAEZ<\/b><\/p><p>Reserve Executive<\/p><p><b style=\"color: #105273;\">Reservas2@hotelesjoseantonio.com<\/b><\/p><p>and copied to:<\/p><p><b style=\"color: #105273;\">Mzapata@hotelesjoseantonio.com<\/b><\/p><p>+51 6415050 (107)<\/p><p>Monday to Saturday<\/p>\t\t\t\t\t\t\t\t<\/div>\n\t\t\t\t\t<\/div>\n\t\t<\/div>\n\t\t\t\t\t<\/div>\n\t\t<\/section>\n\t\t\t\t\t<\/div>\n\t\t<\/div>\n\t\t\t\t\t<\/div>\n\t\t<\/section>\n\t\t\t\t<section class=\"has_eae_slider elementor-section elementor-top-section elementor-element elementor-element-7adc4fe elementor-section-full_width elementor-section-height-default elementor-section-height-default\" data-eae-slider=\"2762\" data-id=\"7adc4fe\" data-element_type=\"section\" data-e-type=\"section\">\n\t\t\t\t\t\t<div class=\"elementor-container elementor-column-gap-default\">\n\t\t\t\t\t<div class=\"has_eae_slider elementor-column elementor-col-100 elementor-top-column elementor-element elementor-element-6d2245b\" data-eae-slider=\"51383\" data-id=\"6d2245b\" data-element_type=\"column\" data-e-type=\"column\">\n\t\t\t<div class=\"elementor-widget-wrap elementor-element-populated\">\n\t\t\t\t\t\t<div class=\"elementor-element elementor-element-1d920b6 elementor-widget elementor-widget-google_maps\" data-id=\"1d920b6\" data-element_type=\"widget\" data-e-type=\"widget\" data-widget_type=\"google_maps.default\">\n\t\t\t\t\t\t\t<div class=\"elementor-custom-embed\">\n\t\t\t<iframe loading=\"lazy\"\n\t\t\t\t\tsrc=\"https:\/\/maps.google.com\/maps?q=SEDE%3A%20HOTEL%20JOS%C3%89%20ANTONIO%20DELUXE%20Calle.%20Bellavista%20133%20%E2%80%93%20Miraflores.%20Lima.%20Per%C3%BA%20.%20%204%20Estrellas&#038;t=m&#038;z=16&#038;output=embed&#038;iwloc=near\"\n\t\t\t\t\ttitle=\"SEDE: HOTEL JOS\u00c9 ANTONIO DELUXE Calle. Bellavista 133 \u2013 Miraflores. Lima. Per\u00fa .  4 Estrellas\"\n\t\t\t\t\taria-label=\"SEDE: HOTEL JOS\u00c9 ANTONIO DELUXE Calle. Bellavista 133 \u2013 Miraflores. Lima. Per\u00fa .  4 Estrellas\"\n\t\t\t><\/iframe>\n\t\t<\/div>\n\t\t\t\t\t\t<\/div>\n\t\t\t\t\t<\/div>\n\t\t<\/div>\n\t\t\t\t\t<\/div>\n\t\t<\/section>\n\t\t\t\t<\/div>","protected":false},"excerpt":{"rendered":"<p>Flotaci\u00f3n 2023 es un evento de gran relevancia en el sector minero y ofrece diversas oportunidades de dar a conocer ampliamente el nombre de su empresa, mostrar sus productos y servicios, generando redes de contacto t\u00e9cnicas y comerciales con un p\u00fablico altamente especializado. Como auspiciador, su empresa tendr\u00e1 la oportunidad de participar en un Congreso [&hellip;]<\/p>\n","protected":false},"author":2,"featured_media":0,"parent":31,"menu_order":0,"comment_status":"closed","ping_status":"closed","template":"","meta":{"footnotes":""},"class_list":["post-91","page","type-page","status-publish","hentry"],"yoast_head":"<!-- This site is optimized with the Yoast SEO plugin v27.2 - https:\/\/yoast.com\/product\/yoast-seo-wordpress\/ -->\n<title>Hotel Flotacion 2023 - EncuentroMetalurgia<\/title>\n<meta name=\"description\" content=\"&quot;Flotaci\u00f3n 2023: Encuentra Alojamiento Ideal Cerca del Evento. \u00a1Reserva Ahora y \u00danete a la Vanguardia de la Recuperaci\u00f3n Mineral!&quot;\" \/>\n<meta name=\"robots\" content=\"index, follow, max-snippet:-1, max-image-preview:large, max-video-preview:-1\" \/>\n<link rel=\"canonical\" href=\"https:\/\/encuentrometalurgia.com\/en\/flotacion-2023\/hotel\/\" \/>\n<meta property=\"og:locale\" content=\"en_US\" \/>\n<meta property=\"og:type\" content=\"article\" \/>\n<meta property=\"og:title\" content=\"Hotel Flotacion 2023 - EncuentroMetalurgia\" \/>\n<meta property=\"og:description\" content=\"&quot;Flotaci\u00f3n 2023: Encuentra Alojamiento Ideal Cerca del Evento. \u00a1Reserva Ahora y \u00danete a la Vanguardia de la Recuperaci\u00f3n Mineral!&quot;\" \/>\n<meta property=\"og:url\" content=\"https:\/\/encuentrometalurgia.com\/en\/flotacion-2023\/hotel\/\" \/>\n<meta property=\"og:site_name\" content=\"EncuentroMetalurgia\" \/>\n<meta property=\"article:publisher\" content=\"https:\/\/www.facebook.com\/InterMetPeru\/\" \/>\n<meta property=\"article:modified_time\" content=\"2023-08-21T15:31:19+00:00\" \/>\n<meta name=\"twitter:card\" content=\"summary_large_image\" \/>\n<meta name=\"twitter:label1\" content=\"Est. reading time\" \/>\n\t<meta name=\"twitter:data1\" content=\"1 minute\" \/>\n<script type=\"application\/ld+json\" class=\"yoast-schema-graph\">{\"@context\":\"https:\/\/schema.org\",\"@graph\":[{\"@type\":\"WebPage\",\"@id\":\"https:\/\/encuentrometalurgia.com\/flotacion-2023\/hotel\/\",\"url\":\"https:\/\/encuentrometalurgia.com\/flotacion-2023\/hotel\/\",\"name\":\"Hotel Flotacion 2023 - EncuentroMetalurgia\",\"isPartOf\":{\"@id\":\"https:\/\/encuentrometalurgia.com\/#website\"},\"datePublished\":\"2023-07-31T19:52:03+00:00\",\"dateModified\":\"2023-08-21T15:31:19+00:00\",\"description\":\"\\\"Flotaci\u00f3n 2023: Encuentra Alojamiento Ideal Cerca del Evento. \u00a1Reserva Ahora y \u00danete a la Vanguardia de la Recuperaci\u00f3n Mineral!\\\"\",\"breadcrumb\":{\"@id\":\"https:\/\/encuentrometalurgia.com\/flotacion-2023\/hotel\/#breadcrumb\"},\"inLanguage\":\"en-US\",\"potentialAction\":[{\"@type\":\"ReadAction\",\"target\":[\"https:\/\/encuentrometalurgia.com\/flotacion-2023\/hotel\/\"]}]},{\"@type\":\"BreadcrumbList\",\"@id\":\"https:\/\/encuentrometalurgia.com\/flotacion-2023\/hotel\/#breadcrumb\",\"itemListElement\":[{\"@type\":\"ListItem\",\"position\":1,\"name\":\"Portada\",\"item\":\"https:\/\/encuentrometalurgia.com\/\"},{\"@type\":\"ListItem\",\"position\":2,\"name\":\"Flotacion 2023\",\"item\":\"https:\/\/encuentrometalurgia.com\/flotacion-2023\/\"},{\"@type\":\"ListItem\",\"position\":3,\"name\":\"Hotel Flotacion 2023\"}]},{\"@type\":\"WebSite\",\"@id\":\"https:\/\/encuentrometalurgia.com\/#website\",\"url\":\"https:\/\/encuentrometalurgia.com\/\",\"name\":\"EncuentroMetalurgia\",\"description\":\"\",\"publisher\":{\"@id\":\"https:\/\/encuentrometalurgia.com\/#organization\"},\"potentialAction\":[{\"@type\":\"SearchAction\",\"target\":{\"@type\":\"EntryPoint\",\"urlTemplate\":\"https:\/\/encuentrometalurgia.com\/?s={search_term_string}\"},\"query-input\":{\"@type\":\"PropertyValueSpecification\",\"valueRequired\":true,\"valueName\":\"search_term_string\"}}],\"inLanguage\":\"en-US\"},{\"@type\":\"Organization\",\"@id\":\"https:\/\/encuentrometalurgia.com\/#organization\",\"name\":\"InterMet\",\"url\":\"https:\/\/encuentrometalurgia.com\/\",\"logo\":{\"@type\":\"ImageObject\",\"inLanguage\":\"en-US\",\"@id\":\"https:\/\/encuentrometalurgia.com\/#\/schema\/logo\/image\/\",\"url\":\"https:\/\/encuentrometalurgia.com\/wp-content\/uploads\/2023\/07\/INTERMET-LOGO-BLANCO.png\",\"contentUrl\":\"https:\/\/encuentrometalurgia.com\/wp-content\/uploads\/2023\/07\/INTERMET-LOGO-BLANCO.png\",\"width\":3508,\"height\":1188,\"caption\":\"InterMet\"},\"image\":{\"@id\":\"https:\/\/encuentrometalurgia.com\/#\/schema\/logo\/image\/\"},\"sameAs\":[\"https:\/\/www.facebook.com\/InterMetPeru\/\",\"https:\/\/www.youtube.com\/@intermetconsultoresmetalur7705\",\"https:\/\/www.linkedin.com\/in\/miningconferences\/?originalSubdomain=pe\"]}]}<\/script>\n<!-- \/ Yoast SEO plugin. -->","yoast_head_json":{"title":"Hotel Flotacion 2023 - EncuentroMetalurgia","description":"\"Flotaci\\u00f3n 2023: Encuentra Alojamiento Ideal Cerca del Evento. \\u00a1Reserva Ahora y \\u00danete a la Vanguardia de la Recuperaci\\u00f3n Mineral!\"","robots":{"index":"index","follow":"follow","max-snippet":"max-snippet:-1","max-image-preview":"max-image-preview:large","max-video-preview":"max-video-preview:-1"},"canonical":"https:\/\/encuentrometalurgia.com\/en\/flotacion-2023\/hotel\/","og_locale":"en_US","og_type":"article","og_title":"Hotel Flotacion 2023 - EncuentroMetalurgia","og_description":"\"Flotaci\u00f3n 2023: Encuentra Alojamiento Ideal Cerca del Evento. \u00a1Reserva Ahora y \u00danete a la Vanguardia de la Recuperaci\u00f3n Mineral!\"","og_url":"https:\/\/encuentrometalurgia.com\/en\/flotacion-2023\/hotel\/","og_site_name":"EncuentroMetalurgia","article_publisher":"https:\/\/www.facebook.com\/InterMetPeru\/","article_modified_time":"2023-08-21T15:31:19+00:00","twitter_card":"summary_large_image","twitter_misc":{"Est. reading time":"1 minute"},"schema":{"@context":"https:\/\/schema.org","@graph":[{"@type":"WebPage","@id":"https:\/\/encuentrometalurgia.com\/flotacion-2023\/hotel\/","url":"https:\/\/encuentrometalurgia.com\/flotacion-2023\/hotel\/","name":"Hotel Flotacion 2023 - EncuentroMetalurgia","isPartOf":{"@id":"https:\/\/encuentrometalurgia.com\/#website"},"datePublished":"2023-07-31T19:52:03+00:00","dateModified":"2023-08-21T15:31:19+00:00","description":"\"Flotaci\\u00f3n 2023: Encuentra Alojamiento Ideal Cerca del Evento. \\u00a1Reserva Ahora y \\u00danete a la Vanguardia de la Recuperaci\\u00f3n Mineral!\"","breadcrumb":{"@id":"https:\/\/encuentrometalurgia.com\/flotacion-2023\/hotel\/#breadcrumb"},"inLanguage":"en-US","potentialAction":[{"@type":"ReadAction","target":["https:\/\/encuentrometalurgia.com\/flotacion-2023\/hotel\/"]}]},{"@type":"BreadcrumbList","@id":"https:\/\/encuentrometalurgia.com\/flotacion-2023\/hotel\/#breadcrumb","itemListElement":[{"@type":"ListItem","position":1,"name":"Portada","item":"https:\/\/encuentrometalurgia.com\/"},{"@type":"ListItem","position":2,"name":"Flotacion 2023","item":"https:\/\/encuentrometalurgia.com\/flotacion-2023\/"},{"@type":"ListItem","position":3,"name":"Hotel Flotacion 2023"}]},{"@type":"WebSite","@id":"https:\/\/encuentrometalurgia.com\/#website","url":"https:\/\/encuentrometalurgia.com\/","name":"EncuentroMetalurgia","description":"","publisher":{"@id":"https:\/\/encuentrometalurgia.com\/#organization"},"potentialAction":[{"@type":"SearchAction","target":{"@type":"EntryPoint","urlTemplate":"https:\/\/encuentrometalurgia.com\/?s={search_term_string}"},"query-input":{"@type":"PropertyValueSpecification","valueRequired":true,"valueName":"search_term_string"}}],"inLanguage":"en-US"},{"@type":"Organization","@id":"https:\/\/encuentrometalurgia.com\/#organization","name":"InterMet","url":"https:\/\/encuentrometalurgia.com\/","logo":{"@type":"ImageObject","inLanguage":"en-US","@id":"https:\/\/encuentrometalurgia.com\/#\/schema\/logo\/image\/","url":"https:\/\/encuentrometalurgia.com\/wp-content\/uploads\/2023\/07\/INTERMET-LOGO-BLANCO.png","contentUrl":"https:\/\/encuentrometalurgia.com\/wp-content\/uploads\/2023\/07\/INTERMET-LOGO-BLANCO.png","width":3508,"height":1188,"caption":"InterMet"},"image":{"@id":"https:\/\/encuentrometalurgia.com\/#\/schema\/logo\/image\/"},"sameAs":["https:\/\/www.facebook.com\/InterMetPeru\/","https:\/\/www.youtube.com\/@intermetconsultoresmetalur7705","https:\/\/www.linkedin.com\/in\/miningconferences\/?originalSubdomain=pe"]}]}},"_links":{"self":[{"href":"https:\/\/encuentrometalurgia.com\/en\/wp-json\/wp\/v2\/pages\/91","targetHints":{"allow":["GET"]}}],"collection":[{"href":"https:\/\/encuentrometalurgia.com\/en\/wp-json\/wp\/v2\/pages"}],"about":[{"href":"https:\/\/encuentrometalurgia.com\/en\/wp-json\/wp\/v2\/types\/page"}],"author":[{"embeddable":true,"href":"https:\/\/encuentrometalurgia.com\/en\/wp-json\/wp\/v2\/users\/2"}],"replies":[{"embeddable":true,"href":"https:\/\/encuentrometalurgia.com\/en\/wp-json\/wp\/v2\/comments?post=91"}],"version-history":[{"count":42,"href":"https:\/\/encuentrometalurgia.com\/en\/wp-json\/wp\/v2\/pages\/91\/revisions"}],"predecessor-version":[{"id":1623,"href":"https:\/\/encuentrometalurgia.com\/en\/wp-json\/wp\/v2\/pages\/91\/revisions\/1623"}],"up":[{"embeddable":true,"href":"https:\/\/encuentrometalurgia.com\/en\/wp-json\/wp\/v2\/pages\/31"}],"wp:attachment":[{"href":"https:\/\/encuentrometalurgia.com\/en\/wp-json\/wp\/v2\/media?parent=91"}],"curies":[{"name":"wp","href":"https:\/\/api.w.org\/{rel}","templated":true}]}}