{"id":9668,"date":"2024-11-13T09:38:31","date_gmt":"2024-11-13T14:38:31","guid":{"rendered":"https:\/\/encuentrometalurgia.com\/?page_id=9668"},"modified":"2025-07-24T12:54:39","modified_gmt":"2025-07-24T17:54:39","slug":"autor-relaves-y-aguas-2025","status":"publish","type":"page","link":"https:\/\/encuentrometalurgia.com\/en\/relaves2025\/autor-relaves-y-aguas-2025\/","title":{"rendered":"AUTOR RELAVES Y AGUAS 2025"},"content":{"rendered":"\t\t<div data-elementor-type=\"wp-page\" data-elementor-id=\"9668\" class=\"elementor elementor-9668\" data-elementor-post-type=\"page\">\n\t\t\t\t<div class=\"has_eae_slider elementor-element elementor-element-7afed7a2 e-con-full e-flex e-con e-parent\" data-eae-slider=\"73266\" data-id=\"7afed7a2\" data-element_type=\"container\" data-e-type=\"container\" data-settings=\"{&quot;background_background&quot;:&quot;slideshow&quot;,&quot;background_slideshow_gallery&quot;:[{&quot;id&quot;:10439,&quot;url&quot;:&quot;https:\\\/\\\/encuentrometalurgia.com\\\/wp-content\\\/uploads\\\/2024\\\/12\\\/Banner-Relaves-web-02-1-scaled.jpg&quot;}],&quot;background_slideshow_loop&quot;:&quot;yes&quot;,&quot;background_slideshow_slide_duration&quot;:5000,&quot;background_slideshow_slide_transition&quot;:&quot;fade&quot;,&quot;background_slideshow_transition_duration&quot;:500}\">\n\t\t<div class=\"has_eae_slider elementor-element elementor-element-4c3978e6 e-con-full e-flex e-con e-child\" data-eae-slider=\"55739\" data-id=\"4c3978e6\" data-element_type=\"container\" data-e-type=\"container\">\n\t\t<div class=\"has_eae_slider elementor-element elementor-element-5e12c2c e-con-full e-flex e-con e-child\" data-eae-slider=\"20220\" data-id=\"5e12c2c\" data-element_type=\"container\" data-e-type=\"container\">\n\t\t<div class=\"has_eae_slider elementor-element elementor-element-f550684 e-con-full e-flex e-con e-child\" data-eae-slider=\"30060\" data-id=\"f550684\" data-element_type=\"container\" data-e-type=\"container\">\n\t\t\t\t<\/div>\n\t\t\t\t<\/div>\n\t\t\t\t<\/div>\n\t\t<div class=\"has_eae_slider elementor-element elementor-element-83ead12 e-con-full e-flex e-con e-child\" data-eae-slider=\"47536\" data-id=\"83ead12\" data-element_type=\"container\" data-e-type=\"container\">\n\t\t\t\t<div class=\"elementor-element elementor-element-d4d5310 elementor-widget__width-initial elementor-widget-mobile__width-inherit elementor-invisible elementor-widget elementor-widget-counter\" data-id=\"d4d5310\" data-element_type=\"widget\" data-e-type=\"widget\" data-settings=\"{&quot;_animation&quot;:&quot;fadeInUp&quot;}\" data-widget_type=\"counter.default\">\n\t\t\t\t\t\t\t<div class=\"elementor-counter\">\n\t\t\t<div class=\"elementor-counter-title\">Trabajos T\u00e9cnicos<\/div>\t\t\t<div class=\"elementor-counter-number-wrapper\">\n\t\t\t\t<span class=\"elementor-counter-number-prefix\"><\/span>\n\t\t\t\t<span class=\"elementor-counter-number\" data-duration=\"2000\" data-to-value=\"32\" data-from-value=\"0\" data-delimiter=\",\">0<\/span>\n\t\t\t\t<span class=\"elementor-counter-number-suffix\">+<\/span>\n\t\t\t<\/div>\n\t\t<\/div>\n\t\t\t\t\t\t<\/div>\n\t\t\t\t<div class=\"elementor-element elementor-element-5e1c847b elementor-widget__width-initial elementor-widget-mobile__width-inherit elementor-invisible elementor-widget elementor-widget-counter\" data-id=\"5e1c847b\" data-element_type=\"widget\" data-e-type=\"widget\" data-settings=\"{&quot;_animation&quot;:&quot;fadeInUp&quot;,&quot;_animation_delay&quot;:200}\" data-widget_type=\"counter.default\">\n\t\t\t\t\t\t\t<div class=\"elementor-counter\">\n\t\t\t<div class=\"elementor-counter-title\">Autores<\/div>\t\t\t<div class=\"elementor-counter-number-wrapper\">\n\t\t\t\t<span class=\"elementor-counter-number-prefix\"><\/span>\n\t\t\t\t<span class=\"elementor-counter-number\" data-duration=\"2000\" data-to-value=\"30\" data-from-value=\"0\" data-delimiter=\",\">0<\/span>\n\t\t\t\t<span class=\"elementor-counter-number-suffix\">+<\/span>\n\t\t\t<\/div>\n\t\t<\/div>\n\t\t\t\t\t\t<\/div>\n\t\t\t\t<\/div>\n\t\t\t\t<\/div>\n\t\t<div class=\"has_eae_slider elementor-element elementor-element-25309c6 e-flex e-con-boxed e-con e-parent\" data-eae-slider=\"94897\" data-id=\"25309c6\" data-element_type=\"container\" data-e-type=\"container\">\n\t\t\t\t\t<div class=\"e-con-inner\">\n\t\t\t\t\t<\/div>\n\t\t\t\t<\/div>\n\t\t<div class=\"has_eae_slider elementor-element elementor-element-54d8827e e-con-full e-flex e-con e-parent\" data-eae-slider=\"73365\" data-id=\"54d8827e\" data-element_type=\"container\" data-e-type=\"container\">\n\t\t<div class=\"has_eae_slider elementor-element elementor-element-5961df18 e-con-full e-flex e-con e-child\" data-eae-slider=\"51629\" data-id=\"5961df18\" data-element_type=\"container\" data-e-type=\"container\" data-settings=\"{&quot;background_background&quot;:&quot;slideshow&quot;,&quot;background_slideshow_gallery&quot;:[{&quot;id&quot;:9759,&quot;url&quot;:&quot;https:\\\/\\\/encuentrometalurgia.com\\\/wp-content\\\/uploads\\\/2024\\\/11\\\/DSC05295-scaled.jpg&quot;},{&quot;id&quot;:9760,&quot;url&quot;:&quot;https:\\\/\\\/encuentrometalurgia.com\\\/wp-content\\\/uploads\\\/2024\\\/11\\\/DSC05419-1-scaled.jpg&quot;},{&quot;id&quot;:9763,&quot;url&quot;:&quot;https:\\\/\\\/encuentrometalurgia.com\\\/wp-content\\\/uploads\\\/2024\\\/11\\\/DSC05714-scaled.jpg&quot;},{&quot;id&quot;:9762,&quot;url&quot;:&quot;https:\\\/\\\/encuentrometalurgia.com\\\/wp-content\\\/uploads\\\/2024\\\/11\\\/DSC05461-scaled.jpg&quot;},{&quot;id&quot;:9764,&quot;url&quot;:&quot;https:\\\/\\\/encuentrometalurgia.com\\\/wp-content\\\/uploads\\\/2024\\\/11\\\/DSC06058-scaled.jpg&quot;}],&quot;background_slideshow_slide_duration&quot;:3000,&quot;background_slideshow_loop&quot;:&quot;yes&quot;,&quot;background_slideshow_slide_transition&quot;:&quot;fade&quot;,&quot;background_slideshow_transition_duration&quot;:500}\">\n\t\t\t\t<\/div>\n\t\t<div class=\"has_eae_slider elementor-element elementor-element-64c3d551 e-con-full e-flex e-con e-child\" data-eae-slider=\"41302\" data-id=\"64c3d551\" data-element_type=\"container\" data-e-type=\"container\" data-settings=\"{&quot;background_background&quot;:&quot;classic&quot;}\">\n\t\t\t\t<div class=\"elementor-element elementor-element-50bad35c elementor-widget elementor-widget-heading\" data-id=\"50bad35c\" data-element_type=\"widget\" data-e-type=\"widget\" data-widget_type=\"heading.default\">\n\t\t\t\t\t<h2 class=\"elementor-heading-title elementor-size-default\">Ya cerrramos la convocatoria<br><b>Gracias por tu inter\u00e9s en participar!<\/b><\/h2>\t\t\t\t<\/div>\n\t\t\t\t<div class=\"elementor-element elementor-element-1013f37 elementor-widget-divider--view-line elementor-widget elementor-widget-divider\" data-id=\"1013f37\" data-element_type=\"widget\" data-e-type=\"widget\" data-widget_type=\"divider.default\">\n\t\t\t\t\t\t\t<div class=\"elementor-divider\">\n\t\t\t<span class=\"elementor-divider-separator\">\n\t\t\t\t\t\t<\/span>\n\t\t<\/div>\n\t\t\t\t\t\t<\/div>\n\t\t\t\t<\/div>\n\t\t\t\t<\/div>\n\t\t<div class=\"has_eae_slider elementor-element elementor-element-2e22454 e-flex e-con-boxed e-con e-parent\" data-eae-slider=\"80231\" data-id=\"2e22454\" data-element_type=\"container\" data-e-type=\"container\">\n\t\t\t\t\t<div class=\"e-con-inner\">\n\t\t\t\t\t<\/div>\n\t\t\t\t<\/div>\n\t\t<div class=\"has_eae_slider elementor-element elementor-element-514c69f e-flex e-con-boxed e-con e-parent\" data-eae-slider=\"96815\" data-id=\"514c69f\" data-element_type=\"container\" data-e-type=\"container\">\n\t\t\t\t\t<div class=\"e-con-inner\">\n\t\t\t\t<div class=\"elementor-element elementor-element-26d8f79 elementor-widget__width-inherit elementor-widget elementor-widget-heading\" data-id=\"26d8f79\" data-element_type=\"widget\" data-e-type=\"widget\" data-widget_type=\"heading.default\">\n\t\t\t\t\t<h2 class=\"elementor-heading-title elementor-size-default\"><b>\u00c1REAS DE INTER\u00c9S<\/b><\/h2>\t\t\t\t<\/div>\n\t\t\t\t\t<\/div>\n\t\t\t\t<\/div>\n\t\t<div class=\"has_eae_slider elementor-element elementor-element-8a86c08 e-flex e-con-boxed e-con e-parent\" data-eae-slider=\"55852\" data-id=\"8a86c08\" data-element_type=\"container\" data-e-type=\"container\">\n\t\t\t\t\t<div class=\"e-con-inner\">\n\t\t\t\t<div class=\"elementor-element elementor-element-05258cb elementor-widget__width-inherit elementor-widget elementor-widget-heading\" data-id=\"05258cb\" data-element_type=\"widget\" data-e-type=\"widget\" data-widget_type=\"heading.default\">\n\t\t\t\t\t<h2 class=\"elementor-heading-title elementor-size-default\">Presenta tu trabajo en los siguientes temas<\/h2>\t\t\t\t<\/div>\n\t\t\t\t\t<\/div>\n\t\t\t\t<\/div>\n\t\t<div class=\"has_eae_slider elementor-element elementor-element-1c74ff5 e-flex e-con-boxed e-con e-parent\" data-eae-slider=\"99081\" data-id=\"1c74ff5\" data-element_type=\"container\" data-e-type=\"container\">\n\t\t\t\t\t<div class=\"e-con-inner\">\n\t\t<div class=\"has_eae_slider elementor-element elementor-element-0e033a1 e-con-full e-flex e-con e-child\" data-eae-slider=\"44390\" data-id=\"0e033a1\" data-element_type=\"container\" data-e-type=\"container\">\n\t\t\t\t<div class=\"elementor-element elementor-element-692ff34 elementor-invisible elementor-widget elementor-widget-image\" data-id=\"692ff34\" data-element_type=\"widget\" data-e-type=\"widget\" data-settings=\"{&quot;_animation&quot;:&quot;fadeIn&quot;}\" data-widget_type=\"image.default\">\n\t\t\t\t\t\t\t\t\t\t\t\t\t\t\t<img fetchpriority=\"high\" decoding=\"async\" width=\"577\" height=\"533\" src=\"https:\/\/encuentrometalurgia.com\/wp-content\/uploads\/2025\/02\/Web-congresos-20-1.png\" class=\"attachment-large size-large wp-image-12979\" alt=\"\" srcset=\"https:\/\/encuentrometalurgia.com\/wp-content\/uploads\/2025\/02\/Web-congresos-20-1.png 577w, https:\/\/encuentrometalurgia.com\/wp-content\/uploads\/2025\/02\/Web-congresos-20-1-300x277.png 300w, https:\/\/encuentrometalurgia.com\/wp-content\/uploads\/2025\/02\/Web-congresos-20-1-13x12.png 13w\" sizes=\"(max-width: 577px) 100vw, 577px\" \/>\t\t\t\t\t\t\t\t\t\t\t\t\t\t\t<\/div>\n\t\t\t\t<\/div>\n\t\t<div class=\"has_eae_slider elementor-element elementor-element-b399292 e-con-full e-flex e-con e-child\" data-eae-slider=\"56637\" data-id=\"b399292\" data-element_type=\"container\" data-e-type=\"container\">\n\t\t\t\t<div class=\"elementor-element elementor-element-db8554a elementor-invisible elementor-widget elementor-widget-image\" data-id=\"db8554a\" data-element_type=\"widget\" data-e-type=\"widget\" data-settings=\"{&quot;_animation&quot;:&quot;fadeIn&quot;}\" data-widget_type=\"image.default\">\n\t\t\t\t\t\t\t\t\t\t\t\t\t\t\t<img decoding=\"async\" width=\"577\" height=\"533\" src=\"https:\/\/encuentrometalurgia.com\/wp-content\/uploads\/2025\/02\/Web-congresos-22-1.png\" class=\"attachment-large size-large wp-image-12980\" alt=\"\" srcset=\"https:\/\/encuentrometalurgia.com\/wp-content\/uploads\/2025\/02\/Web-congresos-22-1.png 577w, https:\/\/encuentrometalurgia.com\/wp-content\/uploads\/2025\/02\/Web-congresos-22-1-300x277.png 300w, https:\/\/encuentrometalurgia.com\/wp-content\/uploads\/2025\/02\/Web-congresos-22-1-13x12.png 13w\" sizes=\"(max-width: 577px) 100vw, 577px\" \/>\t\t\t\t\t\t\t\t\t\t\t\t\t\t\t<\/div>\n\t\t\t\t<\/div>\n\t\t<div class=\"has_eae_slider elementor-element elementor-element-4c0c5cc e-con-full e-flex e-con e-child\" data-eae-slider=\"45622\" data-id=\"4c0c5cc\" data-element_type=\"container\" data-e-type=\"container\">\n\t\t\t\t<div class=\"elementor-element elementor-element-cddc036 elementor-invisible elementor-widget elementor-widget-image\" data-id=\"cddc036\" data-element_type=\"widget\" data-e-type=\"widget\" data-settings=\"{&quot;_animation&quot;:&quot;fadeIn&quot;}\" data-widget_type=\"image.default\">\n\t\t\t\t\t\t\t\t\t\t\t\t\t\t\t<img decoding=\"async\" width=\"577\" height=\"533\" src=\"https:\/\/encuentrometalurgia.com\/wp-content\/uploads\/2025\/02\/Web-congresos-23-1.png\" class=\"attachment-large size-large wp-image-12981\" alt=\"\" srcset=\"https:\/\/encuentrometalurgia.com\/wp-content\/uploads\/2025\/02\/Web-congresos-23-1.png 577w, https:\/\/encuentrometalurgia.com\/wp-content\/uploads\/2025\/02\/Web-congresos-23-1-300x277.png 300w, https:\/\/encuentrometalurgia.com\/wp-content\/uploads\/2025\/02\/Web-congresos-23-1-13x12.png 13w\" sizes=\"(max-width: 577px) 100vw, 577px\" \/>\t\t\t\t\t\t\t\t\t\t\t\t\t\t\t<\/div>\n\t\t\t\t<\/div>\n\t\t\t\t\t<\/div>\n\t\t\t\t<\/div>\n\t\t\t\t<\/div>\n\t\t","protected":false},"excerpt":{"rendered":"<p>Trabajos T\u00e9cnicos 0 + Autores 0 + Ya cerrramos la convocatoriaGracias por tu inter\u00e9s en participar! \u00c1REAS DE INTER\u00c9S Presenta tu trabajo en los siguientes temas<\/p>","protected":false},"author":2,"featured_media":0,"parent":14919,"menu_order":0,"comment_status":"closed","ping_status":"closed","template":"","meta":{"footnotes":""},"class_list":["post-9668","page","type-page","status-publish","hentry"],"yoast_head":"<!-- This site is optimized with the Yoast SEO plugin v27.2 - https:\/\/yoast.com\/product\/yoast-seo-wordpress\/ -->\n<title>AUTOR RELAVES Y AGUAS 2025 - EncuentroMetalurgia<\/title>\n<meta name=\"description\" content=\"&quot;Flotaci\u00f3n 2023 - Contamos con el Honor de Presentar Nuestros Auspicios en Este Destacado Congreso. Descubre las \u00daltimas Tendencias y Logros en el Mundo de la Flotaci\u00f3n de la Mano de Expertos de Renombre. Conoce c\u00f3mo Nuestros Auspiciadores Contribuyen al Avance y la Innovaci\u00f3n en este Vital Proceso Minero. \u00danete a Nosotros y S\u00e9 Parte de esta Experiencia en la Vanguardia de la Tecnolog\u00eda y el Conocimiento.&quot;\" \/>\n<meta name=\"robots\" content=\"index, follow, max-snippet:-1, max-image-preview:large, max-video-preview:-1\" \/>\n<link rel=\"canonical\" href=\"https:\/\/encuentrometalurgia.com\/en\/relaves2025\/autor-relaves-y-aguas-2025\/\" \/>\n<meta property=\"og:locale\" content=\"en_US\" \/>\n<meta property=\"og:type\" content=\"article\" \/>\n<meta property=\"og:title\" content=\"AUTOR RELAVES Y AGUAS 2025 - EncuentroMetalurgia\" \/>\n<meta property=\"og:description\" content=\"&quot;Flotaci\u00f3n 2023 - Contamos con el Honor de Presentar Nuestros Auspicios en Este Destacado Congreso. Descubre las \u00daltimas Tendencias y Logros en el Mundo de la Flotaci\u00f3n de la Mano de Expertos de Renombre. Conoce c\u00f3mo Nuestros Auspiciadores Contribuyen al Avance y la Innovaci\u00f3n en este Vital Proceso Minero. \u00danete a Nosotros y S\u00e9 Parte de esta Experiencia en la Vanguardia de la Tecnolog\u00eda y el Conocimiento.&quot;\" \/>\n<meta property=\"og:url\" content=\"https:\/\/encuentrometalurgia.com\/en\/relaves2025\/autor-relaves-y-aguas-2025\/\" \/>\n<meta property=\"og:site_name\" content=\"EncuentroMetalurgia\" \/>\n<meta property=\"article:publisher\" content=\"https:\/\/www.facebook.com\/InterMetPeru\/\" \/>\n<meta property=\"article:modified_time\" content=\"2025-07-24T17:54:39+00:00\" \/>\n<meta property=\"og:image\" content=\"https:\/\/encuentrometalurgia.com\/wp-content\/uploads\/2025\/02\/Web-congresos-20-1.png\" \/>\n\t<meta property=\"og:image:width\" content=\"577\" \/>\n\t<meta property=\"og:image:height\" content=\"533\" \/>\n\t<meta property=\"og:image:type\" content=\"image\/png\" \/>\n<meta name=\"twitter:card\" content=\"summary_large_image\" \/>\n<meta name=\"twitter:label1\" content=\"Est. reading time\" \/>\n\t<meta name=\"twitter:data1\" content=\"1 minute\" \/>\n<script type=\"application\/ld+json\" class=\"yoast-schema-graph\">{\"@context\":\"https:\/\/schema.org\",\"@graph\":[{\"@type\":\"WebPage\",\"@id\":\"https:\/\/encuentrometalurgia.com\/relaves2025\/autor-relaves-y-aguas-2025\/\",\"url\":\"https:\/\/encuentrometalurgia.com\/relaves2025\/autor-relaves-y-aguas-2025\/\",\"name\":\"AUTOR RELAVES Y AGUAS 2025 - EncuentroMetalurgia\",\"isPartOf\":{\"@id\":\"https:\/\/encuentrometalurgia.com\/#website\"},\"primaryImageOfPage\":{\"@id\":\"https:\/\/encuentrometalurgia.com\/relaves2025\/autor-relaves-y-aguas-2025\/#primaryimage\"},\"image\":{\"@id\":\"https:\/\/encuentrometalurgia.com\/relaves2025\/autor-relaves-y-aguas-2025\/#primaryimage\"},\"thumbnailUrl\":\"https:\/\/encuentrometalurgia.com\/wp-content\/uploads\/2025\/02\/Web-congresos-20-1.png\",\"datePublished\":\"2024-11-13T14:38:31+00:00\",\"dateModified\":\"2025-07-24T17:54:39+00:00\",\"description\":\"\\\"Flotaci\u00f3n 2023 - Contamos con el Honor de Presentar Nuestros Auspicios en Este Destacado Congreso. Descubre las \u00daltimas Tendencias y Logros en el Mundo de la Flotaci\u00f3n de la Mano de Expertos de Renombre. Conoce c\u00f3mo Nuestros Auspiciadores Contribuyen al Avance y la Innovaci\u00f3n en este Vital Proceso Minero. \u00danete a Nosotros y S\u00e9 Parte de esta Experiencia en la Vanguardia de la Tecnolog\u00eda y el Conocimiento.\\\"\",\"breadcrumb\":{\"@id\":\"https:\/\/encuentrometalurgia.com\/relaves2025\/autor-relaves-y-aguas-2025\/#breadcrumb\"},\"inLanguage\":\"en-US\",\"potentialAction\":[{\"@type\":\"ReadAction\",\"target\":[\"https:\/\/encuentrometalurgia.com\/relaves2025\/autor-relaves-y-aguas-2025\/\"]}]},{\"@type\":\"ImageObject\",\"inLanguage\":\"en-US\",\"@id\":\"https:\/\/encuentrometalurgia.com\/relaves2025\/autor-relaves-y-aguas-2025\/#primaryimage\",\"url\":\"https:\/\/encuentrometalurgia.com\/wp-content\/uploads\/2025\/02\/Web-congresos-20-1.png\",\"contentUrl\":\"https:\/\/encuentrometalurgia.com\/wp-content\/uploads\/2025\/02\/Web-congresos-20-1.png\"},{\"@type\":\"BreadcrumbList\",\"@id\":\"https:\/\/encuentrometalurgia.com\/relaves2025\/autor-relaves-y-aguas-2025\/#breadcrumb\",\"itemListElement\":[{\"@type\":\"ListItem\",\"position\":1,\"name\":\"Portada\",\"item\":\"https:\/\/encuentrometalurgia.com\/\"},{\"@type\":\"ListItem\",\"position\":2,\"name\":\"AGUAS Y RELAVES 2025\",\"item\":\"https:\/\/encuentrometalurgia.com\/relaves2025\/\"},{\"@type\":\"ListItem\",\"position\":3,\"name\":\"AUTOR RELAVES Y AGUAS 2025\"}]},{\"@type\":\"WebSite\",\"@id\":\"https:\/\/encuentrometalurgia.com\/#website\",\"url\":\"https:\/\/encuentrometalurgia.com\/\",\"name\":\"EncuentroMetalurgia\",\"description\":\"\",\"publisher\":{\"@id\":\"https:\/\/encuentrometalurgia.com\/#organization\"},\"potentialAction\":[{\"@type\":\"SearchAction\",\"target\":{\"@type\":\"EntryPoint\",\"urlTemplate\":\"https:\/\/encuentrometalurgia.com\/?s={search_term_string}\"},\"query-input\":{\"@type\":\"PropertyValueSpecification\",\"valueRequired\":true,\"valueName\":\"search_term_string\"}}],\"inLanguage\":\"en-US\"},{\"@type\":\"Organization\",\"@id\":\"https:\/\/encuentrometalurgia.com\/#organization\",\"name\":\"InterMet\",\"url\":\"https:\/\/encuentrometalurgia.com\/\",\"logo\":{\"@type\":\"ImageObject\",\"inLanguage\":\"en-US\",\"@id\":\"https:\/\/encuentrometalurgia.com\/#\/schema\/logo\/image\/\",\"url\":\"https:\/\/encuentrometalurgia.com\/wp-content\/uploads\/2023\/07\/INTERMET-LOGO-BLANCO.png\",\"contentUrl\":\"https:\/\/encuentrometalurgia.com\/wp-content\/uploads\/2023\/07\/INTERMET-LOGO-BLANCO.png\",\"width\":3508,\"height\":1188,\"caption\":\"InterMet\"},\"image\":{\"@id\":\"https:\/\/encuentrometalurgia.com\/#\/schema\/logo\/image\/\"},\"sameAs\":[\"https:\/\/www.facebook.com\/InterMetPeru\/\",\"https:\/\/www.youtube.com\/@intermetconsultoresmetalur7705\",\"https:\/\/www.linkedin.com\/in\/miningconferences\/?originalSubdomain=pe\"]}]}<\/script>\n<!-- \/ Yoast SEO plugin. -->","yoast_head_json":{"title":"AUTOR RELAVES Y AGUAS 2025 - EncuentroMetalurgia","description":"\"Flotaci\\u00f3n 2023 - Contamos con el Honor de Presentar Nuestros Auspicios en Este Destacado Congreso. Descubre las \\u00daltimas Tendencias y Logros en el Mundo de la Flotaci\\u00f3n de la Mano de Expertos de Renombre. Conoce c\\u00f3mo Nuestros Auspiciadores Contribuyen al Avance y la Innovaci\\u00f3n en este Vital Proceso Minero. \\u00danete a Nosotros y S\\u00e9 Parte de esta Experiencia en la Vanguardia de la Tecnolog\\u00eda y el Conocimiento.\"","robots":{"index":"index","follow":"follow","max-snippet":"max-snippet:-1","max-image-preview":"max-image-preview:large","max-video-preview":"max-video-preview:-1"},"canonical":"https:\/\/encuentrometalurgia.com\/en\/relaves2025\/autor-relaves-y-aguas-2025\/","og_locale":"en_US","og_type":"article","og_title":"AUTOR RELAVES Y AGUAS 2025 - EncuentroMetalurgia","og_description":"\"Flotaci\u00f3n 2023 - Contamos con el Honor de Presentar Nuestros Auspicios en Este Destacado Congreso. Descubre las \u00daltimas Tendencias y Logros en el Mundo de la Flotaci\u00f3n de la Mano de Expertos de Renombre. Conoce c\u00f3mo Nuestros Auspiciadores Contribuyen al Avance y la Innovaci\u00f3n en este Vital Proceso Minero. \u00danete a Nosotros y S\u00e9 Parte de esta Experiencia en la Vanguardia de la Tecnolog\u00eda y el Conocimiento.\"","og_url":"https:\/\/encuentrometalurgia.com\/en\/relaves2025\/autor-relaves-y-aguas-2025\/","og_site_name":"EncuentroMetalurgia","article_publisher":"https:\/\/www.facebook.com\/InterMetPeru\/","article_modified_time":"2025-07-24T17:54:39+00:00","og_image":[{"width":577,"height":533,"url":"https:\/\/encuentrometalurgia.com\/wp-content\/uploads\/2025\/02\/Web-congresos-20-1.png","type":"image\/png"}],"twitter_card":"summary_large_image","twitter_misc":{"Est. reading time":"1 minute"},"schema":{"@context":"https:\/\/schema.org","@graph":[{"@type":"WebPage","@id":"https:\/\/encuentrometalurgia.com\/relaves2025\/autor-relaves-y-aguas-2025\/","url":"https:\/\/encuentrometalurgia.com\/relaves2025\/autor-relaves-y-aguas-2025\/","name":"AUTOR RELAVES Y AGUAS 2025 - EncuentroMetalurgia","isPartOf":{"@id":"https:\/\/encuentrometalurgia.com\/#website"},"primaryImageOfPage":{"@id":"https:\/\/encuentrometalurgia.com\/relaves2025\/autor-relaves-y-aguas-2025\/#primaryimage"},"image":{"@id":"https:\/\/encuentrometalurgia.com\/relaves2025\/autor-relaves-y-aguas-2025\/#primaryimage"},"thumbnailUrl":"https:\/\/encuentrometalurgia.com\/wp-content\/uploads\/2025\/02\/Web-congresos-20-1.png","datePublished":"2024-11-13T14:38:31+00:00","dateModified":"2025-07-24T17:54:39+00:00","description":"\"Flotaci\\u00f3n 2023 - Contamos con el Honor de Presentar Nuestros Auspicios en Este Destacado Congreso. Descubre las \\u00daltimas Tendencias y Logros en el Mundo de la Flotaci\\u00f3n de la Mano de Expertos de Renombre. Conoce c\\u00f3mo Nuestros Auspiciadores Contribuyen al Avance y la Innovaci\\u00f3n en este Vital Proceso Minero. \\u00danete a Nosotros y S\\u00e9 Parte de esta Experiencia en la Vanguardia de la Tecnolog\\u00eda y el Conocimiento.\"","breadcrumb":{"@id":"https:\/\/encuentrometalurgia.com\/relaves2025\/autor-relaves-y-aguas-2025\/#breadcrumb"},"inLanguage":"en-US","potentialAction":[{"@type":"ReadAction","target":["https:\/\/encuentrometalurgia.com\/relaves2025\/autor-relaves-y-aguas-2025\/"]}]},{"@type":"ImageObject","inLanguage":"en-US","@id":"https:\/\/encuentrometalurgia.com\/relaves2025\/autor-relaves-y-aguas-2025\/#primaryimage","url":"https:\/\/encuentrometalurgia.com\/wp-content\/uploads\/2025\/02\/Web-congresos-20-1.png","contentUrl":"https:\/\/encuentrometalurgia.com\/wp-content\/uploads\/2025\/02\/Web-congresos-20-1.png"},{"@type":"BreadcrumbList","@id":"https:\/\/encuentrometalurgia.com\/relaves2025\/autor-relaves-y-aguas-2025\/#breadcrumb","itemListElement":[{"@type":"ListItem","position":1,"name":"Portada","item":"https:\/\/encuentrometalurgia.com\/"},{"@type":"ListItem","position":2,"name":"AGUAS Y RELAVES 2025","item":"https:\/\/encuentrometalurgia.com\/relaves2025\/"},{"@type":"ListItem","position":3,"name":"AUTOR RELAVES Y AGUAS 2025"}]},{"@type":"WebSite","@id":"https:\/\/encuentrometalurgia.com\/#website","url":"https:\/\/encuentrometalurgia.com\/","name":"EncuentroMetalurgia","description":"","publisher":{"@id":"https:\/\/encuentrometalurgia.com\/#organization"},"potentialAction":[{"@type":"SearchAction","target":{"@type":"EntryPoint","urlTemplate":"https:\/\/encuentrometalurgia.com\/?s={search_term_string}"},"query-input":{"@type":"PropertyValueSpecification","valueRequired":true,"valueName":"search_term_string"}}],"inLanguage":"en-US"},{"@type":"Organization","@id":"https:\/\/encuentrometalurgia.com\/#organization","name":"InterMet","url":"https:\/\/encuentrometalurgia.com\/","logo":{"@type":"ImageObject","inLanguage":"en-US","@id":"https:\/\/encuentrometalurgia.com\/#\/schema\/logo\/image\/","url":"https:\/\/encuentrometalurgia.com\/wp-content\/uploads\/2023\/07\/INTERMET-LOGO-BLANCO.png","contentUrl":"https:\/\/encuentrometalurgia.com\/wp-content\/uploads\/2023\/07\/INTERMET-LOGO-BLANCO.png","width":3508,"height":1188,"caption":"InterMet"},"image":{"@id":"https:\/\/encuentrometalurgia.com\/#\/schema\/logo\/image\/"},"sameAs":["https:\/\/www.facebook.com\/InterMetPeru\/","https:\/\/www.youtube.com\/@intermetconsultoresmetalur7705","https:\/\/www.linkedin.com\/in\/miningconferences\/?originalSubdomain=pe"]}]}},"_links":{"self":[{"href":"https:\/\/encuentrometalurgia.com\/en\/wp-json\/wp\/v2\/pages\/9668","targetHints":{"allow":["GET"]}}],"collection":[{"href":"https:\/\/encuentrometalurgia.com\/en\/wp-json\/wp\/v2\/pages"}],"about":[{"href":"https:\/\/encuentrometalurgia.com\/en\/wp-json\/wp\/v2\/types\/page"}],"author":[{"embeddable":true,"href":"https:\/\/encuentrometalurgia.com\/en\/wp-json\/wp\/v2\/users\/2"}],"replies":[{"embeddable":true,"href":"https:\/\/encuentrometalurgia.com\/en\/wp-json\/wp\/v2\/comments?post=9668"}],"version-history":[{"count":52,"href":"https:\/\/encuentrometalurgia.com\/en\/wp-json\/wp\/v2\/pages\/9668\/revisions"}],"predecessor-version":[{"id":16155,"href":"https:\/\/encuentrometalurgia.com\/en\/wp-json\/wp\/v2\/pages\/9668\/revisions\/16155"}],"up":[{"embeddable":true,"href":"https:\/\/encuentrometalurgia.com\/en\/wp-json\/wp\/v2\/pages\/14919"}],"wp:attachment":[{"href":"https:\/\/encuentrometalurgia.com\/en\/wp-json\/wp\/v2\/media?parent=9668"}],"curies":[{"name":"wp","href":"https:\/\/api.w.org\/{rel}","templated":true}]}}