{"id":9841,"date":"2024-11-15T11:29:07","date_gmt":"2024-11-15T16:29:07","guid":{"rendered":"https:\/\/encuentrometalurgia.com\/?page_id=9841"},"modified":"2025-06-18T11:20:18","modified_gmt":"2025-06-18T16:20:18","slug":"reglamento-del-participante","status":"publish","type":"page","link":"https:\/\/encuentrometalurgia.com\/en\/reglamento-del-participante\/","title":{"rendered":"Reglamento del participante"},"content":{"rendered":"<div data-elementor-type=\"wp-page\" data-elementor-id=\"9841\" class=\"elementor elementor-9841\" data-elementor-post-type=\"page\">\n\t\t\t\t<div class=\"has_eae_slider elementor-element elementor-element-a0ee7eb e-con-full e-flex e-con e-parent\" data-eae-slider=\"36600\" data-id=\"a0ee7eb\" data-element_type=\"container\" data-e-type=\"container\">\n\t\t\t\t<div class=\"elementor-element elementor-element-1e6e4e7 elementor-widget elementor-widget-spacer\" data-id=\"1e6e4e7\" data-element_type=\"widget\" data-e-type=\"widget\" data-widget_type=\"spacer.default\">\n\t\t\t\t\t\t\t<div class=\"elementor-spacer\">\n\t\t\t<div class=\"elementor-spacer-inner\"><\/div>\n\t\t<\/div>\n\t\t\t\t\t\t<\/div>\n\t\t\t\t<div class=\"elementor-element elementor-element-21e41c5 elementor-widget elementor-widget-text-editor\" data-id=\"21e41c5\" data-element_type=\"widget\" data-e-type=\"widget\" data-widget_type=\"text-editor.default\">\n\t\t\t\t\t\t\t\t\t<p>\u00a0<\/p><h1>PARTICIPANT'S RULES<\/h1><h3><strong>1. Lugar y Fecha<\/strong><\/h3><p>Este reglamento aplica para todos nuestros pr\u00f3ximos eventos, que son los siguientes:<\/p><ul><li><strong>MINER\u00cdA 5.0<\/strong> | 17 Y 18 DE JULIO | Colegio de Ingenieros del Per\u00fa, CD Lima<\/li><li><strong>RELAVES Y AGUAS<\/strong> | 28 Y 29 DE AGOSTO | Colegio de Ingenieros del Per\u00fa, CD Lima<\/li><li><strong>MUESTREO Y CONTROL DE CALIDAD<\/strong> | 06 Y 07 DE OCTUBRE | Colegio de Ingenieros del Per\u00fa, CD Lima<\/li><li><strong>CONMINUCI\u00d3N<\/strong> | 27 Y 28 DE NOVIEMBRE | Colegio de Ingenieros del Per\u00fa, CD Lima<\/li><\/ul><h3><strong>2. Participantes<\/strong><\/h3><p>Para participar, todo interesado deber\u00e1 acceder a la p\u00e1gina web: <a href=\"https:\/\/encuentrometalurgia.com\/en\/\" target=\"_blank\" rel=\"noopener\">www.encuentrometalurgia.com<\/a>, y realizar su inscripci\u00f3n de acuerdo al evento y categor\u00eda elegida. Si surgen alg\u00fan inconveniente o consulta, debe contactar al equipo de inscripciones del evento.<\/p><p>Los participantes deber\u00e1n completar la informaci\u00f3n solicitada en el formulario de inscripci\u00f3n y realizar el pago correspondiente a la categor\u00eda dentro de las 48 horas posteriores, de lo contrario la inscripci\u00f3n no procede y se dar\u00e1 de baja.<\/p><p>Los participantes deben recibir un correo de confirmaci\u00f3n con un c\u00f3digo QR luego de realizar el env\u00edo de sus datos y el pago, de lo contrario no podr\u00e1n ingresar al evento.<\/p><p>Para ingresar al evento deber\u00e1n efectuar su pago y registro hasta 48 horas antes del inicio y deben recibir el correo de confirmaci\u00f3n con el QR de ingreso. Los registros y pagos que se reciban despu\u00e9s de la hora y fecha indicada, ser\u00e1n considerados como nuevos inscritos y deber\u00e1n acercase directamente al evento para verificar su inscripci\u00f3n (NO RECIBIR\u00c1N NINGUNA CONFIRMACI\u00d3N EN SU CORREO)<\/p><p>El cambio de participante es permitido una sola vez (sin costo adicional) solo si se realiza como m\u00e1ximo 15 d\u00edas antes del evento. El segundo cambio tiene el valor del 20% correspondiente a la categor\u00eda de inscripci\u00f3n. Todos los cambios son en coordinaci\u00f3n con el equipo de inscripci\u00f3n del evento.<\/p><p>El cambio de categor\u00eda est\u00e1 permitido y puede realizarlo hasta en la misma sede.<\/p><h3><strong>3. Credenciales<\/strong><\/h3><p>Las credenciales son los documentos que permiten la identificaci\u00f3n de los participantes en el evento con relaci\u00f3n a la categor\u00eda a la que pertenecen, y contar\u00e1n con un control de acceso.<\/p><p>Se entregar\u00e1n en el \u00e1rea de registro ubicado en la entrada de la feria. El participante deber\u00e1 identificarse con su documento de identidad y con el c\u00f3digo QR enviado a su correo electr\u00f3nico.<\/p><p>La reposici\u00f3n de este documento por p\u00e9rdida o robo, tendr\u00e1 un costo seg\u00fan la categor\u00eda elegida y tendr\u00e1 que acercarse al \u00e1rea de registro para poder hacer su reposici\u00f3n.<\/p><p>La credencial del participante es personal e intransferible y deber\u00e1 ser portada a la vista en todo momento mientras el participante se encuentre en el evento.<\/p><p>El participante est\u00e1 obligado a presentar su documento de identidad en caso se le solicite.<\/p><h3><strong>4. Obligaciones del participante<\/strong><\/h3><p>Para realizar su acreditaci\u00f3n, el participante deber\u00e1 identificarse en el \u00e1rea de registro con su documento de identidad vigente (DNI, Carnet de Extranjer\u00eda o Pasaporte).<\/p><p>Los gastos por servicios bancarios deber\u00e1n ser asumidos por el participante y\/o empresa.<\/p><p>International Metallurgical Consultants S.A.C. no se responsabiliza por dep\u00f3sitos no identificados.<\/p><p>Cumplir con el c\u00f3digo de vestimenta: Elegante o Sport Elegante.<\/p><h3><strong>5. Beneficios de cada ticket<\/strong><\/h3><h4><strong>SILVER TICKET<\/strong><\/h4><ul><li>Full access to the 2 days of the Conference<\/li><li>Welcome Kit<\/li><li>Keynote lectures<\/li><li>Technical Papers<\/li><li>Discussion Panels<\/li><li>Trade Show Booths<\/li><li>04 Coffee breaks<\/li><li>02 cocktails<\/li><li>Simultaneous interpretation Spanish - English<\/li><li>First level networking<\/li><li>Digital certificate of participation<\/li><\/ul><h4><strong>GOLD TICKET<\/strong><\/h4><ul><li>Todos los beneficios del Ticket Plata.<\/li><li>01 almuerzo corporativo por d\u00eda.<\/li><li>Technical material authorized by the authors.<\/li><\/ul><h4><strong>PLATINIUM TICKET<\/strong><\/h4><ul><li>Todos los beneficios del Ticket Oro.<\/li><li>Grabaci\u00f3n de presentaciones t\u00e9cnicas (las grabaciones son entregadas despu\u00e9s de 15 d\u00edas ya que ingresan a edici\u00f3n).<\/li><\/ul><h4><strong>AUTHOR TICKET<\/strong><\/h4><ul><li>Acceso total a los 2 d\u00edas del Congreso.<\/li><li>Kit de bienvenida.<\/li><li>01 almuerzo corporativo por d\u00eda.<\/li><li>Difusi\u00f3n de su trabajo por redes sociales y p\u00e1gina web.<\/li><li>Certificado de participaci\u00f3n como ponente (f\u00edsico), adem\u00e1s del certificado como asistente.<\/li><\/ul><h3><strong>6. Facturaci\u00f3n<\/strong><\/h3><p>El participante deber\u00e1 proporcionar todos los datos necesarios para emitir la factura o boleta de pago realizado. Estos datos los debe completar dentro del formulario de inscripci\u00f3n (aplica para transferencias bancarias a la cuenta corriente y pagos v\u00eda link de pago web). No nos hacemos responsables si los datos enviados en el formulario no son los correctos.<\/p><p>Se respetar\u00e1 los datos que presenten en su ficha de inscripci\u00f3n o correo electr\u00f3nico.<\/p><p>Por pol\u00edticas de la empresa no se aceptar\u00e1n cambios, reclamos ni notas de cr\u00e9dito en los comprobantes de pago una vez emitidos.<\/p><p>El servicio de inscripci\u00f3n se encuentra afecto a detracci\u00f3n del 12% en caso el pago total de la factura supere el monto de S\/ 700.<\/p><h3><strong>7. Desistimiento<\/strong><\/h3><p>No habr\u00e1 reembolso alguno en caso de desistimiento por parte del participante o empresa una vez realizada la inscripci\u00f3n.<\/p><h3><strong>8. M\u00e9todos de pago<\/strong><\/h3><h4><strong>Pago con Tarjeta de Cr\u00e9dito\/D\u00e9bito:<\/strong><\/h4><p>A trav\u00e9s de los medios de pago NIUBIZ (VISA, MASTERCARD, AMERICAN EXPRESS Y DINERS) disponibles en nuestra web y formulario de inscripci\u00f3n.<\/p><h4><strong>Dep\u00f3sito en Cuenta y\/o Transferencia Bancaria:<\/strong><\/h4><ul><li><strong>RAZ\u00d3N SOCIAL:<\/strong> INTERNATIONAL METALLURGICAL CONSULTANTS S.A.C.<\/li><li><strong>RUC:<\/strong> 20536313045<\/li><li><strong>BANK:<\/strong> BANCO DE CR\u00c9DITO DEL PER\u00da<\/li><li><strong>CTA. CTE. EN D\u00d3LARES:<\/strong> 193-1872625-1-12<\/li><li><strong>CCI:<\/strong> 00219300187262511219<\/li><\/ul><h3><strong>9. C\u00f3digo de Conducta y Responsabilidades<\/strong><\/h3><ul><li>Est\u00e1 prohibido el ingreso de armas, bebidas alcoh\u00f3licas o sustancias ilegales.<\/li><li>En caso se identifique una credencial no v\u00e1lida, esta ser\u00e1 decomisada y se prohibir\u00e1 el ingreso.<\/li><li>En caso de que un participante muestre signos de intoxicaci\u00f3n o altere el orden, se le solicitar\u00e1 el retiro inmediato del evento y se decomisar\u00e1 su credencial de manera permanente, sin derecho a reclamo o devoluci\u00f3n.<\/li><li>Est\u00e1 prohibido realizar actividades publicitarias si no es un expositor o patrocinador autorizado.<\/li><li>Est\u00e1 prohibido el ingreso de mascotas o menores de edad.<\/li><\/ul><h3><strong>10. Derechos de Imagen y Contenido Audiovisual<\/strong><\/h3><p>Al inscribirse y aceptar este reglamento, el participante reconoce que el evento es un acto p\u00fablico que ser\u00e1 fotografiado y grabado. En consecuencia, el participante autoriza expresamente a <strong>InterMet<\/strong> a utilizar su imagen, nombre y voz en fotograf\u00edas, entrevistas y\/o grabaciones de video realizadas durante el evento.<\/p><p>Este material podr\u00e1 ser editado, reproducido y difundido por InterMet en sus sitios web, redes sociales, material de prensa, folletos y cualquier otro medio de comunicaci\u00f3n, f\u00edsico o digital, con fines informativos, period\u00edsticos y promocionales de este y futuros eventos, sin que esto genere derecho a compensaci\u00f3n econ\u00f3mica alguna.<\/p><h3><strong>11. Responsabilidades del Organizador y Fuerza Mayor<\/strong><\/h3><p>InterMet no se responsabilizar\u00e1 por el incumplimiento debido a situaciones de caso fortuito o fuerza mayor, regulados en el art\u00edculo 1315\u00b0 del C\u00f3digo Civil (desastres naturales, pandemias, conflictos sociales, etc.). Si por una de estas causas el evento se cancelara, InterMet no devolver\u00e1 al participante los montos entregados.<\/p><p>InterMet se reserva el derecho a modificar unilateralmente las fechas o ubicaci\u00f3n del Evento por motivos justificados, sin derecho a indemnizaci\u00f3n.<\/p><p>\u00a0<\/p>\t\t\t\t\t\t\t\t<\/div>\n\t\t\t\t<\/div>\n\t\t\t\t<\/div>","protected":false},"excerpt":{"rendered":"<p>\u00a0 REGLAMENTO DEL PARTICIPANTE 1. Lugar y Fecha Este reglamento aplica para todos nuestros pr\u00f3ximos eventos, que son los siguientes: MINER\u00cdA 5.0 | 17 Y 18 DE JULIO | Colegio de Ingenieros del Per\u00fa, CD Lima RELAVES Y AGUAS | 28 Y 29 DE AGOSTO | Colegio de Ingenieros del Per\u00fa, CD Lima MUESTREO Y [&hellip;]<\/p>\n","protected":false},"author":2,"featured_media":0,"parent":0,"menu_order":0,"comment_status":"closed","ping_status":"closed","template":"","meta":{"footnotes":""},"class_list":["post-9841","page","type-page","status-publish","hentry"],"yoast_head":"<!-- This site is optimized with the Yoast SEO plugin v27.2 - https:\/\/yoast.com\/product\/yoast-seo-wordpress\/ -->\n<title>Reglamento del participante - EncuentroMetalurgia<\/title>\n<meta name=\"robots\" content=\"index, follow, max-snippet:-1, max-image-preview:large, max-video-preview:-1\" \/>\n<link rel=\"canonical\" href=\"https:\/\/encuentrometalurgia.com\/en\/reglamento-del-participante\/\" \/>\n<meta property=\"og:locale\" content=\"en_US\" \/>\n<meta property=\"og:type\" content=\"article\" \/>\n<meta property=\"og:title\" content=\"Reglamento del participante - EncuentroMetalurgia\" \/>\n<meta property=\"og:description\" content=\"\u00a0 REGLAMENTO DEL PARTICIPANTE 1. Lugar y Fecha Este reglamento aplica para todos nuestros pr\u00f3ximos eventos, que son los siguientes: MINER\u00cdA 5.0 | 17 Y 18 DE JULIO | Colegio de Ingenieros del Per\u00fa, CD Lima RELAVES Y AGUAS | 28 Y 29 DE AGOSTO | Colegio de Ingenieros del Per\u00fa, CD Lima MUESTREO Y [&hellip;]\" \/>\n<meta property=\"og:url\" content=\"https:\/\/encuentrometalurgia.com\/en\/reglamento-del-participante\/\" \/>\n<meta property=\"og:site_name\" content=\"EncuentroMetalurgia\" \/>\n<meta property=\"article:publisher\" content=\"https:\/\/www.facebook.com\/InterMetPeru\/\" \/>\n<meta property=\"article:modified_time\" content=\"2025-06-18T16:20:18+00:00\" \/>\n<meta name=\"twitter:card\" content=\"summary_large_image\" \/>\n<meta name=\"twitter:label1\" content=\"Est. reading time\" \/>\n\t<meta name=\"twitter:data1\" content=\"7 minutes\" \/>\n<script type=\"application\/ld+json\" class=\"yoast-schema-graph\">{\"@context\":\"https:\/\/schema.org\",\"@graph\":[{\"@type\":\"WebPage\",\"@id\":\"https:\/\/encuentrometalurgia.com\/reglamento-del-participante\/\",\"url\":\"https:\/\/encuentrometalurgia.com\/reglamento-del-participante\/\",\"name\":\"Reglamento del participante - EncuentroMetalurgia\",\"isPartOf\":{\"@id\":\"https:\/\/encuentrometalurgia.com\/#website\"},\"datePublished\":\"2024-11-15T16:29:07+00:00\",\"dateModified\":\"2025-06-18T16:20:18+00:00\",\"breadcrumb\":{\"@id\":\"https:\/\/encuentrometalurgia.com\/reglamento-del-participante\/#breadcrumb\"},\"inLanguage\":\"en-US\",\"potentialAction\":[{\"@type\":\"ReadAction\",\"target\":[\"https:\/\/encuentrometalurgia.com\/reglamento-del-participante\/\"]}]},{\"@type\":\"BreadcrumbList\",\"@id\":\"https:\/\/encuentrometalurgia.com\/reglamento-del-participante\/#breadcrumb\",\"itemListElement\":[{\"@type\":\"ListItem\",\"position\":1,\"name\":\"Portada\",\"item\":\"https:\/\/encuentrometalurgia.com\/\"},{\"@type\":\"ListItem\",\"position\":2,\"name\":\"Reglamento del participante\"}]},{\"@type\":\"WebSite\",\"@id\":\"https:\/\/encuentrometalurgia.com\/#website\",\"url\":\"https:\/\/encuentrometalurgia.com\/\",\"name\":\"EncuentroMetalurgia\",\"description\":\"\",\"publisher\":{\"@id\":\"https:\/\/encuentrometalurgia.com\/#organization\"},\"potentialAction\":[{\"@type\":\"SearchAction\",\"target\":{\"@type\":\"EntryPoint\",\"urlTemplate\":\"https:\/\/encuentrometalurgia.com\/?s={search_term_string}\"},\"query-input\":{\"@type\":\"PropertyValueSpecification\",\"valueRequired\":true,\"valueName\":\"search_term_string\"}}],\"inLanguage\":\"en-US\"},{\"@type\":\"Organization\",\"@id\":\"https:\/\/encuentrometalurgia.com\/#organization\",\"name\":\"InterMet\",\"url\":\"https:\/\/encuentrometalurgia.com\/\",\"logo\":{\"@type\":\"ImageObject\",\"inLanguage\":\"en-US\",\"@id\":\"https:\/\/encuentrometalurgia.com\/#\/schema\/logo\/image\/\",\"url\":\"https:\/\/encuentrometalurgia.com\/wp-content\/uploads\/2023\/07\/INTERMET-LOGO-BLANCO.png\",\"contentUrl\":\"https:\/\/encuentrometalurgia.com\/wp-content\/uploads\/2023\/07\/INTERMET-LOGO-BLANCO.png\",\"width\":3508,\"height\":1188,\"caption\":\"InterMet\"},\"image\":{\"@id\":\"https:\/\/encuentrometalurgia.com\/#\/schema\/logo\/image\/\"},\"sameAs\":[\"https:\/\/www.facebook.com\/InterMetPeru\/\",\"https:\/\/www.youtube.com\/@intermetconsultoresmetalur7705\",\"https:\/\/www.linkedin.com\/in\/miningconferences\/?originalSubdomain=pe\"]}]}<\/script>\n<!-- \/ Yoast SEO plugin. -->","yoast_head_json":{"title":"Reglamento del participante - EncuentroMetalurgia","robots":{"index":"index","follow":"follow","max-snippet":"max-snippet:-1","max-image-preview":"max-image-preview:large","max-video-preview":"max-video-preview:-1"},"canonical":"https:\/\/encuentrometalurgia.com\/en\/reglamento-del-participante\/","og_locale":"en_US","og_type":"article","og_title":"Reglamento del participante - EncuentroMetalurgia","og_description":"\u00a0 REGLAMENTO DEL PARTICIPANTE 1. Lugar y Fecha Este reglamento aplica para todos nuestros pr\u00f3ximos eventos, que son los siguientes: MINER\u00cdA 5.0 | 17 Y 18 DE JULIO | Colegio de Ingenieros del Per\u00fa, CD Lima RELAVES Y AGUAS | 28 Y 29 DE AGOSTO | Colegio de Ingenieros del Per\u00fa, CD Lima MUESTREO Y [&hellip;]","og_url":"https:\/\/encuentrometalurgia.com\/en\/reglamento-del-participante\/","og_site_name":"EncuentroMetalurgia","article_publisher":"https:\/\/www.facebook.com\/InterMetPeru\/","article_modified_time":"2025-06-18T16:20:18+00:00","twitter_card":"summary_large_image","twitter_misc":{"Est. reading time":"7 minutes"},"schema":{"@context":"https:\/\/schema.org","@graph":[{"@type":"WebPage","@id":"https:\/\/encuentrometalurgia.com\/reglamento-del-participante\/","url":"https:\/\/encuentrometalurgia.com\/reglamento-del-participante\/","name":"Reglamento del participante - EncuentroMetalurgia","isPartOf":{"@id":"https:\/\/encuentrometalurgia.com\/#website"},"datePublished":"2024-11-15T16:29:07+00:00","dateModified":"2025-06-18T16:20:18+00:00","breadcrumb":{"@id":"https:\/\/encuentrometalurgia.com\/reglamento-del-participante\/#breadcrumb"},"inLanguage":"en-US","potentialAction":[{"@type":"ReadAction","target":["https:\/\/encuentrometalurgia.com\/reglamento-del-participante\/"]}]},{"@type":"BreadcrumbList","@id":"https:\/\/encuentrometalurgia.com\/reglamento-del-participante\/#breadcrumb","itemListElement":[{"@type":"ListItem","position":1,"name":"Portada","item":"https:\/\/encuentrometalurgia.com\/"},{"@type":"ListItem","position":2,"name":"Reglamento del participante"}]},{"@type":"WebSite","@id":"https:\/\/encuentrometalurgia.com\/#website","url":"https:\/\/encuentrometalurgia.com\/","name":"EncuentroMetalurgia","description":"","publisher":{"@id":"https:\/\/encuentrometalurgia.com\/#organization"},"potentialAction":[{"@type":"SearchAction","target":{"@type":"EntryPoint","urlTemplate":"https:\/\/encuentrometalurgia.com\/?s={search_term_string}"},"query-input":{"@type":"PropertyValueSpecification","valueRequired":true,"valueName":"search_term_string"}}],"inLanguage":"en-US"},{"@type":"Organization","@id":"https:\/\/encuentrometalurgia.com\/#organization","name":"InterMet","url":"https:\/\/encuentrometalurgia.com\/","logo":{"@type":"ImageObject","inLanguage":"en-US","@id":"https:\/\/encuentrometalurgia.com\/#\/schema\/logo\/image\/","url":"https:\/\/encuentrometalurgia.com\/wp-content\/uploads\/2023\/07\/INTERMET-LOGO-BLANCO.png","contentUrl":"https:\/\/encuentrometalurgia.com\/wp-content\/uploads\/2023\/07\/INTERMET-LOGO-BLANCO.png","width":3508,"height":1188,"caption":"InterMet"},"image":{"@id":"https:\/\/encuentrometalurgia.com\/#\/schema\/logo\/image\/"},"sameAs":["https:\/\/www.facebook.com\/InterMetPeru\/","https:\/\/www.youtube.com\/@intermetconsultoresmetalur7705","https:\/\/www.linkedin.com\/in\/miningconferences\/?originalSubdomain=pe"]}]}},"_links":{"self":[{"href":"https:\/\/encuentrometalurgia.com\/en\/wp-json\/wp\/v2\/pages\/9841","targetHints":{"allow":["GET"]}}],"collection":[{"href":"https:\/\/encuentrometalurgia.com\/en\/wp-json\/wp\/v2\/pages"}],"about":[{"href":"https:\/\/encuentrometalurgia.com\/en\/wp-json\/wp\/v2\/types\/page"}],"author":[{"embeddable":true,"href":"https:\/\/encuentrometalurgia.com\/en\/wp-json\/wp\/v2\/users\/2"}],"replies":[{"embeddable":true,"href":"https:\/\/encuentrometalurgia.com\/en\/wp-json\/wp\/v2\/comments?post=9841"}],"version-history":[{"count":65,"href":"https:\/\/encuentrometalurgia.com\/en\/wp-json\/wp\/v2\/pages\/9841\/revisions"}],"predecessor-version":[{"id":15562,"href":"https:\/\/encuentrometalurgia.com\/en\/wp-json\/wp\/v2\/pages\/9841\/revisions\/15562"}],"wp:attachment":[{"href":"https:\/\/encuentrometalurgia.com\/en\/wp-json\/wp\/v2\/media?parent=9841"}],"curies":[{"name":"wp","href":"https:\/\/api.w.org\/{rel}","templated":true}]}}