{"id":989,"date":"2023-08-14T12:48:15","date_gmt":"2023-08-14T17:48:15","guid":{"rendered":"https:\/\/dev.encuentrometalurgia.com\/?page_id=989"},"modified":"2024-06-04T15:09:25","modified_gmt":"2024-06-04T20:09:25","slug":"convocatoria-de-papers","status":"publish","type":"page","link":"https:\/\/encuentrometalurgia.com\/en\/conminucion-2024\/convocatoria-de-papers\/","title":{"rendered":"convocatoria papers CONMINUCION 2024"},"content":{"rendered":"<div data-elementor-type=\"wp-page\" data-elementor-id=\"989\" class=\"elementor elementor-989\" data-elementor-post-type=\"page\">\n\t\t\t\t\t\t<section class=\"has_eae_slider elementor-section elementor-top-section elementor-element elementor-element-04c935c elementor-section-boxed elementor-section-height-default elementor-section-height-default\" data-eae-slider=\"62805\" data-id=\"04c935c\" data-element_type=\"section\" data-e-type=\"section\">\n\t\t\t\t\t\t<div class=\"elementor-container elementor-column-gap-default\">\n\t\t\t\t\t<div class=\"has_eae_slider elementor-column elementor-col-66 elementor-top-column elementor-element elementor-element-9a66cb7\" data-eae-slider=\"82119\" data-id=\"9a66cb7\" data-element_type=\"column\" data-e-type=\"column\">\n\t\t\t<div class=\"elementor-widget-wrap elementor-element-populated\">\n\t\t\t\t\t\t<div class=\"elementor-element elementor-element-103e9b1 elementor-widget elementor-widget-image\" data-id=\"103e9b1\" data-element_type=\"widget\" data-e-type=\"widget\" data-widget_type=\"image.default\">\n\t\t\t\t\t\t\t\t\t\t\t\t\t\t\t<img fetchpriority=\"high\" decoding=\"async\" width=\"1414\" height=\"2000\" src=\"https:\/\/encuentrometalurgia.com\/wp-content\/uploads\/2024\/04\/Convocatoria-de-TT-conminucion-1.png\" class=\"attachment-full size-full wp-image-6871\" alt=\"\" srcset=\"https:\/\/encuentrometalurgia.com\/wp-content\/uploads\/2024\/04\/Convocatoria-de-TT-conminucion-1.png 1414w, https:\/\/encuentrometalurgia.com\/wp-content\/uploads\/2024\/04\/Convocatoria-de-TT-conminucion-1-212x300.png 212w, https:\/\/encuentrometalurgia.com\/wp-content\/uploads\/2024\/04\/Convocatoria-de-TT-conminucion-1-724x1024.png 724w, https:\/\/encuentrometalurgia.com\/wp-content\/uploads\/2024\/04\/Convocatoria-de-TT-conminucion-1-768x1086.png 768w, https:\/\/encuentrometalurgia.com\/wp-content\/uploads\/2024\/04\/Convocatoria-de-TT-conminucion-1-1086x1536.png 1086w, https:\/\/encuentrometalurgia.com\/wp-content\/uploads\/2024\/04\/Convocatoria-de-TT-conminucion-1-8x12.png 8w\" sizes=\"(max-width: 1414px) 100vw, 1414px\" \/>\t\t\t\t\t\t\t\t\t\t\t\t\t\t\t<\/div>\n\t\t\t\t\t<\/div>\n\t\t<\/div>\n\t\t\t\t<div class=\"has_eae_slider elementor-column elementor-col-33 elementor-top-column elementor-element elementor-element-2bc6f34\" data-eae-slider=\"10771\" data-id=\"2bc6f34\" data-element_type=\"column\" data-e-type=\"column\">\n\t\t\t<div class=\"elementor-widget-wrap elementor-element-populated\">\n\t\t\t\t\t\t<section class=\"has_eae_slider elementor-section elementor-inner-section elementor-element elementor-element-ad7a8d2 elementor-section-boxed elementor-section-height-default elementor-section-height-default\" data-eae-slider=\"45842\" data-id=\"ad7a8d2\" data-element_type=\"section\" data-e-type=\"section\">\n\t\t\t\t\t\t<div class=\"elementor-container elementor-column-gap-default\">\n\t\t\t\t\t<div class=\"has_eae_slider elementor-column elementor-col-100 elementor-inner-column elementor-element elementor-element-f5f534e\" data-eae-slider=\"43802\" data-id=\"f5f534e\" data-element_type=\"column\" data-e-type=\"column\">\n\t\t\t<div class=\"elementor-widget-wrap elementor-element-populated\">\n\t\t\t\t\t\t<div class=\"elementor-element elementor-element-5665ee1 elementor-align-justify elementor-widget__width-initial elementor-widget elementor-widget-button\" data-id=\"5665ee1\" data-element_type=\"widget\" data-e-type=\"widget\" data-widget_type=\"button.default\">\n\t\t\t\t\t\t\t\t\t\t<a class=\"elementor-button elementor-button-link elementor-size-sm\" href=\"https:\/\/forms.gle\/UkqA2g6jJYwo96J89\" target=\"_blank\">\n\t\t\t\t\t\t<span class=\"elementor-button-content-wrapper\">\n\t\t\t\t\t\t\t\t\t<span class=\"elementor-button-text\">HERE SEND YOUR TECHNICAL ABSTRACT<\/span>\n\t\t\t\t\t<\/span>\n\t\t\t\t\t<\/a>\n\t\t\t\t\t\t\t\t<\/div>\n\t\t\t\t<div class=\"elementor-element elementor-element-7cbbbd2 elementor-align-justify elementor-widget__width-initial elementor-widget elementor-widget-button\" data-id=\"7cbbbd2\" data-element_type=\"widget\" data-e-type=\"widget\" data-widget_type=\"button.default\">\n\t\t\t\t\t\t\t\t\t\t<a class=\"elementor-button elementor-button-link elementor-size-sm\" href=\"https:\/\/encuentrometalurgia.com\/wp-content\/uploads\/2023\/12\/GUIA-_ABSTRACT-OFICIAL_INTERMET_-INGLES-5.docx\" target=\"_blank\">\n\t\t\t\t\t\t<span class=\"elementor-button-content-wrapper\">\n\t\t\t\t\t\t\t\t\t<span class=\"elementor-button-text\">ABSTRACT GUIDELINES<\/span>\n\t\t\t\t\t<\/span>\n\t\t\t\t\t<\/a>\n\t\t\t\t\t\t\t\t<\/div>\n\t\t\t\t\t<\/div>\n\t\t<\/div>\n\t\t\t\t\t<\/div>\n\t\t<\/section>\n\t\t\t\t<section class=\"has_eae_slider elementor-section elementor-inner-section elementor-element elementor-element-208eb94 elementor-section-boxed elementor-section-height-default elementor-section-height-default\" data-eae-slider=\"48681\" data-id=\"208eb94\" data-element_type=\"section\" data-e-type=\"section\">\n\t\t\t\t\t\t<div class=\"elementor-container elementor-column-gap-default\">\n\t\t\t\t\t<div class=\"has_eae_slider elementor-column elementor-col-100 elementor-inner-column elementor-element elementor-element-02ad5a7\" data-eae-slider=\"39869\" data-id=\"02ad5a7\" data-element_type=\"column\" data-e-type=\"column\">\n\t\t\t<div class=\"elementor-widget-wrap elementor-element-populated\">\n\t\t\t\t\t\t<div class=\"elementor-element elementor-element-98ddb08 elementor-widget elementor-widget-text-editor\" data-id=\"98ddb08\" data-element_type=\"widget\" data-e-type=\"widget\" data-widget_type=\"text-editor.default\">\n\t\t\t\t\t\t\t\t\t<h2 style=\"text-align: center;\"><span style=\"color: #993300;\"><strong>CALLING CLOSED<\/strong><\/span><\/h2>\t\t\t\t\t\t\t\t<\/div>\n\t\t\t\t\t<\/div>\n\t\t<\/div>\n\t\t\t\t\t<\/div>\n\t\t<\/section>\n\t\t\t\t\t<\/div>\n\t\t<\/div>\n\t\t\t\t\t<\/div>\n\t\t<\/section>\n\t\t\t\t<\/div>","protected":false},"excerpt":{"rendered":"<p>ENVIAR RESUMEN T\u00c9CNICO AQU\u00cd GU\u00cdA RESUMENES CONVOCATORIA CERRADA<\/p>","protected":false},"author":2,"featured_media":0,"parent":965,"menu_order":0,"comment_status":"closed","ping_status":"closed","template":"","meta":{"footnotes":""},"class_list":["post-989","page","type-page","status-publish","hentry"],"yoast_head":"<!-- This site is optimized with the Yoast SEO plugin v27.2 - https:\/\/yoast.com\/product\/yoast-seo-wordpress\/ -->\n<title>convocatoria papers CONMINUCION 2024 - EncuentroMetalurgia<\/title>\n<meta name=\"robots\" content=\"index, follow, max-snippet:-1, max-image-preview:large, max-video-preview:-1\" \/>\n<link rel=\"canonical\" href=\"https:\/\/encuentrometalurgia.com\/en\/conminucion-2024\/convocatoria-de-papers\/\" \/>\n<meta property=\"og:locale\" content=\"en_US\" \/>\n<meta property=\"og:type\" content=\"article\" \/>\n<meta property=\"og:title\" content=\"convocatoria papers CONMINUCION 2024 - EncuentroMetalurgia\" \/>\n<meta property=\"og:description\" content=\"ENVIAR RESUMEN T\u00c9CNICO AQU\u00cd GU\u00cdA RESUMENES CONVOCATORIA CERRADA\" \/>\n<meta property=\"og:url\" content=\"https:\/\/encuentrometalurgia.com\/en\/conminucion-2024\/convocatoria-de-papers\/\" \/>\n<meta property=\"og:site_name\" content=\"EncuentroMetalurgia\" \/>\n<meta property=\"article:publisher\" content=\"https:\/\/www.facebook.com\/InterMetPeru\/\" \/>\n<meta property=\"article:modified_time\" content=\"2024-06-04T20:09:25+00:00\" \/>\n<meta property=\"og:image\" content=\"https:\/\/encuentrometalurgia.com\/wp-content\/uploads\/2024\/04\/Convocatoria-de-TT-conminucion.png\" \/>\n<meta name=\"twitter:card\" content=\"summary_large_image\" \/>\n<meta name=\"twitter:label1\" content=\"Est. reading time\" \/>\n\t<meta name=\"twitter:data1\" content=\"1 minute\" \/>\n<script type=\"application\/ld+json\" class=\"yoast-schema-graph\">{\"@context\":\"https:\/\/schema.org\",\"@graph\":[{\"@type\":\"WebPage\",\"@id\":\"https:\/\/encuentrometalurgia.com\/conminucion-2024\/convocatoria-de-papers\/\",\"url\":\"https:\/\/encuentrometalurgia.com\/conminucion-2024\/convocatoria-de-papers\/\",\"name\":\"convocatoria papers CONMINUCION 2024 - EncuentroMetalurgia\",\"isPartOf\":{\"@id\":\"https:\/\/encuentrometalurgia.com\/#website\"},\"primaryImageOfPage\":{\"@id\":\"https:\/\/encuentrometalurgia.com\/conminucion-2024\/convocatoria-de-papers\/#primaryimage\"},\"image\":{\"@id\":\"https:\/\/encuentrometalurgia.com\/conminucion-2024\/convocatoria-de-papers\/#primaryimage\"},\"thumbnailUrl\":\"https:\/\/encuentrometalurgia.com\/wp-content\/uploads\/2024\/04\/Convocatoria-de-TT-conminucion.png\",\"datePublished\":\"2023-08-14T17:48:15+00:00\",\"dateModified\":\"2024-06-04T20:09:25+00:00\",\"breadcrumb\":{\"@id\":\"https:\/\/encuentrometalurgia.com\/conminucion-2024\/convocatoria-de-papers\/#breadcrumb\"},\"inLanguage\":\"en-US\",\"potentialAction\":[{\"@type\":\"ReadAction\",\"target\":[\"https:\/\/encuentrometalurgia.com\/conminucion-2024\/convocatoria-de-papers\/\"]}]},{\"@type\":\"ImageObject\",\"inLanguage\":\"en-US\",\"@id\":\"https:\/\/encuentrometalurgia.com\/conminucion-2024\/convocatoria-de-papers\/#primaryimage\",\"url\":\"https:\/\/encuentrometalurgia.com\/wp-content\/uploads\/2024\/04\/Convocatoria-de-TT-conminucion.png\",\"contentUrl\":\"https:\/\/encuentrometalurgia.com\/wp-content\/uploads\/2024\/04\/Convocatoria-de-TT-conminucion.png\"},{\"@type\":\"BreadcrumbList\",\"@id\":\"https:\/\/encuentrometalurgia.com\/conminucion-2024\/convocatoria-de-papers\/#breadcrumb\",\"itemListElement\":[{\"@type\":\"ListItem\",\"position\":1,\"name\":\"Portada\",\"item\":\"https:\/\/encuentrometalurgia.com\/\"},{\"@type\":\"ListItem\",\"position\":2,\"name\":\"Conminucion 2024\",\"item\":\"https:\/\/encuentrometalurgia.com\/conminucion-2024\/\"},{\"@type\":\"ListItem\",\"position\":3,\"name\":\"convocatoria papers CONMINUCION 2024\"}]},{\"@type\":\"WebSite\",\"@id\":\"https:\/\/encuentrometalurgia.com\/#website\",\"url\":\"https:\/\/encuentrometalurgia.com\/\",\"name\":\"EncuentroMetalurgia\",\"description\":\"\",\"publisher\":{\"@id\":\"https:\/\/encuentrometalurgia.com\/#organization\"},\"potentialAction\":[{\"@type\":\"SearchAction\",\"target\":{\"@type\":\"EntryPoint\",\"urlTemplate\":\"https:\/\/encuentrometalurgia.com\/?s={search_term_string}\"},\"query-input\":{\"@type\":\"PropertyValueSpecification\",\"valueRequired\":true,\"valueName\":\"search_term_string\"}}],\"inLanguage\":\"en-US\"},{\"@type\":\"Organization\",\"@id\":\"https:\/\/encuentrometalurgia.com\/#organization\",\"name\":\"InterMet\",\"url\":\"https:\/\/encuentrometalurgia.com\/\",\"logo\":{\"@type\":\"ImageObject\",\"inLanguage\":\"en-US\",\"@id\":\"https:\/\/encuentrometalurgia.com\/#\/schema\/logo\/image\/\",\"url\":\"https:\/\/encuentrometalurgia.com\/wp-content\/uploads\/2023\/07\/INTERMET-LOGO-BLANCO.png\",\"contentUrl\":\"https:\/\/encuentrometalurgia.com\/wp-content\/uploads\/2023\/07\/INTERMET-LOGO-BLANCO.png\",\"width\":3508,\"height\":1188,\"caption\":\"InterMet\"},\"image\":{\"@id\":\"https:\/\/encuentrometalurgia.com\/#\/schema\/logo\/image\/\"},\"sameAs\":[\"https:\/\/www.facebook.com\/InterMetPeru\/\",\"https:\/\/www.youtube.com\/@intermetconsultoresmetalur7705\",\"https:\/\/www.linkedin.com\/in\/miningconferences\/?originalSubdomain=pe\"]}]}<\/script>\n<!-- \/ Yoast SEO plugin. -->","yoast_head_json":{"title":"convocatoria papers CONMINUCION 2024 - EncuentroMetalurgia","robots":{"index":"index","follow":"follow","max-snippet":"max-snippet:-1","max-image-preview":"max-image-preview:large","max-video-preview":"max-video-preview:-1"},"canonical":"https:\/\/encuentrometalurgia.com\/en\/conminucion-2024\/convocatoria-de-papers\/","og_locale":"en_US","og_type":"article","og_title":"convocatoria papers CONMINUCION 2024 - EncuentroMetalurgia","og_description":"ENVIAR RESUMEN T\u00c9CNICO AQU\u00cd GU\u00cdA RESUMENES CONVOCATORIA CERRADA","og_url":"https:\/\/encuentrometalurgia.com\/en\/conminucion-2024\/convocatoria-de-papers\/","og_site_name":"EncuentroMetalurgia","article_publisher":"https:\/\/www.facebook.com\/InterMetPeru\/","article_modified_time":"2024-06-04T20:09:25+00:00","og_image":[{"url":"https:\/\/encuentrometalurgia.com\/wp-content\/uploads\/2024\/04\/Convocatoria-de-TT-conminucion.png","type":"","width":"","height":""}],"twitter_card":"summary_large_image","twitter_misc":{"Est. reading time":"1 minute"},"schema":{"@context":"https:\/\/schema.org","@graph":[{"@type":"WebPage","@id":"https:\/\/encuentrometalurgia.com\/conminucion-2024\/convocatoria-de-papers\/","url":"https:\/\/encuentrometalurgia.com\/conminucion-2024\/convocatoria-de-papers\/","name":"convocatoria papers CONMINUCION 2024 - EncuentroMetalurgia","isPartOf":{"@id":"https:\/\/encuentrometalurgia.com\/#website"},"primaryImageOfPage":{"@id":"https:\/\/encuentrometalurgia.com\/conminucion-2024\/convocatoria-de-papers\/#primaryimage"},"image":{"@id":"https:\/\/encuentrometalurgia.com\/conminucion-2024\/convocatoria-de-papers\/#primaryimage"},"thumbnailUrl":"https:\/\/encuentrometalurgia.com\/wp-content\/uploads\/2024\/04\/Convocatoria-de-TT-conminucion.png","datePublished":"2023-08-14T17:48:15+00:00","dateModified":"2024-06-04T20:09:25+00:00","breadcrumb":{"@id":"https:\/\/encuentrometalurgia.com\/conminucion-2024\/convocatoria-de-papers\/#breadcrumb"},"inLanguage":"en-US","potentialAction":[{"@type":"ReadAction","target":["https:\/\/encuentrometalurgia.com\/conminucion-2024\/convocatoria-de-papers\/"]}]},{"@type":"ImageObject","inLanguage":"en-US","@id":"https:\/\/encuentrometalurgia.com\/conminucion-2024\/convocatoria-de-papers\/#primaryimage","url":"https:\/\/encuentrometalurgia.com\/wp-content\/uploads\/2024\/04\/Convocatoria-de-TT-conminucion.png","contentUrl":"https:\/\/encuentrometalurgia.com\/wp-content\/uploads\/2024\/04\/Convocatoria-de-TT-conminucion.png"},{"@type":"BreadcrumbList","@id":"https:\/\/encuentrometalurgia.com\/conminucion-2024\/convocatoria-de-papers\/#breadcrumb","itemListElement":[{"@type":"ListItem","position":1,"name":"Portada","item":"https:\/\/encuentrometalurgia.com\/"},{"@type":"ListItem","position":2,"name":"Conminucion 2024","item":"https:\/\/encuentrometalurgia.com\/conminucion-2024\/"},{"@type":"ListItem","position":3,"name":"convocatoria papers CONMINUCION 2024"}]},{"@type":"WebSite","@id":"https:\/\/encuentrometalurgia.com\/#website","url":"https:\/\/encuentrometalurgia.com\/","name":"EncuentroMetalurgia","description":"","publisher":{"@id":"https:\/\/encuentrometalurgia.com\/#organization"},"potentialAction":[{"@type":"SearchAction","target":{"@type":"EntryPoint","urlTemplate":"https:\/\/encuentrometalurgia.com\/?s={search_term_string}"},"query-input":{"@type":"PropertyValueSpecification","valueRequired":true,"valueName":"search_term_string"}}],"inLanguage":"en-US"},{"@type":"Organization","@id":"https:\/\/encuentrometalurgia.com\/#organization","name":"InterMet","url":"https:\/\/encuentrometalurgia.com\/","logo":{"@type":"ImageObject","inLanguage":"en-US","@id":"https:\/\/encuentrometalurgia.com\/#\/schema\/logo\/image\/","url":"https:\/\/encuentrometalurgia.com\/wp-content\/uploads\/2023\/07\/INTERMET-LOGO-BLANCO.png","contentUrl":"https:\/\/encuentrometalurgia.com\/wp-content\/uploads\/2023\/07\/INTERMET-LOGO-BLANCO.png","width":3508,"height":1188,"caption":"InterMet"},"image":{"@id":"https:\/\/encuentrometalurgia.com\/#\/schema\/logo\/image\/"},"sameAs":["https:\/\/www.facebook.com\/InterMetPeru\/","https:\/\/www.youtube.com\/@intermetconsultoresmetalur7705","https:\/\/www.linkedin.com\/in\/miningconferences\/?originalSubdomain=pe"]}]}},"_links":{"self":[{"href":"https:\/\/encuentrometalurgia.com\/en\/wp-json\/wp\/v2\/pages\/989","targetHints":{"allow":["GET"]}}],"collection":[{"href":"https:\/\/encuentrometalurgia.com\/en\/wp-json\/wp\/v2\/pages"}],"about":[{"href":"https:\/\/encuentrometalurgia.com\/en\/wp-json\/wp\/v2\/types\/page"}],"author":[{"embeddable":true,"href":"https:\/\/encuentrometalurgia.com\/en\/wp-json\/wp\/v2\/users\/2"}],"replies":[{"embeddable":true,"href":"https:\/\/encuentrometalurgia.com\/en\/wp-json\/wp\/v2\/comments?post=989"}],"version-history":[{"count":60,"href":"https:\/\/encuentrometalurgia.com\/en\/wp-json\/wp\/v2\/pages\/989\/revisions"}],"predecessor-version":[{"id":7551,"href":"https:\/\/encuentrometalurgia.com\/en\/wp-json\/wp\/v2\/pages\/989\/revisions\/7551"}],"up":[{"embeddable":true,"href":"https:\/\/encuentrometalurgia.com\/en\/wp-json\/wp\/v2\/pages\/965"}],"wp:attachment":[{"href":"https:\/\/encuentrometalurgia.com\/en\/wp-json\/wp\/v2\/media?parent=989"}],"curies":[{"name":"wp","href":"https:\/\/api.w.org\/{rel}","templated":true}]}}